{"id":112919,"date":"2021-09-25T20:43:52","date_gmt":"2021-09-25T18:43:53","guid":{"rendered":"https:\/\/shop.metal-badge.ch\/?post_type=product&#038;p=112919"},"modified":"2021-09-25T21:08:37","modified_gmt":"2021-09-25T19:08:37","slug":"faretra-rigida-per-immagini-canne-da-pesta-frecce-verde","status":"publish","type":"product","link":"https:\/\/metal-badge.ch\/it\/product\/112919\/faretra-rigida-per-immagini-canne-da-pesta-frecce-verde\/","title":{"rendered":"Faretra rigida per immagini, canne da pesta, frecce &#8211; verde"},"content":{"rendered":"<p><span style=\"font-weight: 400;\">Pratica faretra rigida per conservare e trasportare in maniera sicura immagini, frecce, canne da pesta ecc. Lunghezza telescopica regolabile da 58 cm a 107 cm. La faretra \u00e8 realizzata in plastica ed \u00e8 dotata di una chiusura a vite. Completamente impermeabile essa offre spazio per circa 15 frecce. Grazie dalla tracolla regolabile la faretra pu\u00f2 essere indossata a tracollo. Questa faretra rigida \u00e8 anche idonea al trasporto di poster, carte, immagini o canne da pesca. La faretra vi accompagner\u00e0 a meglio.&nbsp;<\/span><\/p>\n<p><b>Caratteristiche prodotto:<\/b><span style=\"font-weight: 400;\"><br \/>\n<\/span><\/p>\n<ul>\n<li><span style=\"font-weight: 400;\">Faretra telescopica per frecce, immagini, canne da pesca <\/span><span style=\"font-weight: 400;\"><br \/>\n<\/span><\/li>\n<li><span style=\"font-weight: 400;\">Tracolla regolabile<\/span><span style=\"font-weight: 400;\"><br \/>\n<\/span><\/li>\n<li><span style=\"font-weight: 400;\">Peso: 380 gr.<\/span><span style=\"font-weight: 400;\"><br \/>\n<\/span><\/li>\n<li><span style=\"font-weight: 400;\">Chiusura: tappo con chiusura a vite<\/span><span style=\"font-weight: 400;\"><br \/>\n<\/span><\/li>\n<li><span style=\"font-weight: 400;\">Colore: verde <\/span><span style=\"font-weight: 400;\"><br \/>\n<\/span><\/li>\n<li><span style=\"font-weight: 400;\">Materiale: polietilene, plastica<\/span><span style=\"font-weight: 400;\"><br \/>\n<\/span><\/li>\n<li><span style=\"font-weight: 400;\">Impermeabile <\/span><span style=\"font-weight: 400;\"><br \/>\n<\/span><\/li>\n<li><span style=\"font-weight: 400;\">Circonferenza: 8 cm<\/span><span style=\"font-weight: 400;\"><br \/>\n<\/span><\/li>\n<li><span style=\"font-weight: 400;\">Lunghezza minima: 58 cm <\/span><span style=\"font-weight: 400;\"><br \/>\n<\/span><\/li>\n<li><span style=\"font-weight: 400;\">Lunghezza massima: 107 cm <\/span><\/li>\n<\/ul>\n","protected":false},"excerpt":{"rendered":"<p><span style=\"font-weight: 400;\">Pratica faretra rigida per conservare e trasportare in maniera sicura immagini, frecce, canne da pesta ecc. Lunghezza telescopica regolabile da 58 cm a 107 cm. La faretra \u00e8 realizzata in plastica ed \u00e8 dotata di una chiusura a vite. Completamente impermeabile essa offre spazio per circa 15 frecce. Grazie dalla tracolla regolabile la faretra pu\u00f2 essere indossata a tracollo. <\/span><\/p>\n","protected":false},"featured_media":112923,"comment_status":"closed","ping_status":"closed","template":"","meta":{"inline_featured_image":false},"product_brand":[],"product_cat":[1348,1476],"product_tag":[1766],"class_list":{"0":"post-112919","1":"product","2":"type-product","3":"status-publish","4":"has-post-thumbnail","6":"product_cat-accessori-per-esercito-caccia","7":"product_cat-tiro-con-larco-balestra-cerbottana","8":"product_tag-sport-outdoor-it","10":"first","11":"instock","12":"taxable","13":"shipping-taxable","14":"purchasable","15":"product-type-simple"},"_links":{"self":[{"href":"https:\/\/metal-badge.ch\/it\/wp-json\/wp\/v2\/product\/112919","targetHints":{"allow":["GET"]}}],"collection":[{"href":"https:\/\/metal-badge.ch\/it\/wp-json\/wp\/v2\/product"}],"about":[{"href":"https:\/\/metal-badge.ch\/it\/wp-json\/wp\/v2\/types\/product"}],"replies":[{"embeddable":true,"href":"https:\/\/metal-badge.ch\/it\/wp-json\/wp\/v2\/comments?post=112919"}],"wp:featuredmedia":[{"embeddable":true,"href":"https:\/\/metal-badge.ch\/it\/wp-json\/wp\/v2\/media\/112923"}],"wp:attachment":[{"href":"https:\/\/metal-badge.ch\/it\/wp-json\/wp\/v2\/media?parent=112919"}],"wp:term":[{"taxonomy":"product_brand","embeddable":true,"href":"https:\/\/metal-badge.ch\/it\/wp-json\/wp\/v2\/product_brand?post=112919"},{"taxonomy":"product_cat","embeddable":true,"href":"https:\/\/metal-badge.ch\/it\/wp-json\/wp\/v2\/product_cat?post=112919"},{"taxonomy":"product_tag","embeddable":true,"href":"https:\/\/metal-badge.ch\/it\/wp-json\/wp\/v2\/product_tag?post=112919"}],"curies":[{"name":"wp","href":"https:\/\/api.w.org\/{rel}","templated":true}]}}