{"id":112607,"date":"2021-09-23T08:39:38","date_gmt":"2021-09-23T06:39:38","guid":{"rendered":"https:\/\/shop.metal-badge.ch\/product\/112607\/borsetta-in-neoprene-con-passante-per-cintura\/"},"modified":"2021-09-23T08:39:38","modified_gmt":"2021-09-23T06:39:38","slug":"borsetta-in-neoprene-con-passante-per-cintura","status":"publish","type":"product","link":"https:\/\/metal-badge.ch\/it\/product\/112607\/borsetta-in-neoprene-con-passante-per-cintura\/","title":{"rendered":"Borsetta in neoprene con passante per cintura"},"content":{"rendered":"<p><span style=\"font-weight: 400;\">Pratica borsetta in neoprene per coltellino o piccoli oggetti. La borsetta \u00e8 dotata di un passante in modo da poter essere rimossa dalla cintura tramite velcro e bottone a chiusura automatica. Inoltre sul passante c\u2019\u00e9 un moschettone in plastica che consente di fissarla sullo zaino o su un\u2018altra borsa. La chiusura \u00e8 assicurata da una calamita molto potente. Il neoprene si distingue per la sua leggerezza, elasticit\u00e0 e impermeabilit\u00e0.&nbsp;&nbsp;&nbsp;<\/span><\/p>\n<p><b>Informazioni prodotto:&nbsp;<\/b><\/p>\n<ul>\n<li><span style=\"font-weight: 400;\">Peso: 26 gr.&nbsp;<\/span><\/li>\n<li><span style=\"font-weight: 400;\">Colore: nero&nbsp;<\/span><\/li>\n<li><span style=\"font-weight: 400;\">Materiale: neoprene<\/span><\/li>\n<li><span style=\"font-weight: 400;\">Dimensioni: altezza 8.5 cm x larghezza 4.5 cm x 2.0 cm. <\/span><\/li>\n<\/ul>\n","protected":false},"excerpt":{"rendered":"<p><span style=\"font-weight: 400;\">Pratica borsetta in neoprene per coltellino o piccoli oggetti. La borsetta \u00e8 dotata di un passante in modo da poter essere rimossa dalla cintura tramite velcro e bottone a chiusura automatica. Inoltre sul passante c\u2019\u00e9 un moschettone in plastica che consente di fissarla sullo zaino o su un\u2018altra borsa. La chiusura \u00e8 assicurata da una calamita molto potente. Il neoprene si distingue per la sua leggerezza, elasticit\u00e0 e impermeabilit\u00e0. &nbsp;<\/span><\/p>\n","protected":false},"featured_media":112583,"comment_status":"closed","ping_status":"closed","template":"","meta":{"inline_featured_image":false},"product_brand":[],"product_cat":[888,1436,1036],"product_tag":[],"class_list":{"0":"post-112607","1":"product","2":"type-product","3":"status-publish","4":"has-post-thumbnail","6":"product_cat-accessori","7":"product_cat-campeggio-viaggio","8":"product_cat-coltelli-machete","10":"first","11":"instock","12":"taxable","13":"shipping-taxable","14":"purchasable","15":"product-type-simple"},"_links":{"self":[{"href":"https:\/\/metal-badge.ch\/it\/wp-json\/wp\/v2\/product\/112607","targetHints":{"allow":["GET"]}}],"collection":[{"href":"https:\/\/metal-badge.ch\/it\/wp-json\/wp\/v2\/product"}],"about":[{"href":"https:\/\/metal-badge.ch\/it\/wp-json\/wp\/v2\/types\/product"}],"replies":[{"embeddable":true,"href":"https:\/\/metal-badge.ch\/it\/wp-json\/wp\/v2\/comments?post=112607"}],"wp:featuredmedia":[{"embeddable":true,"href":"https:\/\/metal-badge.ch\/it\/wp-json\/wp\/v2\/media\/112583"}],"wp:attachment":[{"href":"https:\/\/metal-badge.ch\/it\/wp-json\/wp\/v2\/media?parent=112607"}],"wp:term":[{"taxonomy":"product_brand","embeddable":true,"href":"https:\/\/metal-badge.ch\/it\/wp-json\/wp\/v2\/product_brand?post=112607"},{"taxonomy":"product_cat","embeddable":true,"href":"https:\/\/metal-badge.ch\/it\/wp-json\/wp\/v2\/product_cat?post=112607"},{"taxonomy":"product_tag","embeddable":true,"href":"https:\/\/metal-badge.ch\/it\/wp-json\/wp\/v2\/product_tag?post=112607"}],"curies":[{"name":"wp","href":"https:\/\/api.w.org\/{rel}","templated":true}]}}