{"id":111760,"date":"2021-08-13T03:35:34","date_gmt":"2021-08-13T01:35:34","guid":{"rendered":"https:\/\/shop.metal-badge.ch\/product\/111760\/bilancia-digitale-per-valigia-da-50-kg-110-lb-con-display-lcd\/"},"modified":"2021-08-13T03:35:34","modified_gmt":"2021-08-13T01:35:34","slug":"bilancia-digitale-per-valigia-da-50-kg-110-lb-con-display-lcd","status":"publish","type":"product","link":"https:\/\/metal-badge.ch\/it\/product\/111760\/bilancia-digitale-per-valigia-da-50-kg-110-lb-con-display-lcd\/","title":{"rendered":"Bilancia digitale per valigia da 50 kg \/ 110 lb con display LCD"},"content":{"rendered":"<p><span style=\"font-weight: 400;\">La valigia \u00e8 pronta ma se ci si vuole assicurare che in aeroporto non si debba trasferirne il contenuto o pagare un sovrapprezzo conviene pesare esattamente la propria valigia. Chiaramente lo si pu\u00f2 fare mettendola sulla bilancia classica ma questa non \u00e8 precisa e la procedura non \u00e8 comoda. Una buona alternativa economica \u00e8 quella di utilizzare le nostre bilance digitali per valigie.&nbsp;<\/span><\/p>\n<p><b>Informazioni prodotto:&nbsp;<\/b><\/p>\n<ul>\n<li><span style=\"font-weight: 400;\">Bilancia digitale per bagagli WH-A14<\/span><\/li>\n<li><span style=\"font-weight: 400;\">Materiale: plastica&nbsp;<\/span><\/li>\n<li><span style=\"font-weight: 400;\">Colore: nero<\/span><\/li>\n<li><span style=\"font-weight: 400;\">Massimo peso:50 kg<\/span><\/li>\n<li><span style=\"font-weight: 400;\">Misurazione: 10 gr.<\/span><\/li>\n<li><span style=\"font-weight: 400;\">Ideale per quando si viaggia<\/span><\/li>\n<li><span style=\"font-weight: 400;\">Retro-illuminazione \/ funzione tara<\/span><\/li>\n<li><span style=\"font-weight: 400;\">Facile utilizzo<\/span><\/li>\n<li><span style=\"font-weight: 400;\">1x batteria piatta 3V CR 2032 inclusa nel volume di consegna<\/span><\/li>\n<li><span style=\"font-weight: 400;\">Display LCD illuminato<\/span><\/li>\n<li><span style=\"font-weight: 400;\">Spegnimento automatico<\/span><\/li>\n<li><span style=\"font-weight: 400;\">Indicatore di stato batteria<\/span><\/li>\n<li><span style=\"font-weight: 400;\">Indicatore batteria scarica e sovraccarico<\/span><\/li>\n<li><span style=\"font-weight: 400;\">Scelta kg\/lb<\/span><\/li>\n<li><span style=\"font-weight: 400;\">Manico ergonomico per pesare facilmente i bagagli<\/span><\/li>\n<li><span style=\"font-weight: 400;\">Facile da conservare grazie al design compatto<\/span><\/li>\n<li><span style=\"font-weight: 400;\">Elevata precisione di misurazione 10 gr.<\/span><\/li>\n<li><span style=\"font-weight: 400;\">Manico robusto con gancio in metallo<\/span><\/li>\n<li><span style=\"font-weight: 400;\">Peso: 90 gr. <\/span><\/li>\n<\/ul>\n","protected":false},"excerpt":{"rendered":"<p><span style=\"font-weight: 400;\">La valigia \u00e8 pronta ma se ci si vuole assicurare che in aeroporto non si debba trasferirne il contenuto o pagare un sovrapprezzo conviene pesare esattamente la propria valigia. Chiaramente lo si pu\u00f2 fare mettendola sulla bilancia classica ma questa non \u00e8 precisa e la procedura non \u00e8 comoda. Una buona alternativa economica \u00e8 quella di utilizzare le nostre bilance digitali per valigie.&nbsp;<\/span><\/p>\n","protected":false},"featured_media":111749,"comment_status":"closed","ping_status":"closed","template":"","meta":{"inline_featured_image":false},"product_brand":[],"product_cat":[888,1436],"product_tag":[1778],"class_list":{"0":"post-111760","1":"product","2":"type-product","3":"status-publish","4":"has-post-thumbnail","6":"product_cat-accessori","7":"product_cat-campeggio-viaggio","8":"product_tag-campeggio-viaggio","10":"first","11":"instock","12":"taxable","13":"shipping-taxable","14":"purchasable","15":"product-type-simple"},"_links":{"self":[{"href":"https:\/\/metal-badge.ch\/it\/wp-json\/wp\/v2\/product\/111760","targetHints":{"allow":["GET"]}}],"collection":[{"href":"https:\/\/metal-badge.ch\/it\/wp-json\/wp\/v2\/product"}],"about":[{"href":"https:\/\/metal-badge.ch\/it\/wp-json\/wp\/v2\/types\/product"}],"replies":[{"embeddable":true,"href":"https:\/\/metal-badge.ch\/it\/wp-json\/wp\/v2\/comments?post=111760"}],"wp:featuredmedia":[{"embeddable":true,"href":"https:\/\/metal-badge.ch\/it\/wp-json\/wp\/v2\/media\/111749"}],"wp:attachment":[{"href":"https:\/\/metal-badge.ch\/it\/wp-json\/wp\/v2\/media?parent=111760"}],"wp:term":[{"taxonomy":"product_brand","embeddable":true,"href":"https:\/\/metal-badge.ch\/it\/wp-json\/wp\/v2\/product_brand?post=111760"},{"taxonomy":"product_cat","embeddable":true,"href":"https:\/\/metal-badge.ch\/it\/wp-json\/wp\/v2\/product_cat?post=111760"},{"taxonomy":"product_tag","embeddable":true,"href":"https:\/\/metal-badge.ch\/it\/wp-json\/wp\/v2\/product_tag?post=111760"}],"curies":[{"name":"wp","href":"https:\/\/api.w.org\/{rel}","templated":true}]}}