{"id":111353,"date":"2021-08-07T08:08:53","date_gmt":"2021-08-07T06:08:53","guid":{"rendered":"https:\/\/shop.metal-badge.ch\/product\/111353\/fotocamera-4g-per-la-fauna-selvatica-con-gps\/"},"modified":"2022-12-21T16:45:36","modified_gmt":"2022-12-21T15:45:36","slug":"fotocamera-4g-per-la-fauna-selvatica-con-gps","status":"publish","type":"product","link":"https:\/\/metal-badge.ch\/it\/product\/111353\/fotocamera-4g-per-la-fauna-selvatica-con-gps\/","title":{"rendered":"Fotocamera 4G per la fauna selvatica con GPS"},"content":{"rendered":"<p><span style=\"font-weight: 400;\">Questa fotocamera per animali selvatici \u00e8 stata progettata appositamente per le elevate esigenze di osservazione della fauna selvatica e del monitoraggio. \u00c8 una fototrappola moderna e potente con modulo GPRS integrato, che consente di visualizzare foto e video via e-mail, FTP o MMS inviati tramite la velocissima rete 4G. Con un angolo di ripresa di 52 o 100 gradi a scelta, un tempo di rilascio di soli 0,35 secondi e un flash assolutamente invisibile la nostra fotocamera convince nell\u2019uso pratico. L\u2018angolo di ripresa di 52\u00b0 \u00e8 particolarmente adatto per la caccia e l\u2019osservazione della fauna selvatica. L\u2018angolo di ripresa di 100\u00b0 \u00e8 particolarmente adatto per il monitoraggio. Questa fotocamera wireless 4G \u00e8 particolarmente robusta (IP66) e impermeabile ed \u00e8 caratterizzata dall\u2019ottica mimetica molto discreta e facile da nascondere. La fotocamera \u00e8 senza blocco SIM e quindi non pu\u00f2 utilizzare qualsiasi carta SIM con volume di dati. &#8211; Sensor Il sensore a infrarossi \u00e8 un ulteriore sviluppo del sensore di movimento classico, nel caso in cui il vento forte causi errori di azionamento. Oltre al rilevatore di movimento, \u00e8 installato anche un sensore di calore, questa combinazione significa che ci sono significativamente meno false attivazioni nella pratica. Il tempo di attivazione \u00e8 di soli 0,35 secondi. I diodi a infrarossi offrono una buona illuminazione anche in completa oscurit\u00e0 fino a 20 metri e sono assolutamente a prova di selvaggina, nemmeno i cervi possono notare le nostre fototrappole. Il menu \u00e8 multilingue e un ampio display a colori garantisce un funzionamento intelligente.<\/span><\/p>\n<p><b>Informazioni prodotto:&nbsp;<\/b><\/p>\n<ul>\n<li><span style=\"font-weight: 400;\"> Modulo GPRS (e-mail, FTP, MMS)<\/span><\/li>\n<li><span style=\"font-weight: 400;\"> rete 4G molto veloce<\/span><\/li>\n<li><span style=\"font-weight: 400;\"> Modulo GPS<\/span><\/li>\n<li><span style=\"font-weight: 400;\"> maggiore campo di ripresa grazie all\u2019obiettivo grandangolare<\/span><\/li>\n<li><span style=\"font-weight: 400;\"> foto e video molto nitidi e dettagliati, di giorno e di notte<\/span><\/li>\n<li><span style=\"font-weight: 400;\"> trasferimento rapido di foto e video<\/span><\/li>\n<li><span style=\"font-weight: 400;\"> tempo di attivazione molto rapido di soli 0,35 secondi<\/span><\/li>\n<li><span style=\"font-weight: 400;\"> Sensore di movimento a infrarossi (movimento + calore) riduce gli errori<\/span><\/li>\n<li><span style=\"font-weight: 400;\"> L\u2019angolo di ripresa di 52\u00b0 \u00e8 particolarmente adatto per la caccia e l\u2019osservazione della fauna selvatica<\/span><\/li>\n<li><span style=\"font-weight: 400;\"> L\u2019angolo di ripresa di 100\u00b0 \u00e8 particolarmente adatto per il monitoraggio&nbsp;<\/span><\/li>\n<li><span style=\"font-weight: 400;\"> Flash assolutamente sicuro (anche per i cervi)<\/span><\/li>\n<li><span style=\"font-weight: 400;\"> Portata flash fino a 20 metri<\/span><\/li>\n<li><span style=\"font-weight: 400;\"> men\u00f9 tedesco e istruzioni per l\u2019uso<\/span><\/li>\n<li><span style=\"font-weight: 400;\"> 24 mega pixel<\/span><\/li>\n<li><span style=\"font-weight: 400;\"> Video Full HD (1080p 30fps) con registrazione audio<\/span><\/li>\n<li><span style=\"font-weight: 400;\"> 0,35 secondi di tempo di attivazione<\/span><\/li>\n<li><span style=\"font-weight: 400;\"> 57 Diodi a infrarossi (940 nm LED neri)<\/span><\/li>\n<li><span style=\"font-weight: 400;\"> I Diodi a infrarossi offrono un\u2019ottima illuminazione anche in condizioni di totale oscurit\u00e0 fino a 20 metri e sono assolutamente a prova di fauna selvatica, anche i cervi non percepiscono le nostre fototrappole.&nbsp;<\/span><\/li>\n<li><span style=\"font-weight: 400;\">Portata fino a 20 metri di illuminazione al buio<\/span><\/li>\n<li><span style=\"font-weight: 400;\">&nbsp;Angolo di ripresa 52\u00b0 o 100\u00b0<\/span><\/li>\n<li><span style=\"font-weight: 400;\">&nbsp;Sensori di movimento (movimento + calore)<\/span><\/li>\n<li><span style=\"font-weight: 400;\">Foto singola o di serie (fino a 5 foto)<\/span><\/li>\n<li><span style=\"font-weight: 400;\">&nbsp;Accesso remoto<\/span><\/li>\n<li><span style=\"font-weight: 400;\">Direttamente via e-mail o telefono con MMS 4G SMTP La funzione FTP consente alla fotocamera di inviare foto o video a 1-4 indirizzi e-mail o 1-4 telefoni cellulari preimpostati quando viene rilevato un movimento.<\/span><\/li>\n<li><span style=\"font-weight: 400;\">&nbsp;Possibilit\u00e0 di controllo remoto tramite SMS<br \/>\n<\/span><\/li>\n<li><span style=\"font-weight: 400;\">Schermo TFT da 2&#8243;<\/span><\/li>\n<li><span style=\"font-weight: 400;\">Grado di protezione IP 66<\/span><\/li>\n<li><span style=\"font-weight: 400;\">senza blocco SIM (utilizzabile con qualsiasi scheda SIM con volume dati)<\/span><\/li>\n<li><span style=\"font-weight: 400;\">supporta schede SD fino a 32 GB (incluse)<\/span><\/li>\n<li><span style=\"font-weight: 400;\">12 batterie AA Mignon (non incluse)&nbsp;<\/span><\/li>\n<li><span style=\"font-weight: 400;\">Protezione con password regolabile<\/span><\/li>\n<li><span style=\"font-weight: 400;\">Dimensioni: 148 x 117 x 78 mm<\/span><\/li>\n<li><span style=\"font-weight: 400;\">Peso: 430gr.<\/span><\/li>\n<\/ul>\n<p><span style=\"font-weight: 400;\">Oltre alla scheda SD da 32 GB, la fornitura include anche questo caricabatterie solare del valore di 78<\/span><\/p>\n","protected":false},"excerpt":{"rendered":"<p><span style=\"font-weight: 400;\">Questa fotocamera per animali selvatici \u00e8 stata progettata appositamente per le elevate esigenze di osservazione della fauna selvatica e del monitoraggio. \u00c8 una fototrappola moderna e potente con modulo GPRS integrato, che consente di visualizzare foto e video via e-mail, FTP o MMS inviati tramite la velocissima rete 4G. Con un angolo di ripresa di 52 o 100 gradi a scelta, un tempo di rilascio di soli 0,35 secondi e un flash assolutamente invisibile la nostra fotocamera convince nell\u2019uso pratico.<\/span><\/p>\n","protected":false},"featured_media":111302,"comment_status":"closed","ping_status":"closed","template":"","meta":{"inline_featured_image":false},"product_brand":[],"product_cat":[1711],"product_tag":[1774],"class_list":{"0":"post-111353","1":"product","2":"type-product","3":"status-publish","4":"has-post-thumbnail","6":"product_cat-fotocamere-dash-cams","7":"product_tag-caccia-pesca","9":"first","10":"instock","11":"taxable","12":"shipping-taxable","13":"purchasable","14":"product-type-simple"},"_links":{"self":[{"href":"https:\/\/metal-badge.ch\/it\/wp-json\/wp\/v2\/product\/111353","targetHints":{"allow":["GET"]}}],"collection":[{"href":"https:\/\/metal-badge.ch\/it\/wp-json\/wp\/v2\/product"}],"about":[{"href":"https:\/\/metal-badge.ch\/it\/wp-json\/wp\/v2\/types\/product"}],"replies":[{"embeddable":true,"href":"https:\/\/metal-badge.ch\/it\/wp-json\/wp\/v2\/comments?post=111353"}],"wp:featuredmedia":[{"embeddable":true,"href":"https:\/\/metal-badge.ch\/it\/wp-json\/wp\/v2\/media\/111302"}],"wp:attachment":[{"href":"https:\/\/metal-badge.ch\/it\/wp-json\/wp\/v2\/media?parent=111353"}],"wp:term":[{"taxonomy":"product_brand","embeddable":true,"href":"https:\/\/metal-badge.ch\/it\/wp-json\/wp\/v2\/product_brand?post=111353"},{"taxonomy":"product_cat","embeddable":true,"href":"https:\/\/metal-badge.ch\/it\/wp-json\/wp\/v2\/product_cat?post=111353"},{"taxonomy":"product_tag","embeddable":true,"href":"https:\/\/metal-badge.ch\/it\/wp-json\/wp\/v2\/product_tag?post=111353"}],"curies":[{"name":"wp","href":"https:\/\/api.w.org\/{rel}","templated":true}]}}