{"id":111007,"date":"2021-08-04T04:20:23","date_gmt":"2021-08-04T02:20:23","guid":{"rendered":"https:\/\/shop.metal-badge.ch\/product\/111007\/pannello-solare-con-batteria-integrata-per-telecamere-naturalistiche-e-altri-dispositivi-elettronici-a-12v\/"},"modified":"2021-08-15T00:47:59","modified_gmt":"2021-08-14T22:47:59","slug":"pannello-solare-con-batteria-integrata-per-telecamere-naturalistiche-e-altri-dispositivi-elettronici-a-12v","status":"publish","type":"product","link":"https:\/\/metal-badge.ch\/it\/product\/111007\/pannello-solare-con-batteria-integrata-per-telecamere-naturalistiche-e-altri-dispositivi-elettronici-a-12v\/","title":{"rendered":"Pannello solare con batteria integrata per telecamere naturalistiche e altri dispositivi elettronici a 12V"},"content":{"rendered":"<p><b>Alimentazione permanente per la vostra fauna selvatica e telecamere di sorveglianza<\/b><\/p>\n<p><span style=\"font-weight: 400;\">Le telecamere per la fauna selvatica hanno un basso consumo energetico; tuttavia, le batterie devono essere sostituite dopo un certo periodo di tempo. Se la vostra videocamera per animali selvatici \u00e8 posizionata vicino a una presa, avete la possibilit\u00e0 di collegare la videocamera per animali selvatici a un alimentatore. Tuttavia, questo non \u00e8 possibile, soprattutto nei grandi spazi aperti.<\/span><\/p>\n<p><span style=\"font-weight: 400;\">Abbiamo il caricabatterie solare giusto per questo caso. Offre una fornitura di energia completamente indipendente, indipendentemente dal fatto che la fotocamera venga posizionata in giardino o nella foresta. Il funzionamento permanente pu\u00f2 essere reso possibile con il pannello solare.<\/span><\/p>\n<p><span style=\"font-weight: 400;\">La luce solare viene convertita in energia elettrica nelle celle solari. Poich\u00e9 viene prodotta pi\u00f9 elettricit\u00e0 di quella necessaria alla fotocamera, \u00e8 stata installata una batteria in cui viene immagazzinata l\u2019energia. La batteria si scarica di notte. Ci\u00f2 garantisce un monitoraggio completo anche al buio.<\/span><\/p>\n<p><b>Facoltativo al momento dell\u2019applicazione:<\/b><\/p>\n<p><span style=\"font-weight: 400;\">Il pannello solare pu\u00f2 essere fissato a superfici piane con il supporto in dotazione. Il braccio del supporto \u00e8 flessibile, che consente di allineare la superficie fotovoltaica al sole. Inoltre, il caricatore solare ha filettature sul lato inferiore e posteriore a cui \u00e8 possibile avvitare i comuni treppiedi. Questo offre ancora pi\u00f9 opzioni per posizionare il caricabatterie solare.<\/span><\/p>\n<p><span style=\"font-weight: 400;\">Se la telecamera per la fauna selvatica \u00e8 appesa in un luogo dove c\u2019\u00e8 poca luce solare, il dispositivo solare pu\u00f2 ancora essere utilizzato. Grazie al cavo di collegamento lungo 5 metri, potete scegliere un punto soleggiato per il caricabatterie solare.<\/span><b>&nbsp;<\/b><\/p>\n<p><b>Pu\u00f2 essere utilizzato anche per altre fotocamere e dispositivi per la fauna selvatica<\/b><\/p>\n<p><span style=\"font-weight: 400;\">Il caricabatterie solare \u00e8 compatibile con tutti i modelli di smart cam. Potete anche usarlo per qualsiasi altro dispositivo a 12 V con un connettore cilindrico adatto (diametro esterno 4 mm + diametro interno 1,7 mm).<\/span><\/p>\n<p><b>Informazioni prodotto:&nbsp;<\/b><\/p>\n<ul>\n<li><span style=\"font-weight: 400;\">Batteria agli ioni di litio incorporata: 2 * 18650, 1600 mAH<\/span><\/li>\n<li><span style=\"font-weight: 400;\">Potenza massima in uscita del modulo solare: 2W<\/span><\/li>\n<li><span style=\"font-weight: 400;\">Tensione di uscita: 12V<\/span><\/li>\n<li><span style=\"font-weight: 400;\">Corrente di uscita massima: 1600mA<\/span><\/li>\n<li><span style=\"font-weight: 400;\">Attacco: cinghia \/ treppiede<\/span><\/li>\n<li><span style=\"font-weight: 400;\">Facile da usare<\/span><\/li>\n<li><span style=\"font-weight: 400;\">Impermeabile: IP54<\/span><\/li>\n<li><span style=\"font-weight: 400;\">Facoltativo al momento dell\u2019applicazione:<\/span><\/li>\n<li><span style=\"font-weight: 400;\">Temperatura di esercizio: -30 ~ 70 \u00b0 C<\/span><\/li>\n<li><span style=\"font-weight: 400;\">Umidit\u00e0 di esercizio: 5-95%.<\/span><\/li>\n<li><span style=\"font-weight: 400;\">3-4 ore per caricare completamente con corrente continua<\/span><\/li>\n<li><span style=\"font-weight: 400;\">Abbastanza per 6000 immagini notturne con il LED IR acceso<\/span><\/li>\n<li><span style=\"font-weight: 400;\">Profondit\u00e0: 0,03 m, larghezza: 0,14 m, altezza: 0,155 m &#8211; Batteria integrata agli ioni di litio da 1500 mAh &#8211; Compatibile anche con altri dispositivi con un\u2019adeguata connessione a 12 volt- Protetto secondo IP54 &#8211; A prova di polvere e schizzi &#8211; I giunti mobili della staffa permettono l\u2019allineamento del pannello verso il sole &#8211; inclusa la staffa per l\u2019allineamento<\/span><\/li>\n<li><span style=\"font-weight: 400;\">Peso. 380 gr.&nbsp;<\/span><\/li>\n<li><span style=\"font-weight: 400;\">Dimensioni: 141 mm x 158 mm x 29 mm<\/span><\/li>\n<li><span style=\"font-weight: 400;\">Fornitura: pannello solare con cinghia \/ treppiede, piede \/ cavo di collegamento \/ spina<\/span><\/li>\n<\/ul>\n","protected":false},"excerpt":{"rendered":"<p><b>Alimentazione permanente per la vostra fauna selvatica e telecamere di sorveglianza<\/b><\/p>\n<p><span style=\"font-weight: 400;\">Le telecamere per la fauna selvatica hanno un basso consumo energetico; tuttavia, le batterie devono essere sostituite dopo un certo periodo di tempo. Se la vostra videocamera per animali selvatici \u00e8 posizionata vicino a una presa, avete la possibilit\u00e0 di collegare la videocamera per animali selvatici a un alimentatore. Tuttavia, questo non \u00e8 possibile, soprattutto nei grandi spazi aperti.<\/span><\/p>\n","protected":false},"featured_media":110982,"comment_status":"closed","ping_status":"closed","template":"","meta":{"inline_featured_image":false},"product_brand":[],"product_cat":[1711],"product_tag":[1774],"class_list":{"0":"post-111007","1":"product","2":"type-product","3":"status-publish","4":"has-post-thumbnail","6":"product_cat-fotocamere-dash-cams","7":"product_tag-caccia-pesca","9":"first","10":"instock","11":"taxable","12":"shipping-taxable","13":"purchasable","14":"product-type-simple"},"_links":{"self":[{"href":"https:\/\/metal-badge.ch\/it\/wp-json\/wp\/v2\/product\/111007","targetHints":{"allow":["GET"]}}],"collection":[{"href":"https:\/\/metal-badge.ch\/it\/wp-json\/wp\/v2\/product"}],"about":[{"href":"https:\/\/metal-badge.ch\/it\/wp-json\/wp\/v2\/types\/product"}],"replies":[{"embeddable":true,"href":"https:\/\/metal-badge.ch\/it\/wp-json\/wp\/v2\/comments?post=111007"}],"wp:featuredmedia":[{"embeddable":true,"href":"https:\/\/metal-badge.ch\/it\/wp-json\/wp\/v2\/media\/110982"}],"wp:attachment":[{"href":"https:\/\/metal-badge.ch\/it\/wp-json\/wp\/v2\/media?parent=111007"}],"wp:term":[{"taxonomy":"product_brand","embeddable":true,"href":"https:\/\/metal-badge.ch\/it\/wp-json\/wp\/v2\/product_brand?post=111007"},{"taxonomy":"product_cat","embeddable":true,"href":"https:\/\/metal-badge.ch\/it\/wp-json\/wp\/v2\/product_cat?post=111007"},{"taxonomy":"product_tag","embeddable":true,"href":"https:\/\/metal-badge.ch\/it\/wp-json\/wp\/v2\/product_tag?post=111007"}],"curies":[{"name":"wp","href":"https:\/\/api.w.org\/{rel}","templated":true}]}}