{"id":110915,"date":"2021-07-31T22:06:15","date_gmt":"2021-07-31T20:06:15","guid":{"rendered":"https:\/\/shop.metal-badge.ch\/?post_type=product&#038;p=110915"},"modified":"2025-12-14T17:34:38","modified_gmt":"2025-12-14T16:34:38","slug":"cassaforte-biometrica-per-pistola-cassaforte-per-impronte-digitali-os500k","status":"publish","type":"product","link":"https:\/\/metal-badge.ch\/it\/product\/110915\/cassaforte-biometrica-per-pistola-cassaforte-per-impronte-digitali-os500k\/","title":{"rendered":"Cassaforte biometrica per pistola \/ cassaforte per impronte digitali OS500K"},"content":{"rendered":"<p><span style=\"font-weight: 400;\">Questa cassaforte per pistola biometrica offre un accesso facile e veloce alla vostra pistola. Tutto ci\u00f2 di cui avete bisogno, per aprire la cassaforte, \u00e8 la vostra impronta digitale. Non dovete pi\u00f9 cercare chiavi o inserire codici.<\/span><\/p>\n<p><span style=\"font-weight: 400;\">Questa cassaforte con scanner di impronte digitali protegge documenti importanti, gioielli, contanti, armi, ecc., in modo affidabile come nessun\u2019altra cassaforte.<\/span><\/p>\n<p><span style=\"font-weight: 400;\">Tenete i vostri oggetti di valore al sicuro da ladri o altre persone non autorizzate. Senza l\u2019impronta digitale corretta, nessuno pu\u00f2 accedere al contenuto della cassaforte.&nbsp;<\/span><\/p>\n<p><span style=\"font-weight: 400;\">Non avete pi\u00f9 bisogno di ricordare un numero di sicurezza o portare con voi una chiave, l\u2019impronta digitale \u00e8 sufficiente &#8211; ma questa cassaforte \u00e8 pi\u00f9 sicura di qualsiasi altra! Ogni persona ha un\u2019impronta digitale individuale, solo le persone le cui impronte digitali sono state salvate in anticipo possono aprire la cassaforte. Basta posizionare il dito sullo scanner e la cassaforte si apre in meno di un secondo.<\/span><\/p>\n<p><b>Informazioni prodotto:<\/b><\/p>\n<ul>\n<li><span style=\"font-weight: 400;\">Robusta cassaforte in acciaio con lettore di impronte digitali OS500K<\/span><\/li>\n<li><span style=\"font-weight: 400;\">La cassaforte pu\u00f2 essere collegata anche ad altri oggetti e fissata tramite un cavo in acciaio lungo 100 cm, sia in casa sui mobili che in macchina sul sedile.<\/span><\/li>\n<li><span style=\"font-weight: 400;\">La cassaforte memorizza fino a 120 impronte digitali.<\/span><\/li>\n<li><span style=\"font-weight: 400;\">Proteggete i vostri oggetti di valore a casa, in macchina, in ufficio o in hotel.<\/span><\/li>\n<li><span style=\"font-weight: 400;\">Maneggevole.<\/span><\/li>\n<li><span style=\"font-weight: 400;\">Colore nero<\/span><\/li>\n<li><span style=\"font-weight: 400;\">Peso: 2200 gr Senza batterie<\/span><\/li>\n<li><span style=\"font-weight: 400;\">Risoluzione biometrica: 500 DPI<\/span><\/li>\n<li><span style=\"font-weight: 400;\">Tempo di riconoscimento delle impronte digitali: meno di 1 secondo<\/span><\/li>\n<li><span style=\"font-weight: 400;\">Probabilit\u00e0 di rifiuto se l\u2019impronta digitale \u00e8 corretta: max 0,01%<\/span><\/li>\n<li><span style=\"font-weight: 400;\">Probabilit\u00e0 che un\u2019impronta digitale errata porti all\u2019apertura: max 0,0001%<\/span><\/li>\n<li><span style=\"font-weight: 400;\">Alimentazione: 4 batterie AA (non incluse)<\/span><\/li>\n<li><span style=\"font-weight: 400;\">Dimensioni: 270 x 189 x 50 (mm)<\/span><\/li>\n<li><span style=\"font-weight: 400;\">Quando le batterie sono scariche, la scatola pu\u00f2 essere aperta con la chiave di emergenza.<\/span><\/li>\n<li><span style=\"font-weight: 400;\">Le impronte salvate non vengono perse quando si cambia la batteria.<\/span><\/li>\n<li><span style=\"font-weight: 400;\">Allarme di bassa tensione della batteria<\/span><\/li>\n<li><span style=\"font-weight: 400;\">La fornitura include 2 chiavi di emergenza, si prega di tenerle sempre fuori dalla cassetta.<\/span><\/li>\n<li><span style=\"font-weight: 400;\">Cavo di sicurezza in corda d\u2019acciaio incluso, resistente al carico fino a 681 kg.<\/span><\/li>\n<\/ul>\n<p><b>Caratteristiche<\/b><\/p>\n<p><span style=\"font-weight: 400;\">Sbloccare con le impronte digitali o le chiavi in baule. Le batterie sono necessarie per la scansione delle impronte digitali.<\/span><\/p>\n","protected":false},"excerpt":{"rendered":"<p><span style=\"font-weight: 400;\">Questa cassaforte per pistola biometrica offre un accesso facile e veloce alla vostra pistola. Tutto ci\u00f2 di cui avete bisogno, per aprire la cassaforte, \u00e8 la vostra impronta digitale. Non dovete pi\u00f9 cercare chiavi o inserire codici.<\/span><\/p>\n","protected":false},"featured_media":110919,"comment_status":"closed","ping_status":"closed","template":"","meta":{"inline_featured_image":false},"product_brand":[],"product_cat":[1436,2555],"product_tag":[1782],"class_list":{"0":"post-110915","1":"product","2":"type-product","3":"status-publish","4":"has-post-thumbnail","6":"product_cat-campeggio-viaggio","7":"product_cat-pistola-sicura-lucchetti-sicuro","8":"product_tag-polizia-sicurezza","10":"first","11":"instock","12":"taxable","13":"shipping-taxable","14":"purchasable","15":"product-type-simple"},"_links":{"self":[{"href":"https:\/\/metal-badge.ch\/it\/wp-json\/wp\/v2\/product\/110915","targetHints":{"allow":["GET"]}}],"collection":[{"href":"https:\/\/metal-badge.ch\/it\/wp-json\/wp\/v2\/product"}],"about":[{"href":"https:\/\/metal-badge.ch\/it\/wp-json\/wp\/v2\/types\/product"}],"replies":[{"embeddable":true,"href":"https:\/\/metal-badge.ch\/it\/wp-json\/wp\/v2\/comments?post=110915"}],"wp:featuredmedia":[{"embeddable":true,"href":"https:\/\/metal-badge.ch\/it\/wp-json\/wp\/v2\/media\/110919"}],"wp:attachment":[{"href":"https:\/\/metal-badge.ch\/it\/wp-json\/wp\/v2\/media?parent=110915"}],"wp:term":[{"taxonomy":"product_brand","embeddable":true,"href":"https:\/\/metal-badge.ch\/it\/wp-json\/wp\/v2\/product_brand?post=110915"},{"taxonomy":"product_cat","embeddable":true,"href":"https:\/\/metal-badge.ch\/it\/wp-json\/wp\/v2\/product_cat?post=110915"},{"taxonomy":"product_tag","embeddable":true,"href":"https:\/\/metal-badge.ch\/it\/wp-json\/wp\/v2\/product_tag?post=110915"}],"curies":[{"name":"wp","href":"https:\/\/api.w.org\/{rel}","templated":true}]}}