{"id":110786,"date":"2021-07-31T15:45:20","date_gmt":"2021-07-31T13:45:20","guid":{"rendered":"https:\/\/shop.metal-badge.ch\/product\/110786\/cassaforte-biometrica-per-pistola-cassaforte-per-impronte-digitali-os100c\/"},"modified":"2023-06-19T21:12:52","modified_gmt":"2023-06-19T19:12:52","slug":"cassaforte-digitale-per-armi-corte-cassetta-di-sicurezza-os-100c","status":"publish","type":"product","link":"https:\/\/metal-badge.ch\/it\/product\/110786\/cassaforte-digitale-per-armi-corte-cassetta-di-sicurezza-os-100c\/","title":{"rendered":"Cassaforte digitale per armi corte \/ cassetta di sicurezza OS 100C"},"content":{"rendered":"<p><span style=\"font-weight: 400;\">Questa cassaforte digitale per armi consente di accedere rapidamente e facilmente alla Vostra arma.&nbsp;Tutto ci\u00f2 di cui avete bisogno \u00e8 una combinazione di numeri per aprire la cassaforte.&nbsp;Non sar\u00e0 pi\u00f9 necessario cercare sempre le chiavi.&nbsp;<\/span><\/p>\n<p><span style=\"font-weight: 400;\">Questa cassetta di sicurezza con combinazione numerica a Vostra scelta protegge documenti importanti, gioielli, contanti, armi, ecc., in modo affidabile come nessun&#8217;altro nascondiglio. Mantienete i vostri oggetti di valore al sicuro da ladri o altre persone non autorizzate. Senza la giusta combinazione di numeri, nessuno potr\u00e0 accedere al contenuto di questa cassetta di sicurezza. La combinazione di numeri pu\u00f2 essere cambiata a piacimento dopo aver aperto la cassaforte. In caso di emergenza, la cassetta pu\u00f2 essere aperta tramite una chiave. Potrete conservare la chiave in un altro posto.&nbsp;<\/span><\/p>\n<p><b>Informazioni prodotto:<\/b><\/p>\n<ul>\n<li style=\"font-weight: 400;\" aria-level=\"1\"><span style=\"font-weight: 400;\">Robusta cassetta in acciaio con combinazione di numeri OS100C<\/span><\/li>\n<li style=\"font-weight: 400;\" aria-level=\"1\"><span style=\"font-weight: 400;\">Tramite un cavo d&#8217;acciaio lungo 100 cm, la cassetta pu\u00f2 anche essere collegata e fissata ad altri oggetti, sia a casa che sui mobili o in auto sul sedile.<\/span><\/li>\n<li style=\"font-weight: 400;\" aria-level=\"1\"><span style=\"font-weight: 400;\">La cassaforte memorizza fino a 5 combinazioni di numeri.<\/span><\/li>\n<li style=\"font-weight: 400;\" aria-level=\"1\"><span style=\"font-weight: 400;\">Proteggete i vostri oggetti di valore a casa, in auto, in ufficio o in hotel.&nbsp;<\/span><\/li>\n<li style=\"font-weight: 400;\" aria-level=\"1\"><span style=\"font-weight: 400;\">Facilit\u00e0 di utilizzo.&nbsp;<\/span><\/li>\n<li style=\"font-weight: 400;\" aria-level=\"1\"><span style=\"font-weight: 400;\">Colore: nero<\/span><\/li>\n<li style=\"font-weight: 400;\" aria-level=\"1\"><span style=\"font-weight: 400;\">Peso: 1550 gr. senza batterie<\/span><\/li>\n<li style=\"font-weight: 400;\" aria-level=\"1\"><span style=\"font-weight: 400;\">Alimentazione: 4 batterie AA (non incluse)<\/span><\/li>\n<li style=\"font-weight: 400;\" aria-level=\"1\"><span style=\"font-weight: 400;\">Dimensioni: 270 * 189 * 50 (mm)<\/span><\/li>\n<li style=\"font-weight: 400;\" aria-level=\"1\"><span style=\"font-weight: 400;\">Quando le batterie sono scariche, la cassetta pu\u00f2 essere aperta tramite la chiave di emergenza.<\/span><\/li>\n<li style=\"font-weight: 400;\" aria-level=\"1\"><span style=\"font-weight: 400;\">La combinazione di numeri memorizzati non viene persa durante la sostituzione della batteria.<\/span><\/li>\n<li style=\"font-weight: 400;\" aria-level=\"1\"><span style=\"font-weight: 400;\">Nella volume di consegna sono presenti 2 chiavi di emergenza, tenetele sempre fuori dalla cassetta.<\/span><\/li>\n<li style=\"font-weight: 400;\" aria-level=\"1\"><span style=\"font-weight: 400;\">Cavo di sicurezza in Acciaio incluso, resistente ai carichi fino a 681 kg.<\/span><\/li>\n<\/ul>\n<p><b>Caratteristiche<\/b><\/p>\n<p><span style=\"font-weight: 400;\">Apribile tramite combinazione di numeri o le chiavi in dotazione. Le batterie sono necessarie per la scansione dell&#8217;impronta digitale.<\/span><\/p>\n","protected":false},"excerpt":{"rendered":"<p><span style=\"font-weight: 400;\">Questa cassaforte digitale per armi consente di accedere rapidamente e facilmente alla Vostra arma.&nbsp;Tutto ci\u00f2 di cui avete bisogno \u00e8 una combinazione di numeri per aprire la cassaforte.&nbsp;Non sar\u00e0 pi\u00f9 necessario cercare sempre le chiavi.&nbsp;<\/span><\/p>\n<p><span style=\"font-weight: 400;\">Questa cassetta di sicurezza con combinazione numerica a Vostra scelta protegge documenti importanti, gioielli, contanti, armi, ecc., in modo affidabile come nessun&#8217;altro nascondiglio. Mantienete i vostri oggetti di valore al sicuro da ladri o altre persone non autorizzate. Senza la giusta combinazione di numeri, nessuno potr\u00e0 accedere al contenuto di questa cassetta di sicurezza. La combinazione di numeri pu\u00f2 essere cambiata a piacimento dopo aver aperto la cassaforte. In caso di emergenza, la cassetta pu\u00f2 essere aperta tramite una chiave. Potrete conservare la chiave in un altro posto.&nbsp;<\/span><\/p>\n","protected":false},"featured_media":110747,"comment_status":"closed","ping_status":"closed","template":"","meta":{"inline_featured_image":false},"product_brand":[],"product_cat":[1436],"product_tag":[1782],"class_list":{"0":"post-110786","1":"product","2":"type-product","3":"status-publish","4":"has-post-thumbnail","6":"product_cat-campeggio-viaggio","7":"product_tag-polizia-sicurezza","9":"first","10":"instock","11":"taxable","12":"shipping-taxable","13":"purchasable","14":"product-type-simple"},"_links":{"self":[{"href":"https:\/\/metal-badge.ch\/it\/wp-json\/wp\/v2\/product\/110786","targetHints":{"allow":["GET"]}}],"collection":[{"href":"https:\/\/metal-badge.ch\/it\/wp-json\/wp\/v2\/product"}],"about":[{"href":"https:\/\/metal-badge.ch\/it\/wp-json\/wp\/v2\/types\/product"}],"replies":[{"embeddable":true,"href":"https:\/\/metal-badge.ch\/it\/wp-json\/wp\/v2\/comments?post=110786"}],"wp:featuredmedia":[{"embeddable":true,"href":"https:\/\/metal-badge.ch\/it\/wp-json\/wp\/v2\/media\/110747"}],"wp:attachment":[{"href":"https:\/\/metal-badge.ch\/it\/wp-json\/wp\/v2\/media?parent=110786"}],"wp:term":[{"taxonomy":"product_brand","embeddable":true,"href":"https:\/\/metal-badge.ch\/it\/wp-json\/wp\/v2\/product_brand?post=110786"},{"taxonomy":"product_cat","embeddable":true,"href":"https:\/\/metal-badge.ch\/it\/wp-json\/wp\/v2\/product_cat?post=110786"},{"taxonomy":"product_tag","embeddable":true,"href":"https:\/\/metal-badge.ch\/it\/wp-json\/wp\/v2\/product_tag?post=110786"}],"curies":[{"name":"wp","href":"https:\/\/api.w.org\/{rel}","templated":true}]}}