{"id":110526,"date":"2021-07-28T08:34:50","date_gmt":"2021-07-28T06:34:50","guid":{"rendered":"https:\/\/shop.metal-badge.ch\/product\/110526\/scatola-antifurto-per-fotocamera-da-caccia\/"},"modified":"2021-08-15T01:10:56","modified_gmt":"2021-08-14T23:10:56","slug":"scatola-antifurto-per-fotocamera-da-caccia","status":"publish","type":"product","link":"https:\/\/metal-badge.ch\/it\/product\/110526\/scatola-antifurto-per-fotocamera-da-caccia\/","title":{"rendered":"Scatola antifurto per fotocamera da caccia"},"content":{"rendered":"<p><span style=\"font-weight: 400;\">Proteggete la vostra fotocamera per la fauna selvatica con la scatola antifurto. Questa robusta scatola in acciaio verniciato a polvere \u00e8 per tutte le comuni videocamere da caccia con o senza antenna. Il coperchio anteriore pu\u00f2 essere ripiegato. Pu\u00f2 essere fissato con un lucchetto nella parte superiore.&nbsp;<\/span><\/p>\n<p><b>Informazioni prodotto:<\/b><\/p>\n<ul>\n<li><span style=\"font-weight: 400;\">Peso: 960gr.<\/span><\/li>\n<li><span style=\"font-weight: 400;\">Materiale: acciaio verniciato a polvere<\/span><\/li>\n<li><span style=\"font-weight: 400;\">Colore: marrone scuro<\/span><\/li>\n<li><span style=\"font-weight: 400;\">Dimensioni interne: altezza 15 cm \/ larghezza 13,6 cm \/ profondit\u00e0 8 cm<\/span><\/li>\n<\/ul>\n","protected":false},"excerpt":{"rendered":"<p><span style=\"font-weight: 400;\">Proteggete la vostra fotocamera per la fauna selvatica con la scatola antifurto. Questa robusta scatola in acciaio verniciato a polvere \u00e8 per tutte le comuni videocamere da caccia con o senza antenna. Il coperchio anteriore pu\u00f2 essere ripiegato. Pu\u00f2 essere fissato con un lucchetto nella parte superiore.&nbsp;<\/span><\/p>\n","protected":false},"featured_media":110491,"comment_status":"closed","ping_status":"closed","template":"","meta":{"inline_featured_image":false},"product_brand":[],"product_cat":[1711],"product_tag":[1774],"class_list":{"0":"post-110526","1":"product","2":"type-product","3":"status-publish","4":"has-post-thumbnail","6":"product_cat-fotocamere-dash-cams","7":"product_tag-caccia-pesca","9":"first","10":"instock","11":"taxable","12":"shipping-taxable","13":"purchasable","14":"product-type-simple"},"_links":{"self":[{"href":"https:\/\/metal-badge.ch\/it\/wp-json\/wp\/v2\/product\/110526","targetHints":{"allow":["GET"]}}],"collection":[{"href":"https:\/\/metal-badge.ch\/it\/wp-json\/wp\/v2\/product"}],"about":[{"href":"https:\/\/metal-badge.ch\/it\/wp-json\/wp\/v2\/types\/product"}],"replies":[{"embeddable":true,"href":"https:\/\/metal-badge.ch\/it\/wp-json\/wp\/v2\/comments?post=110526"}],"wp:featuredmedia":[{"embeddable":true,"href":"https:\/\/metal-badge.ch\/it\/wp-json\/wp\/v2\/media\/110491"}],"wp:attachment":[{"href":"https:\/\/metal-badge.ch\/it\/wp-json\/wp\/v2\/media?parent=110526"}],"wp:term":[{"taxonomy":"product_brand","embeddable":true,"href":"https:\/\/metal-badge.ch\/it\/wp-json\/wp\/v2\/product_brand?post=110526"},{"taxonomy":"product_cat","embeddable":true,"href":"https:\/\/metal-badge.ch\/it\/wp-json\/wp\/v2\/product_cat?post=110526"},{"taxonomy":"product_tag","embeddable":true,"href":"https:\/\/metal-badge.ch\/it\/wp-json\/wp\/v2\/product_tag?post=110526"}],"curies":[{"name":"wp","href":"https:\/\/api.w.org\/{rel}","templated":true}]}}