{"id":110371,"date":"2021-07-20T03:38:34","date_gmt":"2021-07-20T01:38:34","guid":{"rendered":"https:\/\/shop.metal-badge.ch\/product\/110371\/costume-da-bagno-uomo-mimetico\/"},"modified":"2021-07-20T03:51:22","modified_gmt":"2021-07-20T01:51:22","slug":"costume-da-bagno-uomo-mimetico","status":"publish","type":"product","link":"https:\/\/metal-badge.ch\/it\/product\/110371\/costume-da-bagno-uomo-mimetico\/","title":{"rendered":"Costume da bagno uomo mimetico"},"content":{"rendered":"<p><span style=\"font-weight: 400;\">Elegante motivo mimetico, elastico in vita con coulisse, tasche laterali con rete, slip interno elastico 10% elastan a rete VESTIBILIT\u00c0 \/ TAGLIO: VESTIBILIT\u00c0 REGOLARE &#8211; una vestibilit\u00e0 perfettamente normale, nessuna sorpresa. Questi pantaloncini da bagno facili da indossare offrono tutto ci\u00f2 che ci si aspetta da un costume da bagno: asciugatura rapida, materiale superiore, design mimetico fresco e gran parte dello stile estivo. Indipendentemente che si tratti di una piscina all&#8217;aperto in riva al lago o in vacanza al mare o in piscina: con questi costumi da bagno di alta qualit\u00e0 sei vestito fresco anche nelle giornate pi\u00f9 calde!<\/span><\/p>\n<p><span style=\"font-weight: 400;\">Impeccabile e di alta qualit\u00e0.<\/span><\/p>\n<p><b>Informazioni prodotto:&nbsp;<\/b><\/p>\n<ul>\n<li><span style=\"font-weight: 400;\">Descrizione: Costume da bagno mimetico&nbsp;<\/span><\/li>\n<li><span style=\"font-weight: 400;\">Tessuto esterno: 95% poliestere 5% spandex<\/span><\/li>\n<li><span style=\"font-weight: 400;\">Pantaloni interni: fodera in rete elastica<\/span><\/li>\n<li><span style=\"font-weight: 400;\">Due tasche con rete<\/span><\/li>\n<li><span style=\"font-weight: 400;\">Asciugatura rapida, leggera, traspirante<\/span><\/li>\n<li><span style=\"font-weight: 400;\">Peso: circa 195 gr.<\/span><\/li>\n<li><span style=\"font-weight: 400;\">Taglie: S, M, L, XL, XXL<\/span><\/li>\n<li><span style=\"font-weight: 400;\">Taglia dimensioni normali<\/span><\/li>\n<\/ul>\n<p><span style=\"font-weight: 400;\">Istruzioni per la cura: lavare in lavatrice a 30 \u00b0 C max nel programma delicato, non candeggiare, non asciugare in asciugatrice, stirare a bassa temperatura, non lavare a secco, asciugare sullo stendibiancheria.<\/span><\/p>\n","protected":false},"excerpt":{"rendered":"<p><span style=\"font-weight: 400;\">Elegante motivo mimetico, elastico in vita con coulisse, tasche laterali con rete, slip interno elastico 10% elastan a rete VESTIBILIT\u00c0 \/ TAGLIO: VESTIBILIT\u00c0 REGOLARE &#8211; una vestibilit\u00e0 perfettamente normale, nessuna sorpresa. Questi pantaloncini da bagno facili da indossare offrono tutto ci\u00f2 che ci si aspetta da un costume da bagno: asciugatura rapida, materiale superiore, design mimetico fresco e gran parte dello stile estivo. Indipendentemente che si tratti di una piscina all&#8217;aperto in riva al lago o in vacanza al mare o in piscina: con questi costumi da bagno di alta qualit\u00e0 sei vestito fresco anche nelle giornate pi\u00f9 calde!<\/span><\/p>\n","protected":false},"featured_media":110344,"comment_status":"closed","ping_status":"closed","template":"","meta":{"inline_featured_image":false},"product_brand":[],"product_cat":[1615],"product_tag":[],"class_list":{"0":"post-110371","1":"product","2":"type-product","3":"status-publish","4":"has-post-thumbnail","6":"product_cat-pantaloni-and-shorts","8":"first","9":"instock","10":"taxable","11":"shipping-taxable","12":"purchasable","13":"product-type-simple"},"_links":{"self":[{"href":"https:\/\/metal-badge.ch\/it\/wp-json\/wp\/v2\/product\/110371","targetHints":{"allow":["GET"]}}],"collection":[{"href":"https:\/\/metal-badge.ch\/it\/wp-json\/wp\/v2\/product"}],"about":[{"href":"https:\/\/metal-badge.ch\/it\/wp-json\/wp\/v2\/types\/product"}],"replies":[{"embeddable":true,"href":"https:\/\/metal-badge.ch\/it\/wp-json\/wp\/v2\/comments?post=110371"}],"wp:featuredmedia":[{"embeddable":true,"href":"https:\/\/metal-badge.ch\/it\/wp-json\/wp\/v2\/media\/110344"}],"wp:attachment":[{"href":"https:\/\/metal-badge.ch\/it\/wp-json\/wp\/v2\/media?parent=110371"}],"wp:term":[{"taxonomy":"product_brand","embeddable":true,"href":"https:\/\/metal-badge.ch\/it\/wp-json\/wp\/v2\/product_brand?post=110371"},{"taxonomy":"product_cat","embeddable":true,"href":"https:\/\/metal-badge.ch\/it\/wp-json\/wp\/v2\/product_cat?post=110371"},{"taxonomy":"product_tag","embeddable":true,"href":"https:\/\/metal-badge.ch\/it\/wp-json\/wp\/v2\/product_tag?post=110371"}],"curies":[{"name":"wp","href":"https:\/\/api.w.org\/{rel}","templated":true}]}}