{"id":108902,"date":"2021-07-11T04:04:17","date_gmt":"2021-07-11T02:04:17","guid":{"rendered":"https:\/\/shop.metal-badge.ch\/product\/108902\/zaino-blu-scuro-multifunzione\/"},"modified":"2024-12-04T00:14:40","modified_gmt":"2024-12-03T23:14:40","slug":"zaino-blu-scuro-multifunzione","status":"publish","type":"product","link":"https:\/\/metal-badge.ch\/it\/product\/108902\/zaino-blu-scuro-multifunzione\/","title":{"rendered":"Zaino blu scuro multifunzione"},"content":{"rendered":"<p><span style=\"font-weight: 400;\">Sia per attivit\u00e0 outdoor che per la scuola questo zaino risponde a qualsiasi chiamata grazie alle sue tante funzioni. Zaino multifunzionale in poliestere, accesso impermeabile con presa USB incorporata, cavetto e foro per cuffia con cavetto. Bretelle ergonomiche e regolabili, zona posteriore imbottita con airflow che garantisce un elevato comfort di indossaggio, due portabottiglie elastici laterali, scomparto imbottito per laptop, due ampie tasche con doppia cerniera. Catarifrangenti esterni, comodo e robusto manico.<\/span><\/p>\n<p><span style=\"font-weight: 400;\">Questo zaino \u00e8 ideale per escursioni giornaliere, passeggiate ed anche per un utilizzo giornaliero in citt\u00e0. Esso offre molto stivaggio grazie alle sue 3 tasche con cerniera. Lo zaino \u00e8 realizzato in poliestere ed in nylon all\u2019interno, esso \u00e8 impermeabile ed \u00e8 ideale per essere utilizzato per lunghi percorsi sotto la pioggia. Nel prezzo \u00e8 anche incluso un lucchetto a combinazione di numeri.<\/span><\/p>\n<p><b>Informazioni prodotto:&nbsp;<\/b><\/p>\n<ul>\n<li><span style=\"font-weight: 400;\">Modello: 1810-L blue&nbsp;<\/span><\/li>\n<li><span style=\"font-weight: 400;\">Peso: 750 gr.&nbsp;<\/span><\/li>\n<li><span style=\"font-weight: 400;\">Colore: blu<\/span><\/li>\n<li><span style=\"font-weight: 400;\">Dimensioni: altezza 50 \/ larghezza 31 \/ profondit\u00e0 21 cm<\/span><\/li>\n<li><span style=\"font-weight: 400;\">Con 3 ampie tasche a doppia cerniera&nbsp;<\/span><\/li>\n<li><span style=\"font-weight: 400;\">Nello scomparto esterno con cerniera ci sono diverse tasche RFID&nbsp;<\/span><\/li>\n<li><span style=\"font-weight: 400;\">Con presa e cavetto usb integrati e presa per cuffie con cavetto&nbsp;<\/span><\/li>\n<li><span style=\"font-weight: 400;\">Catarifrangenti e manico robusto<\/span><\/li>\n<li><span style=\"font-weight: 400;\">Capienza 27 litri&nbsp;<\/span><\/li>\n<li><span style=\"font-weight: 400;\">2x portabottiglie elastici laterali<\/span><\/li>\n<li><span style=\"font-weight: 400;\">Nel prezzo \u00e8 anche incluso un lucchetto a combinazione di numeri.<\/span><\/li>\n<\/ul>\n","protected":false},"excerpt":{"rendered":"<p><span style=\"font-weight: 400;\">Sia per attivit\u00e0 outdoor che per la scuola questo zaino risponde a qualsiasi chiamata grazie alle sue tante funzioni. Zaino multifunzionale in poliestere, accesso impermeabile con presa USB incorporata, cavetto e foro per cuffia con cavetto. Bretelle ergonomiche e regolabili, zona posteriore imbottita con airflow che garantisce un elevato comfort di indossaggio, due portabottiglie elastici laterali, scomparto imbottito per laptop, due ampie tasche con doppia cerniera. Catarifrangenti esterni, comodo e robusto manico.<\/span><\/p>\n","protected":false},"featured_media":108855,"comment_status":"closed","ping_status":"closed","template":"","meta":{"inline_featured_image":false},"product_brand":[],"product_cat":[1256],"product_tag":[],"class_list":{"0":"post-108902","1":"product","2":"type-product","3":"status-publish","4":"has-post-thumbnail","6":"product_cat-zaini-e-sistemi-per-bere","8":"first","9":"instock","10":"taxable","11":"shipping-taxable","12":"purchasable","13":"product-type-simple"},"_links":{"self":[{"href":"https:\/\/metal-badge.ch\/it\/wp-json\/wp\/v2\/product\/108902","targetHints":{"allow":["GET"]}}],"collection":[{"href":"https:\/\/metal-badge.ch\/it\/wp-json\/wp\/v2\/product"}],"about":[{"href":"https:\/\/metal-badge.ch\/it\/wp-json\/wp\/v2\/types\/product"}],"replies":[{"embeddable":true,"href":"https:\/\/metal-badge.ch\/it\/wp-json\/wp\/v2\/comments?post=108902"}],"wp:featuredmedia":[{"embeddable":true,"href":"https:\/\/metal-badge.ch\/it\/wp-json\/wp\/v2\/media\/108855"}],"wp:attachment":[{"href":"https:\/\/metal-badge.ch\/it\/wp-json\/wp\/v2\/media?parent=108902"}],"wp:term":[{"taxonomy":"product_brand","embeddable":true,"href":"https:\/\/metal-badge.ch\/it\/wp-json\/wp\/v2\/product_brand?post=108902"},{"taxonomy":"product_cat","embeddable":true,"href":"https:\/\/metal-badge.ch\/it\/wp-json\/wp\/v2\/product_cat?post=108902"},{"taxonomy":"product_tag","embeddable":true,"href":"https:\/\/metal-badge.ch\/it\/wp-json\/wp\/v2\/product_tag?post=108902"}],"curies":[{"name":"wp","href":"https:\/\/api.w.org\/{rel}","templated":true}]}}