{"id":108451,"date":"2021-07-05T07:53:26","date_gmt":"2021-07-05T05:53:26","guid":{"rendered":"https:\/\/shop.metal-badge.ch\/product\/108451\/ascender-bloccante-per-mancini-e-destrimani\/"},"modified":"2021-07-05T07:53:26","modified_gmt":"2021-07-05T05:53:26","slug":"ascender-bloccante-per-mancini-e-destrimani","status":"publish","type":"product","link":"https:\/\/metal-badge.ch\/it\/product\/108451\/ascender-bloccante-per-mancini-e-destrimani\/","title":{"rendered":"Ascender \u2013 bloccante per mancini e destrimani"},"content":{"rendered":"<p><span style=\"font-weight: 400;\">Per una comoda arrampicata con corda \u2013 l\u2019ascender della SUT ! Questo bloccante in alluminio offre grazie al suo meccanismo patentato di bloccaggio tutto quello che ci si aspetta da un bloccante stabile ed eclettico. Esso \u00e8 disponibile in due modelli per mancini e destrimani ed \u00e8 molto sicuro ed ergonomico grazie al manico gommato. Tramite una leva di sicurezza facile da manovrate l\u2019ascendere pu\u00f2 essere inserito velocemente sulla corda e grazie ai numerosi buchi pu\u00f2 essere fissato in vari modi tramite carabine \u2013 perfetto per i pi\u00f9 diversi utilizzi, sia per arrampicate alpine a pi\u00f9 corde, arrampicate industriali, sugli alberi per avventure bigwall o per interventi con corda fissa! Il modo pi\u00f9 effettivo per arrampicarsi con la corda.<\/span><\/p>\n<p><b>Informazioni prodotto:&nbsp;<\/b><\/p>\n<ul>\n<li><span style=\"font-weight: 400;\">Carico di rottura: 5 kN &nbsp; &nbsp; &nbsp; &nbsp; &nbsp; &nbsp; &nbsp; &nbsp; &nbsp; &nbsp; &nbsp; &nbsp; &nbsp; &nbsp; &nbsp; &nbsp; &nbsp; &nbsp; &nbsp; &nbsp; &nbsp; &nbsp; &nbsp; &nbsp; &nbsp; &nbsp; &nbsp; &nbsp; &nbsp; &nbsp; &nbsp; &nbsp; &nbsp; &nbsp; &nbsp; &nbsp; &nbsp; &nbsp; &nbsp; &nbsp; &nbsp; &nbsp; &nbsp; &nbsp; &nbsp; &nbsp; &nbsp; &nbsp; &nbsp; &nbsp; &nbsp; &nbsp; <\/span><\/li>\n<li><span style=\"font-weight: 400;\">Corde adatte: 8 mm &#8211; 13 mm&nbsp; &nbsp; &nbsp; &nbsp; &nbsp; &nbsp; &nbsp; &nbsp; &nbsp; &nbsp; &nbsp; &nbsp; &nbsp; &nbsp; &nbsp; &nbsp; &nbsp; &nbsp; &nbsp; &nbsp; &nbsp; &nbsp; &nbsp; &nbsp; &nbsp; &nbsp; &nbsp; &nbsp; &nbsp; &nbsp; &nbsp; &nbsp; &nbsp; &nbsp; &nbsp; &nbsp; &nbsp; &nbsp; &nbsp; &nbsp; &nbsp; &nbsp; &nbsp; <\/span><\/li>\n<li><span style=\"font-weight: 400;\">Peso: 240 gr.&nbsp; &nbsp; &nbsp; &nbsp; &nbsp; &nbsp; &nbsp; &nbsp; &nbsp; &nbsp; &nbsp; &nbsp; &nbsp; &nbsp; &nbsp; &nbsp; &nbsp; &nbsp; &nbsp; &nbsp; &nbsp; &nbsp; &nbsp; &nbsp; &nbsp; &nbsp; &nbsp; &nbsp; &nbsp; &nbsp; &nbsp; &nbsp; &nbsp; &nbsp; &nbsp; &nbsp; &nbsp; &nbsp; &nbsp; &nbsp; &nbsp; &nbsp; &nbsp; &nbsp; &nbsp; &nbsp; &nbsp; &nbsp; &nbsp; &nbsp; &nbsp; &nbsp; &nbsp; &nbsp; &nbsp; &nbsp; &nbsp; &nbsp; &nbsp; &nbsp; &nbsp; &nbsp; &nbsp; &nbsp; &nbsp; &nbsp; &nbsp; &nbsp; &nbsp; &nbsp; &nbsp; &nbsp; &nbsp; <\/span><\/li>\n<li><span style=\"font-weight: 400;\">Manico gommato &nbsp; &nbsp; &nbsp;<\/span><\/li>\n<li><span style=\"font-weight: 400;\">Colore arancione = mancini &nbsp; &nbsp; &nbsp; &nbsp; &nbsp; &nbsp; &nbsp; &nbsp; &nbsp; &nbsp; &nbsp; &nbsp; &nbsp; &nbsp; &nbsp; &nbsp; &nbsp; &nbsp; &nbsp; &nbsp; &nbsp; &nbsp; &nbsp; &nbsp; &nbsp; &nbsp; &nbsp; &nbsp; &nbsp; &nbsp; &nbsp; &nbsp; &nbsp; &nbsp; &nbsp; &nbsp; &nbsp; &nbsp; &nbsp; &nbsp; &nbsp; &nbsp; &nbsp; &nbsp; &nbsp; &nbsp; &nbsp; <\/span><\/li>\n<li><span style=\"font-weight: 400;\">Colore: blu = destrimani<\/span><span style=\"font-weight: 400;\"><br \/>\n<\/span><span style=\"font-weight: 400;\"><br \/>\n<\/span><\/li>\n<\/ul>\n","protected":false},"excerpt":{"rendered":"<p><span style=\"font-weight: 400;\">Per una comoda arrampicata con corda \u2013 l\u2019ascender della SUT ! Questo bloccante in alluminio offre grazie al suo meccanismo patentato di bloccaggio tutto quello che ci si aspetta da un bloccante stabile ed eclettico. Esso \u00e8 disponibile in due modelli per mancini e destrimani ed \u00e8 molto sicuro ed ergonomico grazie al manico gommato. Tramite una leva di sicurezza facile da manovrate l\u2019ascendere pu\u00f2 essere inserito velocemente sulla corda e grazie ai numerosi buchi pu\u00f2 essere fissato in vari modi tramite carabine \u2013 perfetto per i pi\u00f9 diversi utilizzi, sia per arrampicate alpine a pi\u00f9 corde, arrampicate industriali, sugli alberi per avventure bigwall o per interventi con corda fissa! Il modo pi\u00f9 effettivo per arrampicarsi con la corda.<\/span><\/p>\n","protected":false},"featured_media":108404,"comment_status":"closed","ping_status":"closed","template":"","meta":{"inline_featured_image":false},"product_brand":[],"product_cat":[1679],"product_tag":[1766],"class_list":{"0":"post-108451","1":"product","2":"type-product","3":"status-publish","4":"has-post-thumbnail","6":"product_cat-funi-sicurezza","7":"product_tag-sport-outdoor-it","9":"first","10":"instock","11":"taxable","12":"shipping-taxable","13":"purchasable","14":"product-type-simple"},"_links":{"self":[{"href":"https:\/\/metal-badge.ch\/it\/wp-json\/wp\/v2\/product\/108451","targetHints":{"allow":["GET"]}}],"collection":[{"href":"https:\/\/metal-badge.ch\/it\/wp-json\/wp\/v2\/product"}],"about":[{"href":"https:\/\/metal-badge.ch\/it\/wp-json\/wp\/v2\/types\/product"}],"replies":[{"embeddable":true,"href":"https:\/\/metal-badge.ch\/it\/wp-json\/wp\/v2\/comments?post=108451"}],"wp:featuredmedia":[{"embeddable":true,"href":"https:\/\/metal-badge.ch\/it\/wp-json\/wp\/v2\/media\/108404"}],"wp:attachment":[{"href":"https:\/\/metal-badge.ch\/it\/wp-json\/wp\/v2\/media?parent=108451"}],"wp:term":[{"taxonomy":"product_brand","embeddable":true,"href":"https:\/\/metal-badge.ch\/it\/wp-json\/wp\/v2\/product_brand?post=108451"},{"taxonomy":"product_cat","embeddable":true,"href":"https:\/\/metal-badge.ch\/it\/wp-json\/wp\/v2\/product_cat?post=108451"},{"taxonomy":"product_tag","embeddable":true,"href":"https:\/\/metal-badge.ch\/it\/wp-json\/wp\/v2\/product_tag?post=108451"}],"curies":[{"name":"wp","href":"https:\/\/api.w.org\/{rel}","templated":true}]}}