{"id":108082,"date":"2021-06-28T19:03:51","date_gmt":"2021-06-28T17:03:51","guid":{"rendered":"https:\/\/shop.metal-badge.ch\/product\/108082\/etilometro-rofeer\/"},"modified":"2021-06-28T19:03:51","modified_gmt":"2021-06-28T17:03:51","slug":"etilometro-rofeer","status":"publish","type":"product","link":"https:\/\/metal-badge.ch\/it\/product\/108082\/etilometro-rofeer\/","title":{"rendered":"Etilometro Rofeer"},"content":{"rendered":"<p><span style=\"font-weight: 400;\">Il cuore di questo etilometro della Rofeer \u00e8 un sensore semiconduttore. La precisione di misurazione ha una tolleranza di \u00b1 0,01\u2030.&nbsp;L\u2019etilometro colpisce per la sua elevata precisione di misurazione e per il suo intramontabile design moderno. L\u2019etilometro, con le sue dimensioni inferiori a quelle di un cellulare, \u00e8 compatto ed ergonomico.&nbsp;<\/span><\/p>\n<p><span style=\"font-weight: 400;\">L\u2019etilometro della Rofeer registra fino a 32 misurazioni e offre 6 diverse unit\u00e0 di misura tra cui scegliere. Le 6 unit\u00e0 di misura pi\u00f9 frequentemente utilizzate sono: (% BAC, \u2030 BAC, mg\/L, g\/L, mg\/100 ml, \u2030). Le ultime 32 misurazioni possono essere registrate. Il campo di misura di ogni unit\u00e0 va da 0 ~ 0,199% BAC, 0 ~ 1,999 \u2030 BAC, 0 ~ 1,999 g\/L, 0 ~ 0,999 mg\/100 ml, 0 ~ 1,999 \u2030.<\/span><\/p>\n<p><span style=\"font-weight: 400;\">Segnali acustici e differenziazione di colori: oltre ai risultati indicati pu\u00f2 essere attivato anche un segnale acustico e di colore. Il display si colorer\u00e0 di verde e verr\u00e0 emesso un segnale acustico se il risultato \u00e8 inferiore al valore di allerta.<\/span><\/p>\n<p><span style=\"font-weight: 400;\">Il display si colorer\u00e0 di giallo e verr\u00e0 emesso un segnale acustico \u201cDi\u201d se il risultato \u00e8 tra il valore di allerta ed un valore superiore.<\/span><\/p>\n<p><span style=\"font-weight: 400;\">Il display si colorer\u00e0 di rosso e verr\u00e0 emesso un segnale acustico di allarm se il risultato \u00e8 superiore il valore consentito.<\/span><\/p>\n<p><span style=\"font-weight: 400;\">Lo strumento si spegne automaticamente dopo un lungo tempo di non utilizzo. Inoltre esso \u00e8 dotato di un indicatore di temperatura.&nbsp;<\/span><\/p>\n<p><b>Informazioni prodotto:&nbsp;<\/b><\/p>\n<ul>\n<li><span style=\"font-weight: 400;\">Descrizione: Rofeer AMS012&nbsp;<\/span><\/li>\n<li><span style=\"font-weight: 400;\">Facile utilizzo<\/span><\/li>\n<li><span style=\"font-weight: 400;\">Batterie: 3 AAA&nbsp;<\/span><\/li>\n<li><span style=\"font-weight: 400;\">Bocchini: in vetro&nbsp;<\/span><\/li>\n<li><span style=\"font-weight: 400;\">Nel volume di consegna sono inclusi 20 bocchini<\/span><\/li>\n<li><span style=\"font-weight: 400;\">Nel volume di consegna \u00e8 anche incluso un fodero per l\u2019etilometro<\/span><\/li>\n<li><span style=\"font-weight: 400;\">Segnale di allarme<\/span><\/li>\n<li><span style=\"font-weight: 400;\">Spegnimento automatico<\/span><\/li>\n<li><span style=\"font-weight: 400;\">Display a LED blu<\/span><\/li>\n<li><span style=\"font-weight: 400;\">Indicatore di temperatura attuale&nbsp;<\/span><\/li>\n<li><span style=\"font-weight: 400;\">Dimensioni: larghezza 5.5cm x altezza 12cm x profondit\u00e0 2cm<\/span><\/li>\n<li><span style=\"font-weight: 400;\">Colore: nero&nbsp;<\/span><\/li>\n<\/ul>\n","protected":false},"excerpt":{"rendered":"<p><span style=\"font-weight: 400;\">Il cuore di questo etilometro della Rofeer \u00e8 un sensore semiconduttore. La precisione di misurazione ha una tolleranza di \u00b1 0,01\u2030.&nbsp;L\u2019etilometro colpisce per la sua elevata precisione di misurazione e per il suo intramontabile design moderno. L\u2019etilometro, con le sue dimensioni inferiori a quelle di un cellulare, \u00e8 compatto ed ergonomico.&nbsp;<\/span><\/p>\n","protected":false},"featured_media":108035,"comment_status":"closed","ping_status":"closed","template":"","meta":{"inline_featured_image":false},"product_brand":[],"product_cat":[888,1945],"product_tag":[1782,1794],"class_list":{"0":"post-108082","1":"product","2":"type-product","3":"status-publish","4":"has-post-thumbnail","6":"product_cat-accessori","7":"product_cat-organizzazioni-a-luce-blu-sicurezza","8":"product_tag-polizia-sicurezza","9":"product_tag-veicolo-strada","11":"first","12":"instock","13":"taxable","14":"shipping-taxable","15":"purchasable","16":"product-type-simple"},"_links":{"self":[{"href":"https:\/\/metal-badge.ch\/it\/wp-json\/wp\/v2\/product\/108082","targetHints":{"allow":["GET"]}}],"collection":[{"href":"https:\/\/metal-badge.ch\/it\/wp-json\/wp\/v2\/product"}],"about":[{"href":"https:\/\/metal-badge.ch\/it\/wp-json\/wp\/v2\/types\/product"}],"replies":[{"embeddable":true,"href":"https:\/\/metal-badge.ch\/it\/wp-json\/wp\/v2\/comments?post=108082"}],"wp:featuredmedia":[{"embeddable":true,"href":"https:\/\/metal-badge.ch\/it\/wp-json\/wp\/v2\/media\/108035"}],"wp:attachment":[{"href":"https:\/\/metal-badge.ch\/it\/wp-json\/wp\/v2\/media?parent=108082"}],"wp:term":[{"taxonomy":"product_brand","embeddable":true,"href":"https:\/\/metal-badge.ch\/it\/wp-json\/wp\/v2\/product_brand?post=108082"},{"taxonomy":"product_cat","embeddable":true,"href":"https:\/\/metal-badge.ch\/it\/wp-json\/wp\/v2\/product_cat?post=108082"},{"taxonomy":"product_tag","embeddable":true,"href":"https:\/\/metal-badge.ch\/it\/wp-json\/wp\/v2\/product_tag?post=108082"}],"curies":[{"name":"wp","href":"https:\/\/api.w.org\/{rel}","templated":true}]}}