{"id":107793,"date":"2021-06-26T08:43:59","date_gmt":"2021-06-26T06:43:59","guid":{"rendered":"https:\/\/shop.metal-badge.ch\/product\/107793\/supporto-per-cannocchiale-di-puntamento-da-30mm-o-cl24-0169\/"},"modified":"2021-06-26T08:43:59","modified_gmt":"2021-06-26T06:43:59","slug":"supporto-per-cannocchiale-di-puntamento-da-30mm-o-cl24-0169","status":"publish","type":"product","link":"https:\/\/metal-badge.ch\/it\/product\/107793\/supporto-per-cannocchiale-di-puntamento-da-30mm-o-cl24-0169\/","title":{"rendered":"Supporto per cannocchiale di puntamento da 30mm \u00d8 CL24-0169"},"content":{"rendered":"<p><span style=\"font-weight: 400;\">Livella per posizionare l\u2019ottica di mira:<\/span><\/p>\n<p><span style=\"font-weight: 400;\">Adatto: per tutti i cannocchiali di puntamento con un diametro da 30 mm a 35 mm&nbsp;<\/span><\/p>\n<p><b>Fissaggio del cannocchiale di puntamento<\/b><span style=\"font-weight: 400;\">&nbsp;<\/span><\/p>\n<p><span style=\"font-weight: 400;\">Dal momento che sono disponibili soltanto poche armi da tiro dotate di cannocchiale di puntamento (eccezioni ne sono forniture militari come il Steyr AUG, il SAR 21 ed il H&amp;K G36), \u00e8 necessario un supporto opzionale per fissare un cannocchiale di puntamento sull\u2019arma da tiro. Per la maggior parte delle armi \u00e8 disponibile un supporto per poter fissare un cannocchiale di puntamento a posteriori. Un tipico sistema di fissaggio per i cannocchiali di puntamento \u00e8 costituito da due parti: la base e gli anelli. Attraverso la scelta della giusta combinazione di base e per l\u2019arma e di anelli per il cannocchiale di puntamento si possono montare una serie di cannocchiali di puntamento che aumentano la polivalenza dell\u2019arma. C\u2019\u00e8 da tenere presente che per\u00f3 potrebbe essere difficile montare tali supporti. Se fosse cos\u00ec o se si tratta di un\u2019arma per le grandi distanze potrebbe essere che la zona di regolazione verticale sia minore di quanto necessario. Il problema pu\u00f2 per\u00f2 essere risolto utilizzando una base ed egli anelli adatti dal fissagio verticale. L\u2019angolatura tipica offerta dai produttori die supporti sono 20&#8242; e 30&#8242;.<\/span><span style=\"font-weight: 400;\">&nbsp;<\/span><\/p>\n<p><b>Supporti per il cannocchiale di puntamento \/anelli per il cannocchiale di puntamento<\/b><span style=\"font-weight: 400;\">, una specie di binario Weaver \u00e9 un sistema di fissaggio per il cannocchiale di puntamento, lampadine tattiche ed altri accessori sull\u2019arma, fucili, pistole e balestre. <\/span><span style=\"font-weight: 400;\"><br \/>\n<\/span><span style=\"font-weight: 400;\">Esso utilizza una serie di binari paralleli e diverse fessure perpendicolari.&nbsp;<\/span><\/p>\n<p><span style=\"font-weight: 400;\">I sistemi di fissaggio per cannocchiali di puntamento della Canis Latrans sono stati progettati per assicurare precisione, robustezza e una buona estetica di ogni cannocchiale di puntamento Canis Latrans. Potrete scegliere tra gli anelli e le basi in acciaio della serie S o in alluminio della serie A per i cannocchiali di puntamento della serie BLACK. Tutti hanno delle tolleranze incredibilmente ridotte.&nbsp;<\/span><\/p>\n<p><b>Base del cannocchiale di puntamento<\/b><span style=\"font-weight: 400;\"><br \/>\n<\/span><span style=\"font-weight: 400;\"><br \/>\n<\/span><span style=\"font-weight: 400;\">La base viene solitamente fissata sull\u2019arma con delle viti e spesso \u00e8 realizzata in modo da avere un profilo basso e da consentire l\u2019utilizzo della visiera in ferro quando non \u00e8 presente il cannocchiale di puntamento. Alcuni produttori offrono una base integrata nelle loro armi. Un esempio ne \u00e8 il Ruger Super Redhawk Revolver. I sistemi di fissaggio pi\u00f9 frequenti sono i binari da 3\/8 pollici (9,5 mm) e da 11&nbsp; (alcune volte chiamati anche fissaggio Tip-Off), su armi a percussione anulare o ad aria compressa si trova spesso la il binario Weaver ed il STANAG 2324 (MIL- STD-1913 (&#8220;Picatinny Rail&#8221;). Ruger utilizza principalmente un sistema proprio di base del cannocchiale di puntamento anche se sono disponibili degli adattatori per trasformare il Ruger in Weaver. Le basi dei cannocchiali di puntamento ed i loro sistemi di fissaggio vengono anche prodotti in Europa. Alcuni produttori specializzati offrono una variet\u00e0 di sistemi di fissaggio per molte armi. Molti produttori europei di armi hanno alcuni sistemi di fissaggio per cannocchiale di puntamento propri per le loro armi. Sako ad esempio ha un binario conico e Tikka utilizza un binario da 16 mm.<\/span><\/p>\n<p><b>Dimensioni degli anelli per il cannocchiale di puntamento<\/b> <span style=\"font-weight: 400;\"><br \/>\n<\/span><span style=\"font-weight: 400;\">Oltre ad essere necessario il giusto elemento per essere fissato alla base dell\u2019arma (ad esempio un binario Picatinny) ci vuole qualcosa per fissare il cannocchiale di puntamento stesso. Gli anelli sono il metodo pi\u00f9 diffuso e la dimensione degli anelli deve essere commisurata al cannocchiale. Cannocchiali con una canna ampia offrono pi\u00f9 spazio per un fissaggio dell\u2019affusto e consentono quindi di avere una maggiore regolazione in altezza.<\/span><\/p>\n<p><span style=\"font-weight: 400;\">I tre standard pi\u00f9 utilizzati sono:<\/span><span style=\"font-weight: 400;\"><br \/>\n<\/span><b>1 pollice (25,4 mm)<\/b><span style=\"font-weight: 400;\"> con bassi costi di produzione rispetto ai cannocchiali da 30-mm che per\u00f2 consentono una regolazione in altezza pi\u00f9 limitata rispetto a quelli da 30mm<\/span><span style=\"font-weight: 400;\"><br \/>\n<\/span><b>30 mm<\/b><span style=\"font-weight: 400;\">, oggi lo standard pi\u00f9 diffuso per cannocchiali e quindi con una maggiore offerta di sistemi di fissaggio <\/span><span style=\"font-weight: 400;\"><br \/>\n<\/span> <b>34 mm<\/b><span style=\"font-weight: 400;\">, un nuovo standard di dimensione per cannocchiali di puntamento tattici in cui \u00e8 necessario un ingrandimento maggiore di quello di un cannocchiale standard da 30 mm. <\/span><span style=\"font-weight: 400;\"><br \/>\n<\/span><span style=\"font-weight: 400;\">Alcuni standard comuni sono:<\/span><\/p>\n<p><b>0,75 pollici (19,05 mm)<\/b><span style=\"font-weight: 400;\">, visibile in alcuni modelli molto antichi [necessario menzionarli]*<\/span><span style=\"font-weight: 400;\"><br \/>\n<\/span><b>22 mm<\/b><span style=\"font-weight: 400;\"><br \/>\n<\/span><b>26 mm<\/b> <span style=\"font-weight: 400;\"><br \/>\n<\/span><b>35 mm<\/b><span style=\"font-weight: 400;\">, una dimensione rara soltanto presente su alcuni modelli attuali della Vortex e Leupold prodotti negli USA e su prodotti rumeni della IOR <\/span><span style=\"font-weight: 400;\"><br \/>\n<\/span><b>36 mm<\/b><span style=\"font-weight: 400;\">, solo su i nuovi cannocchiali della Zeiss e della Hensoldt<\/span><span style=\"font-weight: 400;\"><br \/>\n<\/span><b>40 mm<\/b><span style=\"font-weight: 400;\">, solo su alcuni cannocchiali della casa rumena IOR e sul nuovo cannocchiale Swarovski dS. Gli anelli sono anche disponibili in diverse altezze e materiali.<\/span><span style=\"font-weight: 400;\"><br \/>\n<\/span><span style=\"font-weight: 400;\">L\u2019altezza degli anelli viene scelta in modo che il cannocchiale sia posizionato sufficientemente in alto al fine di lasciare libera l\u2019arma e ad un\u2019altezza comoda per il tiratore.&nbsp;<\/span><\/p>\n<p><b>Fissaggio di una luce per l\u2019arma<\/b><span style=\"font-weight: 400;\">&nbsp;<\/span><\/p>\n<p><span style=\"font-weight: 400;\">Con gli anelli il tiratore pu\u00f2 anche fissare una luce sull\u2018arma.<\/span><span style=\"font-weight: 400;\">&nbsp;<\/span><\/p>\n<p><b>Anello per cannocchiale di puntamento da 30mm \u00d8&nbsp;<\/b><\/p>\n<p><span style=\"font-weight: 400;\">Livella per posizionare l\u2019ottica di mira:<\/span><\/p>\n<p><span style=\"font-weight: 400;\">Adatto: per tutti i cannocchiali di puntamento con un diametro da 30 mm a 35 mm&nbsp;<\/span><\/p>\n<p><b>Informazioni prodotto:&nbsp;<\/b><\/p>\n<ul>\n<li><span style=\"font-weight: 400;\">Modello: CL24-0169<\/span><\/li>\n<li><span style=\"font-weight: 400;\">Materiale: <\/span><span style=\"font-weight: 400;\">colate di acciaio<\/span><\/li>\n<li><span style=\"font-weight: 400;\">Finish &amp; rivestimento: anodica dura<\/span><span style=\"font-weight: 400;\"><br \/>\n<\/span><\/li>\n<li><span style=\"font-weight: 400;\">Colore: nero<\/span><span style=\"font-weight: 400;\"><br \/>\n<\/span><\/li>\n<li><span style=\"font-weight: 400;\">Lunghezza: 19.5 mm<\/span><span style=\"font-weight: 400;\"><br \/>\n<\/span><\/li>\n<li><span style=\"font-weight: 400;\">Larghetta: 45 mm<\/span><span style=\"font-weight: 400;\"><br \/>\n<\/span><\/li>\n<li><span style=\"font-weight: 400;\">Altezza della parte superiore: 32 mm<\/span><span style=\"font-weight: 400;\"><br \/>\n<\/span><\/li>\n<li><span style=\"font-weight: 400;\">Peso: 248 gr. \/ 2 pezzo<\/span><span style=\"font-weight: 400;\">&nbsp;<\/span><\/li>\n<li><span style=\"font-weight: 400;\">Impatto: 1000 G <\/span><span style=\"font-weight: 400;\"><br \/>\n<\/span><\/li>\n<li><span style=\"font-weight: 400;\">Diametro: 30 mm<\/span><span style=\"font-weight: 400;\"><br \/>\n<\/span><\/li>\n<li><span style=\"font-weight: 400;\">Binario: 21.2 mm<\/span><span style=\"font-weight: 400;\"><br \/>\n<\/span><\/li>\n<li><span style=\"font-weight: 400;\">Dispositivo di serraggio: smontaggio normale<\/span><span style=\"font-weight: 400;\">&nbsp;<\/span><\/li>\n<li><span style=\"font-weight: 400;\">Prezzo per una scatola con 2 pezzi con chiave&nbsp;<\/span><\/li>\n<\/ul>\n","protected":false},"excerpt":{"rendered":"<p><span style=\"font-weight: 400;\">Livella per posizionare l\u2019ottica di mira:<\/span><\/p>\n<p><span style=\"font-weight: 400;\">Adatto: per tutti i cannocchiali di puntamento con un diametro da 30 mm a 35 mm&nbsp;<\/span><\/p>\n<p><b>Fissaggio del cannocchiale di puntamento<\/b><span style=\"font-weight: 400;\">&nbsp;<\/span><\/p>\n<p><span style=\"font-weight: 400;\">Dal momento che sono disponibili soltanto poche armi da tiro dotate di cannocchiale di puntamento (eccezioni ne sono forniture militari come il Steyr AUG, il SAR 21 ed il H&amp;K G36), \u00e8 necessario un supporto opzionale per fissare un cannocchiale di puntamento sull\u2019arma da tiro. Per la maggior parte delle armi \u00e8 disponibile un supporto per poter fissare un cannocchiale di puntamento a posteriori. <\/span><\/p>\n","protected":false},"featured_media":107746,"comment_status":"closed","ping_status":"closed","template":"","meta":{"inline_featured_image":false},"product_brand":[],"product_cat":[1348,1440],"product_tag":[],"class_list":{"0":"post-107793","1":"product","2":"type-product","3":"status-publish","4":"has-post-thumbnail","6":"product_cat-accessori-per-esercito-caccia","7":"product_cat-mirini-telescopici-e-supporti","9":"first","10":"instock","11":"taxable","12":"shipping-taxable","13":"purchasable","14":"product-type-simple"},"_links":{"self":[{"href":"https:\/\/metal-badge.ch\/it\/wp-json\/wp\/v2\/product\/107793","targetHints":{"allow":["GET"]}}],"collection":[{"href":"https:\/\/metal-badge.ch\/it\/wp-json\/wp\/v2\/product"}],"about":[{"href":"https:\/\/metal-badge.ch\/it\/wp-json\/wp\/v2\/types\/product"}],"replies":[{"embeddable":true,"href":"https:\/\/metal-badge.ch\/it\/wp-json\/wp\/v2\/comments?post=107793"}],"wp:featuredmedia":[{"embeddable":true,"href":"https:\/\/metal-badge.ch\/it\/wp-json\/wp\/v2\/media\/107746"}],"wp:attachment":[{"href":"https:\/\/metal-badge.ch\/it\/wp-json\/wp\/v2\/media?parent=107793"}],"wp:term":[{"taxonomy":"product_brand","embeddable":true,"href":"https:\/\/metal-badge.ch\/it\/wp-json\/wp\/v2\/product_brand?post=107793"},{"taxonomy":"product_cat","embeddable":true,"href":"https:\/\/metal-badge.ch\/it\/wp-json\/wp\/v2\/product_cat?post=107793"},{"taxonomy":"product_tag","embeddable":true,"href":"https:\/\/metal-badge.ch\/it\/wp-json\/wp\/v2\/product_tag?post=107793"}],"curies":[{"name":"wp","href":"https:\/\/api.w.org\/{rel}","templated":true}]}}