{"id":107255,"date":"2021-06-15T08:11:50","date_gmt":"2021-06-15T06:11:50","guid":{"rendered":"https:\/\/shop.metal-badge.ch\/product\/107255\/telo-shelter-pensilina\/"},"modified":"2021-08-25T16:46:01","modified_gmt":"2021-08-25T14:46:01","slug":"telo-shelter-pensilina-colore-mimetico-sabbia","status":"publish","type":"product","link":"https:\/\/metal-badge.ch\/it\/product\/107255\/telo-shelter-pensilina-colore-mimetico-sabbia\/","title":{"rendered":"Telo-Shelter \/ pensilina &#8211; Colore mimetico sabbia"},"content":{"rendered":"<p><span style=\"font-weight: 400;\">Questo telo pesa appena 1065 gr. e con le sue dimensioni da 4.60 m x 4.20 m \u00e8 ideale come pensilina in campeggio o per le tende. Esso resiste anche in caso di pioggia battente. Il telo offre inoltre anche una protezione dal sole. Esso \u00e8 ultraleggero ed ha otto asole di fissaggio che possono essere tesi con il cordoncino da 3mm. Una serie di possibilit\u00e0 di utilizzo anche con le stecche da tenda che non sono per\u00f2 incluse nel volume di consegna. Il telo \u00e8 rivestito in PU argentato e ha una doppia cucitura. Un valido compagno per tutte le attivit\u00e0 outdoor. Nel volume di consegna sono inclusi anche sei picchetti in alluminio e sei cordoncini.&nbsp;&nbsp;&nbsp;&nbsp;&nbsp;&nbsp;<\/span><\/p>\n<p><b>Informazioni prodotto:<\/b><\/p>\n<ul>\n<li><span style=\"font-weight: 400;\">Pensilina \/ telo-shelter&nbsp;<\/span><\/li>\n<li><span style=\"font-weight: 400;\">Colore: mimetico sabbia<\/span><\/li>\n<li><span style=\"font-weight: 400;\">Peso: 1065 gr.con picchetti&nbsp;&nbsp;<\/span><\/li>\n<li><span style=\"font-weight: 400;\">Dimensioni. 4.60 m x 4.20 m&nbsp;<\/span><\/li>\n<li><span style=\"font-weight: 400;\">Dimensioni pacco: altezza 30 cm x 14 cm diametro<\/span><\/li>\n<li><span style=\"font-weight: 400;\">Materiale: poliestere taffeta 210 T rivestito in PU&nbsp;<\/span><\/li>\n<li><span style=\"font-weight: 400;\">100 % impermeabile<\/span><\/li>\n<li><span style=\"font-weight: 400;\">Ideale come pensilina o tettuccio, offre molto spazio&nbsp;<\/span><\/li>\n<li><span style=\"font-weight: 400;\">Nel prezzo sono inclusi&nbsp; 6 picchetti in alluminio da 16 cm&nbsp;<\/span><\/li>\n<li><span style=\"font-weight: 400;\">Inoltre ci sono 6 cordoncini per tendere il telo inclusi nel volme di consegna<\/span><\/li>\n<li><span style=\"font-weight: 400;\">Il telo ha 6 asole per il fissaggio&nbsp; <\/span><\/li>\n<\/ul>\n","protected":false},"excerpt":{"rendered":"<p><span style=\"font-weight: 400;\">Questo telo pesa appena 1065 gr. e con le sue dimensioni da 4.60 m x 4.20 m \u00e8 ideale come pensilina in campeggio o per le tende. Esso resiste anche in caso di pioggia battente. Il telo offre inoltre anche una protezione dal sole. Esso \u00e8 ultraleggero ed ha otto asole di fissaggio che possono essere tesi con il cordoncino da 3mm. Una serie di possibilit\u00e0 di utilizzo anche con le stecche da tenda che non sono per\u00f2 incluse nel volume di consegna. Il telo \u00e8 rivestito in PU argentato e ha una doppia cucitura. Un valido compagno per tutte le attivit\u00e0 outdoor. Nel volume di consegna sono inclusi anche sei picchetti in alluminio e sei cordoncini.&nbsp;&nbsp;&nbsp;&nbsp;&nbsp;&nbsp;<\/span><\/p>\n","protected":false},"featured_media":107236,"comment_status":"closed","ping_status":"closed","template":"","meta":{"inline_featured_image":false},"product_brand":[],"product_cat":[888,1436],"product_tag":[],"class_list":{"0":"post-107255","1":"product","2":"type-product","3":"status-publish","4":"has-post-thumbnail","6":"product_cat-accessori","7":"product_cat-campeggio-viaggio","9":"first","10":"instock","11":"taxable","12":"shipping-taxable","13":"purchasable","14":"product-type-simple"},"_links":{"self":[{"href":"https:\/\/metal-badge.ch\/it\/wp-json\/wp\/v2\/product\/107255","targetHints":{"allow":["GET"]}}],"collection":[{"href":"https:\/\/metal-badge.ch\/it\/wp-json\/wp\/v2\/product"}],"about":[{"href":"https:\/\/metal-badge.ch\/it\/wp-json\/wp\/v2\/types\/product"}],"replies":[{"embeddable":true,"href":"https:\/\/metal-badge.ch\/it\/wp-json\/wp\/v2\/comments?post=107255"}],"wp:featuredmedia":[{"embeddable":true,"href":"https:\/\/metal-badge.ch\/it\/wp-json\/wp\/v2\/media\/107236"}],"wp:attachment":[{"href":"https:\/\/metal-badge.ch\/it\/wp-json\/wp\/v2\/media?parent=107255"}],"wp:term":[{"taxonomy":"product_brand","embeddable":true,"href":"https:\/\/metal-badge.ch\/it\/wp-json\/wp\/v2\/product_brand?post=107255"},{"taxonomy":"product_cat","embeddable":true,"href":"https:\/\/metal-badge.ch\/it\/wp-json\/wp\/v2\/product_cat?post=107255"},{"taxonomy":"product_tag","embeddable":true,"href":"https:\/\/metal-badge.ch\/it\/wp-json\/wp\/v2\/product_tag?post=107255"}],"curies":[{"name":"wp","href":"https:\/\/api.w.org\/{rel}","templated":true}]}}