{"id":106842,"date":"2021-06-08T03:37:14","date_gmt":"2021-06-08T01:40:54","guid":{"rendered":"https:\/\/shop.metal-badge.ch\/?post_type=product&#038;p=106842"},"modified":"2021-06-08T05:24:35","modified_gmt":"2021-06-08T03:24:35","slug":"fischietto-segnaletico-con-portachiavi-argento","status":"publish","type":"product","link":"https:\/\/metal-badge.ch\/it\/product\/106842\/fischietto-segnaletico-con-portachiavi-argento\/","title":{"rendered":"Fischietto segnaletico con portachiavi &#8211; argento"},"content":{"rendered":"<p><span style=\"font-weight: 400;\">Fischietto segnaletico a due buchi con anello portachiavi. In situazioni di emergenza pu\u00f2 essere emanato un forte suono attraverso la doppia camera. Il fischietto segnaletico \u00e8 in metallo anodizzato, antiruggine ed \u00e8 privo di parti mobili. Esso funziona in qualsiasi situazione atmosferica come aria secca, estrema calura e umidit\u00e0 e ad alta quota. Il fischietto dovrebbe essere sempre pronto a portata di mano per qualsiasi avventura all\u2019aria aperta dal momento che esso rappresenta un importante ed irrinunciabile elemento di sicurezza. Inoltre il fischietto pu\u00f2 anche essere utilizzato per difendersi dagli animali. La temperatura di utilizzo consigliata \u00e8 tra meno 10 e +48 gradi Celsius.<\/span><\/p>\n<p><b>Informazioni prodotto:<\/b><\/p>\n<ul>\n<li><span style=\"font-weight: 400;\">Realizzato in metallo anodizzato&nbsp;&nbsp;<\/span><\/li>\n<li><span style=\"font-weight: 400;\">Pu\u00f2 essere portato con l\u2019anello portachiavi o attorno al collo&nbsp;<\/span><\/li>\n<li><span style=\"font-weight: 400;\">Resistente, robusto e anticorrosione<\/span><span style=\"font-weight: 400;\"><br \/>\n<\/span><span style=\"font-weight: 400;\">Peso: 15 gr.&nbsp;<\/span><\/li>\n<li><span style=\"font-weight: 400;\">Colore: argento&nbsp;<\/span><\/li>\n<li><span style=\"font-weight: 400;\">Dimensioni: lunghezza 5.5 cm \/ larghezza: 1.5 cm altezza: 0.7 cm<\/span><\/li>\n<li><span style=\"font-weight: 400;\">Design a camera doppia&nbsp;<\/span><\/li>\n<li><span style=\"font-weight: 400;\">Design semplice ed altamente funzionale&nbsp;<\/span><\/li>\n<li><span style=\"font-weight: 400;\">Funziona anche in condizioni sia di umidit\u00e0 che di secchezza<\/span><\/li>\n<\/ul>\n","protected":false},"excerpt":{"rendered":"<p><span style=\"font-weight: 400;\">Fischietto segnaletico a due buchi con anello portachiavi. In situazioni di emergenza pu\u00f2 essere emanato un forte suono attraverso la doppia camera. Il fischietto segnaletico \u00e8 in metallo anodizzato, antiruggine ed \u00e8 privo di parti mobili. <\/span><\/p>\n","protected":false},"featured_media":106823,"comment_status":"closed","ping_status":"closed","template":"","meta":{"inline_featured_image":false},"product_brand":[],"product_cat":[1715],"product_tag":[1770],"class_list":{"0":"post-106842","1":"product","2":"type-product","3":"status-publish","4":"has-post-thumbnail","6":"product_cat-fischi-di-avvertimento-di-segnalazione","7":"product_tag-army-survival-it","9":"first","10":"instock","11":"taxable","12":"shipping-taxable","13":"purchasable","14":"product-type-simple"},"_links":{"self":[{"href":"https:\/\/metal-badge.ch\/it\/wp-json\/wp\/v2\/product\/106842","targetHints":{"allow":["GET"]}}],"collection":[{"href":"https:\/\/metal-badge.ch\/it\/wp-json\/wp\/v2\/product"}],"about":[{"href":"https:\/\/metal-badge.ch\/it\/wp-json\/wp\/v2\/types\/product"}],"replies":[{"embeddable":true,"href":"https:\/\/metal-badge.ch\/it\/wp-json\/wp\/v2\/comments?post=106842"}],"wp:featuredmedia":[{"embeddable":true,"href":"https:\/\/metal-badge.ch\/it\/wp-json\/wp\/v2\/media\/106823"}],"wp:attachment":[{"href":"https:\/\/metal-badge.ch\/it\/wp-json\/wp\/v2\/media?parent=106842"}],"wp:term":[{"taxonomy":"product_brand","embeddable":true,"href":"https:\/\/metal-badge.ch\/it\/wp-json\/wp\/v2\/product_brand?post=106842"},{"taxonomy":"product_cat","embeddable":true,"href":"https:\/\/metal-badge.ch\/it\/wp-json\/wp\/v2\/product_cat?post=106842"},{"taxonomy":"product_tag","embeddable":true,"href":"https:\/\/metal-badge.ch\/it\/wp-json\/wp\/v2\/product_tag?post=106842"}],"curies":[{"name":"wp","href":"https:\/\/api.w.org\/{rel}","templated":true}]}}