{"id":106329,"date":"2021-06-01T17:28:44","date_gmt":"2021-06-01T15:28:45","guid":{"rendered":"https:\/\/shop.metal-badge.ch\/?post_type=product&#038;p=106329"},"modified":"2021-06-01T17:45:04","modified_gmt":"2021-06-01T15:45:04","slug":"gicacca-in-softshell-di-colore-mimetico-verde","status":"publish","type":"product","link":"https:\/\/metal-badge.ch\/it\/product\/106329\/gicacca-in-softshell-di-colore-mimetico-verde\/","title":{"rendered":"Gicacca in softshell di colore mimetico verde"},"content":{"rendered":"<p><span style=\"font-weight: 400;\">Questa funzionale giacca in softshell \u00abmimetico verde\u00bb con un taglio sportivo \u00e8 resistente al vento, traspirante, impermeabile e molto comoda da indossare. La giacca in softshell, \u00e8 un funzionale compagno in ogni condizione atmosferica, grazie alla sua imbottitura interna in pile starete al caldo anche in inverno. Questa giacca fa parte dell\u2019ottimale equipaggiamento outdoor sia in montagna che al mare. I polsini sono elastici e possono essere regolati tramite del velcro gommato. Sul collo e sulla vita la giacca pu\u00f2 essere regolata individualmente tramite dei cordoncini elastici e dei fermi. La giacca \u00e8 dotata di un cappuccio richiudibile. Sotto le ascelle ci sono delle prese d\u2019aria di 25 cm dotate di cerniera. Anteriormente ci sono due ampie tasche da 25 cm anch\u2019esse con cerniera. Sulla parte superiore della manica destra c\u2019\u00e9 una tasca da 12 x 15 cm dotata di cerniera e sulla parte inferiore della manica sinistra abbiamo un\u2019ulteriore tasca pi\u00f9 piccola da 10 cm x 6 cm. C\u2019\u00e8 inoltre un\u2019ampia tasca posteriore con una cerniera sia a sinistra che a destra. Essa \u00e8 raggiungibile da entrambe le parti. Su entrambe le parti superiori delle maniche c\u2019\u00e8 un inserto in velcro da 10 x 10 cm per delle toppe. La giacca \u00e8 dotata di una doppia cerniera anteriore. Qui acquisterete un modello con un ottimo rapporto qualit\u00e0-prezzo<\/span><span style=\"font-weight: 400;\"><br \/>\n<\/span><span style=\"font-weight: 400;\"><br \/>\n<\/span><b>Informazioni prodotto:<\/b><span style=\"font-weight: 400;\"><br \/>\n<\/span><\/p>\n<ul>\n<li><span style=\"font-weight: 400;\">Colore: mimetico verde<\/span><span style=\"font-weight: 400;\"><br \/>\n<\/span><\/li>\n<li><span style=\"font-weight: 400;\">Impermeabile, resistenze al vento e traspirante<\/span><span style=\"font-weight: 400;\"><br \/>\n<\/span><\/li>\n<li><span style=\"font-weight: 400;\">Doppia cerniera anteriore<\/span><span style=\"font-weight: 400;\"><br \/>\n<\/span><\/li>\n<li><span style=\"font-weight: 400;\">Cappuccio arrotolabile a scomparsa<\/span><span style=\"font-weight: 400;\"><br \/>\n<\/span><\/li>\n<li><span style=\"font-weight: 400;\">Colletto alto<\/span><span style=\"font-weight: 400;\"><br \/>\n<\/span><\/li>\n<li><span style=\"font-weight: 400;\">2x prese d\u2019aria con cerniera sotto le ascelle<\/span><span style=\"font-weight: 400;\"><br \/>\n<\/span><\/li>\n<li><span style=\"font-weight: 400;\">2x ampie tasche anteriori con cerniera<\/span><span style=\"font-weight: 400;\"><br \/>\n<\/span><\/li>\n<li><span style=\"font-weight: 400;\">2x tasche con cerniera sulla parte superiore della manica<\/span><span style=\"font-weight: 400;\"><br \/>\n<\/span><\/li>\n<li><span style=\"font-weight: 400;\">1x tasca con cerniera sulla parte inferiore della manica<\/span><span style=\"font-weight: 400;\"><br \/>\n<\/span><\/li>\n<li><span style=\"font-weight: 400;\">Ampia tasca posteriore accessibile da sinistra e destra con due cerniere<\/span><span style=\"font-weight: 400;\"><br \/>\n<\/span><\/li>\n<li><span style=\"font-weight: 400;\">2x inserti in velcro sulla parte superiore della manica da 10 x 10 cm per toppe<\/span><span style=\"font-weight: 400;\"><br \/>\n<\/span><\/li>\n<li><span style=\"font-weight: 400;\">Materialo: softshell 95 % poliestere, 5 % spandex, a 3 strati<\/span><span style=\"font-weight: 400;\"><br \/>\n<\/span><\/li>\n<li><span style=\"font-weight: 400;\">GSM: 320 g\/m2<\/span><span style=\"font-weight: 400;\"><br \/>\n<\/span><\/li>\n<li><span style=\"font-weight: 400;\">Colletto e vita possono essere regolati tramite cordoncino elastico<\/span><span style=\"font-weight: 400;\"><br \/>\n<\/span><\/li>\n<li><span style=\"font-weight: 400;\">Polsini elastici regolabili con velcro gommato<\/span><span style=\"font-weight: 400;\"><br \/>\n<\/span><\/li>\n<li><span style=\"font-weight: 400;\">Non richiede cure speciali<\/span><span style=\"font-weight: 400;\"><br \/>\n<\/span><\/li>\n<li><span style=\"font-weight: 400;\">Taglio: leggermente pi\u00f9 lunga sulla parte posteriore<\/span><span style=\"font-weight: 400;\"><br \/>\n<\/span><\/li>\n<li><span style=\"font-weight: 400;\">Misure: S, M, L, XL e su richiesta XXL<\/span><\/li>\n<\/ul>\n","protected":false},"excerpt":{"rendered":"<p><span style=\"font-weight: 400;\">Questa funzionale giacca in softshell \u00abmimetico verde\u00bb con un taglio sportivo \u00e8 resistente al vento, traspirante, impermeabile e molto comoda da indossare. La giacca in softshell, \u00e8 un funzionale compagno in ogni condizione atmosferica, grazie alla sua imbottitura interna in pile starete al caldo anche in inverno.<\/span><\/p>\n","protected":false},"featured_media":106333,"comment_status":"closed","ping_status":"closed","template":"","meta":{"inline_featured_image":false},"product_brand":[],"product_cat":[1348,1635,1603],"product_tag":[],"class_list":{"0":"post-106329","1":"product","2":"type-product","3":"status-publish","4":"has-post-thumbnail","6":"product_cat-accessori-per-esercito-caccia","7":"product_cat-giacce-da-intervento-and-abbigliamento-tattico-mimetico","8":"product_cat-giacche-softshell-pantaloni","10":"first","11":"instock","12":"taxable","13":"shipping-taxable","14":"purchasable","15":"product-type-simple"},"_links":{"self":[{"href":"https:\/\/metal-badge.ch\/it\/wp-json\/wp\/v2\/product\/106329","targetHints":{"allow":["GET"]}}],"collection":[{"href":"https:\/\/metal-badge.ch\/it\/wp-json\/wp\/v2\/product"}],"about":[{"href":"https:\/\/metal-badge.ch\/it\/wp-json\/wp\/v2\/types\/product"}],"replies":[{"embeddable":true,"href":"https:\/\/metal-badge.ch\/it\/wp-json\/wp\/v2\/comments?post=106329"}],"wp:featuredmedia":[{"embeddable":true,"href":"https:\/\/metal-badge.ch\/it\/wp-json\/wp\/v2\/media\/106333"}],"wp:attachment":[{"href":"https:\/\/metal-badge.ch\/it\/wp-json\/wp\/v2\/media?parent=106329"}],"wp:term":[{"taxonomy":"product_brand","embeddable":true,"href":"https:\/\/metal-badge.ch\/it\/wp-json\/wp\/v2\/product_brand?post=106329"},{"taxonomy":"product_cat","embeddable":true,"href":"https:\/\/metal-badge.ch\/it\/wp-json\/wp\/v2\/product_cat?post=106329"},{"taxonomy":"product_tag","embeddable":true,"href":"https:\/\/metal-badge.ch\/it\/wp-json\/wp\/v2\/product_tag?post=106329"}],"curies":[{"name":"wp","href":"https:\/\/api.w.org\/{rel}","templated":true}]}}