{"id":106069,"date":"2021-05-31T00:34:39","date_gmt":"2021-05-30T22:34:39","guid":{"rendered":"https:\/\/shop.metal-badge.ch\/product\/106069\/base-layer-set-da-uomo\/"},"modified":"2021-07-21T01:05:10","modified_gmt":"2021-07-20T23:05:10","slug":"base-layer-set-da-uomo","status":"publish","type":"product","link":"https:\/\/metal-badge.ch\/it\/product\/106069\/base-layer-set-da-uomo\/","title":{"rendered":"Base-layer set da uomo"},"content":{"rendered":"<p><span style=\"font-weight: 400;\">Calda biancheria da indossare sotto i vestiti costituita da maglia a maniche lunghe e pantaloni lunghi funzionali. Il base-layer set con maglia e pantalone che non ti lascia in asso in caso di temperature fredde. La parte interna soffice di tiene caldo e asciutto. Indossando questo set da solo o sotto l\u2019abbigliamento da sci rimarrai sempre nella tua comfort zone personale<\/span><span style=\"font-weight: 400;\">. Questa biancheria termica non \u00e8 soltato comoda da indossare bens\u00ec anche traspirante. Al tempo stesso essa convince per le caratteristiche di regolazione dell\u2019umidit\u00e0 che mantiene il corpo sempre asciutto. Con il tessuto stretch in quattro direzioni \u00e8 sempre garantita la massima libert\u00e0 di movimento con le diverse zone di compressione che supportano il movimento muscolare.&nbsp;<\/span><\/p>\n<p><b>Informazioni prodotto:&nbsp;<\/b><\/p>\n<ul>\n<li><span style=\"font-weight: 400;\">JA-09-3&nbsp;<\/span><\/li>\n<li><span style=\"font-weight: 400;\">Marca: ESDY&nbsp;<\/span><\/li>\n<li><span style=\"font-weight: 400;\">Descrizione: biancheria termica funzionale&nbsp;&nbsp;<\/span><\/li>\n<li><span style=\"font-weight: 400;\">Base-layer set costituito da maglia a maniche lunghe e pantaloni lunghi funzionali<\/span><\/li>\n<li><span style=\"font-weight: 400;\">Colore: nero \/ grigio&nbsp;<\/span><\/li>\n<li><span style=\"font-weight: 400;\">Peso circa.: 460 gr. maglia e pantaloni insieme<\/span><\/li>\n<li><span style=\"font-weight: 400;\">GSM: 280 gsm<\/span><\/li>\n<li><span style=\"font-weight: 400;\">Ad asciugatura rapida<\/span><\/li>\n<li><span style=\"font-weight: 400;\">Elastico<\/span><\/li>\n<li><span style=\"font-weight: 400;\">Rapido trasporto dell\u2019umidit\u00e0<\/span><\/li>\n<li><span style=\"font-weight: 400;\">Traspirante<\/span><\/li>\n<li><span style=\"font-weight: 400;\">Resistente<\/span><\/li>\n<li><span style=\"font-weight: 400;\">Materiale: poliestere 25% \/ 65 % nylon \/ 10% elastan&nbsp;<\/span><\/li>\n<li><span style=\"font-weight: 400;\">Misure: M, L, XL, 2XL&nbsp;<\/span><\/li>\n<\/ul>\n<p>&nbsp;<\/p>\n<p><strong>Cloth<\/strong><\/p>\n<table style=\"border-collapse: collapse; width: 100%; height: 97px;\">\n<tbody>\n<tr style=\"height: 24px;\">\n<td style=\"width: 20%; height: 24px;\"><strong>Size (cm)<\/strong><\/td>\n<td style=\"width: 20%; text-align: center; height: 24px;\"><strong>M<\/strong><\/td>\n<td style=\"width: 20%; text-align: center; height: 24px;\"><strong>L<\/strong><\/td>\n<td style=\"width: 20%; text-align: center; height: 24px;\"><strong>Xl<\/strong><\/td>\n<td style=\"width: 20%; text-align: center; height: 24px;\"><strong>2XL<\/strong><\/td>\n<\/tr>\n<tr style=\"height: 24px;\">\n<td style=\"width: 20%; height: 24px;\"><strong>Length<\/strong><\/td>\n<td style=\"width: 20%; text-align: center; height: 24px;\">64<\/td>\n<td style=\"width: 20%; text-align: center; height: 24px;\">67<\/td>\n<td style=\"width: 20%; text-align: center; height: 24px;\">69<\/td>\n<td style=\"width: 20%; text-align: center; height: 24px;\">70<\/td>\n<\/tr>\n<tr style=\"height: 24px;\">\n<td style=\"width: 20%; height: 24px;\"><strong>Bust<\/strong><\/td>\n<td style=\"width: 20%; text-align: center; height: 24px;\">72<\/td>\n<td style=\"width: 20%; text-align: center; height: 24px;\">76<\/td>\n<td style=\"width: 20%; text-align: center; height: 24px;\">80<\/td>\n<td style=\"width: 20%; text-align: center; height: 24px;\">82<\/td>\n<\/tr>\n<tr style=\"height: 25px;\">\n<td style=\"width: 20%; height: 25px;\"><strong>Sleeve Length<\/strong><\/td>\n<td style=\"width: 20%; text-align: center; height: 25px;\">68<\/td>\n<td style=\"width: 20%; text-align: center; height: 25px;\">70<\/td>\n<td style=\"width: 20%; text-align: center; height: 25px;\">72<\/td>\n<td style=\"width: 20%; text-align: center; height: 25px;\">74<\/td>\n<\/tr>\n<\/tbody>\n<\/table>\n<p><strong>Port<\/strong><\/p>\n<table style=\"border-collapse: collapse; width: 100%; height: 120px;\">\n<tbody>\n<tr style=\"height: 24px;\">\n<td style=\"width: 20%; height: 24px;\"><strong>Size (cm)<\/strong><\/td>\n<td style=\"width: 20%; text-align: center; height: 24px;\"><strong>M<\/strong><\/td>\n<td style=\"width: 20%; text-align: center; height: 24px;\"><strong>L<\/strong><\/td>\n<td style=\"width: 20%; text-align: center; height: 24px;\"><strong>Xl<\/strong><\/td>\n<td style=\"width: 20%; text-align: center; height: 24px;\"><strong>2XL<\/strong><\/td>\n<\/tr>\n<tr style=\"height: 24px;\">\n<td style=\"width: 20%; height: 24px;\"><strong>Waist<\/strong><\/td>\n<td style=\"width: 20%; height: 24px; text-align: center;\">58<\/td>\n<td style=\"width: 20%; height: 24px; text-align: center;\">60<\/td>\n<td style=\"width: 20%; height: 24px; text-align: center;\">64<\/td>\n<td style=\"width: 20%; height: 24px; text-align: center;\">68<\/td>\n<\/tr>\n<tr style=\"height: 24px;\">\n<td style=\"width: 20%; height: 24px;\"><strong>Pants Length<\/strong><\/td>\n<td style=\"width: 20%; height: 24px; text-align: center;\">89<\/td>\n<td style=\"width: 20%; height: 24px; text-align: center;\">91<\/td>\n<td style=\"width: 20%; height: 24px; text-align: center;\">93<\/td>\n<td style=\"width: 20%; height: 24px; text-align: center;\">95<\/td>\n<\/tr>\n<tr style=\"height: 24px;\">\n<td style=\"width: 20%; height: 24px;\"><strong>Hips<\/strong><\/td>\n<td style=\"width: 20%; height: 24px; text-align: center;\">70<\/td>\n<td style=\"width: 20%; height: 24px; text-align: center;\">74<\/td>\n<td style=\"width: 20%; height: 24px; text-align: center;\">78<\/td>\n<td style=\"width: 20%; height: 24px; text-align: center;\">80<\/td>\n<\/tr>\n<tr style=\"height: 24px;\">\n<td style=\"width: 20%; height: 24px;\"><strong>Foot mouth<\/strong><\/td>\n<td style=\"width: 20%; height: 24px; text-align: center;\">10<\/td>\n<td style=\"width: 20%; height: 24px; text-align: center;\">11<\/td>\n<td style=\"width: 20%; height: 24px; text-align: center;\">12<\/td>\n<td style=\"width: 20%; height: 24px; text-align: center;\">13<\/td>\n<\/tr>\n<\/tbody>\n<\/table>\n","protected":false},"excerpt":{"rendered":"<p><span style=\"font-weight: 400;\">Calda biancheria da indossare sotto i vestiti costituita da maglia a maniche lunghe e pantaloni lunghi funzionali. Il base-layer set con maglia e pantalone che non ti lascia in asso in caso di temperature fredde.<\/span><\/p>\n","protected":false},"featured_media":106046,"comment_status":"closed","ping_status":"closed","template":"","meta":{"inline_featured_image":false},"product_brand":[],"product_cat":[1104,2194],"product_tag":[],"class_list":{"0":"post-106069","1":"product","2":"type-product","3":"status-publish","4":"has-post-thumbnail","6":"product_cat-abbigliamento","7":"product_cat-biancheriatermicaecalze","9":"first","10":"instock","11":"taxable","12":"shipping-taxable","13":"purchasable","14":"product-type-simple"},"_links":{"self":[{"href":"https:\/\/metal-badge.ch\/it\/wp-json\/wp\/v2\/product\/106069","targetHints":{"allow":["GET"]}}],"collection":[{"href":"https:\/\/metal-badge.ch\/it\/wp-json\/wp\/v2\/product"}],"about":[{"href":"https:\/\/metal-badge.ch\/it\/wp-json\/wp\/v2\/types\/product"}],"replies":[{"embeddable":true,"href":"https:\/\/metal-badge.ch\/it\/wp-json\/wp\/v2\/comments?post=106069"}],"wp:featuredmedia":[{"embeddable":true,"href":"https:\/\/metal-badge.ch\/it\/wp-json\/wp\/v2\/media\/106046"}],"wp:attachment":[{"href":"https:\/\/metal-badge.ch\/it\/wp-json\/wp\/v2\/media?parent=106069"}],"wp:term":[{"taxonomy":"product_brand","embeddable":true,"href":"https:\/\/metal-badge.ch\/it\/wp-json\/wp\/v2\/product_brand?post=106069"},{"taxonomy":"product_cat","embeddable":true,"href":"https:\/\/metal-badge.ch\/it\/wp-json\/wp\/v2\/product_cat?post=106069"},{"taxonomy":"product_tag","embeddable":true,"href":"https:\/\/metal-badge.ch\/it\/wp-json\/wp\/v2\/product_tag?post=106069"}],"curies":[{"name":"wp","href":"https:\/\/api.w.org\/{rel}","templated":true}]}}