{"id":106041,"date":"2021-05-30T23:58:39","date_gmt":"2021-06-01T00:26:01","guid":{"rendered":"https:\/\/shop.metal-badge.ch\/?post_type=product&#038;p=106041"},"modified":"2021-06-01T02:26:01","modified_gmt":"2021-06-01T00:26:01","slug":"giacca-nera-in-poliestere-con-cappuccio-rimovibile","status":"publish","type":"product","link":"https:\/\/metal-badge.ch\/it\/product\/106041\/giacca-nera-in-poliestere-con-cappuccio-rimovibile\/","title":{"rendered":"Giacca nera in poliestere con cappuccio rimovibile"},"content":{"rendered":"<p><span style=\"font-weight: 400;\">Con questa giacca sei ben equipaggiato nelle giornate fredde. La giacca \u00e8 dotata di 4 ampie tasche impermeabili con cerniera. Sulla parte posteriore essa \u00e8 dotata di una feritoia in retina protetta da un pattina di tessuto. Il cappuccio \u00e8 dotato di un cordoncino elastico e pu\u00f2 essere rimosso tramite la sua cerniera. I polsini sono regolabili tramite velcro. La cerniera doppia frontale \u00e8 coperta da una bottoniera. Questa giacca impermeabile ja una tasca interna con cerniera. Sualla parte posteriore c\u2019\u00e9 una retina per la traspirazione in \u00abMesh\u00bb. La trapunta interna \u00e8 rimovibile tramite cerniera. Esssa \u00e8 inoltre dotata internamente di due ulteriori tasche.&nbsp;<\/span><\/p>\n<p><b>Informzioni prodotto:<\/b><\/p>\n<ul>\n<li><span style=\"font-weight: 400;\">Modello: SJ004&nbsp;<\/span><\/li>\n<li><span style=\"font-weight: 400;\">Impermeabile<\/span><\/li>\n<li><span style=\"font-weight: 400;\">Colore: nero<\/span><\/li>\n<li><span style=\"font-weight: 400;\">Materiale esterno: 100% poliestere<\/span><\/li>\n<li><span style=\"font-weight: 400;\">Imbottitura trapunta: 100% poliestere<\/span><\/li>\n<li><span style=\"font-weight: 400;\">Cerniera anteriore: cerniera doppia coperta ta bottoniera<\/span><\/li>\n<li><span style=\"font-weight: 400;\">Colletto: rialzato<\/span><\/li>\n<li><span style=\"font-weight: 400;\">Polsini regolabili tramite velcro<\/span><\/li>\n<li><span style=\"font-weight: 400;\">Cappuccio: rimovibile con cerniera e dotato di cordoncino elastico<\/span><\/li>\n<li><span style=\"font-weight: 400;\">4x ampie tasche impermeabili con cerniera esterne<\/span><\/li>\n<li><span style=\"font-weight: 400;\">1x tasca con cerniera interna<\/span><\/li>\n<li><span style=\"font-weight: 400;\">Trapunta interna: rimovibile tramite cerniera&nbsp;<\/span><\/li>\n<li><span style=\"font-weight: 400;\">Giacca trapuntata: con due ampie tasche con cerniera e due tasche interne.&nbsp;<\/span><\/li>\n<li><span style=\"font-weight: 400;\">Giacca trapuntata: polsini elastici&nbsp;<\/span><\/li>\n<li><span style=\"font-weight: 400;\">Taglio: normale<\/span><\/li>\n<\/ul>\n","protected":false},"excerpt":{"rendered":"<p><span style=\"font-weight: 400;\">Con questa giacca sei ben equipaggiato nelle giornate fredde. La giacca \u00e8 dotata di 4 ampie tasche impermeabili con cerniera. Sulla parte posteriore essa \u00e8 dotata di una feritoia in retina protetta da un pattina di tessuto. Il cappuccio \u00e8 dotato di un cordoncino elastico e pu\u00f2 essere rimosso tramite la sua cerniera.<\/span><\/p>\n","protected":false},"featured_media":105950,"comment_status":"closed","ping_status":"closed","template":"","meta":{"inline_featured_image":false},"product_brand":[],"product_cat":[1104,2190,1599],"product_tag":[1766],"class_list":{"0":"post-106041","1":"product","2":"type-product","3":"status-publish","4":"has-post-thumbnail","6":"product_cat-abbigliamento","7":"product_cat-abbigliamentoperiltempolibero","8":"product_cat-giacca-a-vento","9":"product_tag-sport-outdoor-it","11":"first","12":"instock","13":"taxable","14":"shipping-taxable","15":"purchasable","16":"product-type-simple"},"_links":{"self":[{"href":"https:\/\/metal-badge.ch\/it\/wp-json\/wp\/v2\/product\/106041","targetHints":{"allow":["GET"]}}],"collection":[{"href":"https:\/\/metal-badge.ch\/it\/wp-json\/wp\/v2\/product"}],"about":[{"href":"https:\/\/metal-badge.ch\/it\/wp-json\/wp\/v2\/types\/product"}],"replies":[{"embeddable":true,"href":"https:\/\/metal-badge.ch\/it\/wp-json\/wp\/v2\/comments?post=106041"}],"wp:featuredmedia":[{"embeddable":true,"href":"https:\/\/metal-badge.ch\/it\/wp-json\/wp\/v2\/media\/105950"}],"wp:attachment":[{"href":"https:\/\/metal-badge.ch\/it\/wp-json\/wp\/v2\/media?parent=106041"}],"wp:term":[{"taxonomy":"product_brand","embeddable":true,"href":"https:\/\/metal-badge.ch\/it\/wp-json\/wp\/v2\/product_brand?post=106041"},{"taxonomy":"product_cat","embeddable":true,"href":"https:\/\/metal-badge.ch\/it\/wp-json\/wp\/v2\/product_cat?post=106041"},{"taxonomy":"product_tag","embeddable":true,"href":"https:\/\/metal-badge.ch\/it\/wp-json\/wp\/v2\/product_tag?post=106041"}],"curies":[{"name":"wp","href":"https:\/\/api.w.org\/{rel}","templated":true}]}}