{"id":105439,"date":"2021-05-28T09:12:33","date_gmt":"2021-05-28T07:12:33","guid":{"rendered":"https:\/\/shop.metal-badge.ch\/product\/105439\/shemag-shemagh-marrone\/"},"modified":"2022-12-06T02:37:38","modified_gmt":"2022-12-06T01:37:38","slug":"shemag-shemagh-marrone","status":"publish","type":"product","link":"https:\/\/metal-badge.ch\/it\/product\/105439\/shemag-shemagh-marrone\/","title":{"rendered":"Shemag \/ Shemagh &#8211; marrone"},"content":{"rendered":"<p><span style=\"font-weight: 400;\">Molte unit\u00e0 speciali del mondo hanno da tempo scoperto la sciarpa palestinese detta anche Shemag, Kufiya. Anche nelle attivit\u00e0 outdoor lo Shemag \u00e8 molto poliedrico. Ripara dal freddo, puo essere utilizzato come tovaglietta, per mimetizzarsi per legare qualcosa come protezione per il capo, collo, viso contro polevere, sabbia, sole.Grazie alle dimensioni di 105 x 110 cm esso pu\u00f2 essere indossato in diversi modi.<\/span><\/p>\n<p><span style=\"font-weight: 400;\">Abbiamo anche altri colori di questo fazzoletto multifunzione.<\/span><\/p>\n<p><b>Descrizione prodotto:<\/b><\/p>\n<ul>\n<li><span style=\"font-weight: 400;\">Pezzo di equipaggiamento multifunzione&nbsp;<\/span><\/li>\n<li><span style=\"font-weight: 400;\">Materiale: 100 % cotone<\/span><\/li>\n<li><span style=\"font-weight: 400;\">Colore: marrone<\/span><\/li>\n<li><span style=\"font-weight: 400;\">Dimensioni: 105 x 110 cm<\/span><\/li>\n<li><span style=\"font-weight: 400;\">Peso: 140 gr. <\/span><\/li>\n<\/ul>\n","protected":false},"excerpt":{"rendered":"<p><span style=\"font-weight: 400;\">Molte unit\u00e0 speciali del mondo hanno da tempo scoperto la sciarpa palestinese detta anche Shemag, Kufiya. Anche nelle attivit\u00e0 outdoor lo Shemag \u00e8 molto poliedrico. Ripara dal freddo, puo essere utilizzato come tovaglietta, per mimetizzarsi per legare qualcosa come protezione per il capo, collo, viso contro polevere, sabbia, sole.Grazie alle dimensioni di 105 x 110 cm esso pu\u00f2 essere indossato in diversi modi.<\/span><\/p>\n","protected":false},"featured_media":105414,"comment_status":"closed","ping_status":"closed","template":"","meta":{"inline_featured_image":false},"product_brand":[],"product_cat":[1627],"product_tag":[1770],"class_list":{"0":"post-105439","1":"product","2":"type-product","3":"status-publish","4":"has-post-thumbnail","6":"product_cat-shemaghs-bandana-it","7":"product_tag-army-survival-it","9":"first","10":"instock","11":"taxable","12":"shipping-taxable","13":"purchasable","14":"product-type-simple"},"_links":{"self":[{"href":"https:\/\/metal-badge.ch\/it\/wp-json\/wp\/v2\/product\/105439","targetHints":{"allow":["GET"]}}],"collection":[{"href":"https:\/\/metal-badge.ch\/it\/wp-json\/wp\/v2\/product"}],"about":[{"href":"https:\/\/metal-badge.ch\/it\/wp-json\/wp\/v2\/types\/product"}],"replies":[{"embeddable":true,"href":"https:\/\/metal-badge.ch\/it\/wp-json\/wp\/v2\/comments?post=105439"}],"wp:featuredmedia":[{"embeddable":true,"href":"https:\/\/metal-badge.ch\/it\/wp-json\/wp\/v2\/media\/105414"}],"wp:attachment":[{"href":"https:\/\/metal-badge.ch\/it\/wp-json\/wp\/v2\/media?parent=105439"}],"wp:term":[{"taxonomy":"product_brand","embeddable":true,"href":"https:\/\/metal-badge.ch\/it\/wp-json\/wp\/v2\/product_brand?post=105439"},{"taxonomy":"product_cat","embeddable":true,"href":"https:\/\/metal-badge.ch\/it\/wp-json\/wp\/v2\/product_cat?post=105439"},{"taxonomy":"product_tag","embeddable":true,"href":"https:\/\/metal-badge.ch\/it\/wp-json\/wp\/v2\/product_tag?post=105439"}],"curies":[{"name":"wp","href":"https:\/\/api.w.org\/{rel}","templated":true}]}}