{"id":105380,"date":"2021-05-28T05:13:55","date_gmt":"2021-05-28T03:13:55","guid":{"rendered":"https:\/\/shop.metal-badge.ch\/product\/105380\/zaino-tattico-da-16-litri\/"},"modified":"2021-05-28T08:13:10","modified_gmt":"2021-05-28T06:13:10","slug":"zaino-tattico-da-16-litri-mimetico","status":"publish","type":"product","link":"https:\/\/metal-badge.ch\/it\/product\/105380\/zaino-tattico-da-16-litri-mimetico\/","title":{"rendered":"Zaino tattico da 16 litri &#8211; mimetico"},"content":{"rendered":"<p><span style=\"font-weight: 400;\">Lo zaino con tante tasche.&nbsp;<\/span><\/p>\n<p><span style=\"font-weight: 400;\">Zaino tattico marrone Molle Outdoor in nylon 600D. Lo zaino \u00e8 dotato di un sistema di una tracolla regolabila ed imbottita. Con una capienza da 16 litri questo zaino pu\u00f2 essere aperto tramite due cerniere principali che offrono tanto spazio. Nella parte interna c\u2019\u00e8 anche uno scomparto da 35 cm per 15 cm. Esteriormente lo zaino \u00e8 dotato di 3 tasche sporgenti con cerniera. Inoltre lo zaino ha una lunga cerniera laterale. Sempre laterlamente esso \u00e8 dotato del sistema Molle che permette di attaccare ulteriore materiale o tasche aggiuntive. Questo zaino \u00e8 impermeabile, robusto e molto duraturo. \u00c8 perfettamente adatto a tutte le attivit\u00e0 outdoor.<\/span><\/p>\n<p><b>Informazioni prodotto:&nbsp;<\/b><\/p>\n<ul>\n<li><span style=\"font-weight: 400;\">Colore: mimetico<\/span><\/li>\n<li><span style=\"font-weight: 400;\">Peso: 680 gr.<\/span><\/li>\n<li><span style=\"font-weight: 400;\">Materiale: nylon 600D<\/span><\/li>\n<li><span style=\"font-weight: 400;\">Capienza: 16 litri&nbsp;<\/span><\/li>\n<li><span style=\"font-weight: 400;\">Dimensioni: altezza 53 cm x larghezza 18 cm x profondit\u00e0 16 cm &nbsp; &nbsp; &nbsp; &nbsp; &nbsp; &nbsp; &nbsp; &nbsp; &nbsp; &nbsp; &nbsp; &nbsp; &nbsp; &nbsp; &nbsp; &nbsp; &nbsp; &nbsp; &nbsp; &nbsp; &nbsp; &nbsp; &nbsp; &nbsp; &nbsp; &nbsp; &nbsp; &nbsp; &nbsp; &nbsp; &nbsp; &nbsp; &nbsp; &nbsp; &nbsp; &nbsp; &nbsp; &nbsp; &nbsp; &nbsp; &nbsp; &nbsp; &nbsp; &nbsp; &nbsp; <\/span><\/li>\n<li><span style=\"font-weight: 400;\">2x robusti manici sopra e sotto&nbsp;<\/span><\/li>\n<li><span style=\"font-weight: 400;\">1x tracolla regolabile ed imbottita<\/span><\/li>\n<li><span style=\"font-weight: 400;\">3x tasche esterne sporgenti con cerniera da 13 cm (altezza) x&nbsp; 13 cm (larghezza) x&nbsp; 7 cm (profondit\u00e0)<\/span><\/li>\n<li><span style=\"font-weight: 400;\">1x scomparto laterale con cerniera da 47 cm (altezza) x 14 cm (larghezza) x 13 cm (profondit\u00e0) diviso in 2 scomparti<\/span><\/li>\n<li><span style=\"font-weight: 400;\">Dotato lateralmente del sistema Molle<\/span><\/li>\n<\/ul>\n","protected":false},"excerpt":{"rendered":"<p><span style=\"font-weight: 400;\">Lo zaino con tante tasche.&nbsp;<\/span><\/p>\n<p><span style=\"font-weight: 400;\">Zaino tattico marrone Molle Outdoor in nylon 600D. Lo zaino \u00e8 dotato di un sistema di una tracolla regolabila ed imbottita.<\/span><\/p>\n","protected":false},"featured_media":105357,"comment_status":"closed","ping_status":"closed","template":"","meta":{"inline_featured_image":false},"product_brand":[],"product_cat":[1884,1348,1060,1651,1256],"product_tag":[],"class_list":{"0":"post-105380","1":"product","2":"type-product","3":"status-publish","4":"has-post-thumbnail","6":"product_cat-attrezzature","7":"product_cat-accessori-per-esercito-caccia","8":"product_cat-borse","9":"product_cat-borse-da-azione","10":"product_cat-zaini-e-sistemi-per-bere","12":"first","13":"instock","14":"taxable","15":"shipping-taxable","16":"purchasable","17":"product-type-simple"},"_links":{"self":[{"href":"https:\/\/metal-badge.ch\/it\/wp-json\/wp\/v2\/product\/105380","targetHints":{"allow":["GET"]}}],"collection":[{"href":"https:\/\/metal-badge.ch\/it\/wp-json\/wp\/v2\/product"}],"about":[{"href":"https:\/\/metal-badge.ch\/it\/wp-json\/wp\/v2\/types\/product"}],"replies":[{"embeddable":true,"href":"https:\/\/metal-badge.ch\/it\/wp-json\/wp\/v2\/comments?post=105380"}],"wp:featuredmedia":[{"embeddable":true,"href":"https:\/\/metal-badge.ch\/it\/wp-json\/wp\/v2\/media\/105357"}],"wp:attachment":[{"href":"https:\/\/metal-badge.ch\/it\/wp-json\/wp\/v2\/media?parent=105380"}],"wp:term":[{"taxonomy":"product_brand","embeddable":true,"href":"https:\/\/metal-badge.ch\/it\/wp-json\/wp\/v2\/product_brand?post=105380"},{"taxonomy":"product_cat","embeddable":true,"href":"https:\/\/metal-badge.ch\/it\/wp-json\/wp\/v2\/product_cat?post=105380"},{"taxonomy":"product_tag","embeddable":true,"href":"https:\/\/metal-badge.ch\/it\/wp-json\/wp\/v2\/product_tag?post=105380"}],"curies":[{"name":"wp","href":"https:\/\/api.w.org\/{rel}","templated":true}]}}