{"id":104829,"date":"2021-05-20T18:40:19","date_gmt":"2021-05-20T16:40:19","guid":{"rendered":"https:\/\/shop.metal-badge.ch\/product\/104829\/spray-al-pepe-ko\/"},"modified":"2021-05-20T18:40:19","modified_gmt":"2021-05-20T16:40:19","slug":"spray-al-pepe-ko","status":"publish","type":"product","link":"https:\/\/metal-badge.ch\/it\/product\/104829\/spray-al-pepe-ko\/","title":{"rendered":"Spray al pepe KO"},"content":{"rendered":"<p><span style=\"font-weight: 400;\">Lo spray KO al pepe affidabile in un pratico formato tascabile \u00e8 lo <\/span><b>spray per eccellenza per proteggersi dagli animali<\/b><span style=\"font-weight: 400;\">. Lo spray per difendersi con un pratico clip che Vi accompagna dappertutto: facendo jogging nel bosco, nel garage sotterrano o in un vicolo buio. Avendo lo spray KO al pepe in tasca avrete sempre un aiutante a portata di mano in situazioni d\u2019emergenza. Con lo spray KO al pepe proteggerete non soltanto Voi stessi ma anche i Vostri amici a quattro zampe, dato che anche loro possono essere vittima di attachi da parti da altri animali.<\/span><span style=\"font-weight: 400;\"><br \/>\n<\/span><span style=\"font-weight: 400;\"><br \/>\n<\/span><span style=\"font-weight: 400;\">Lo spray KO al pepe \u00e8 offerto in un pratico flaconcino da <\/span><b>15 ml <\/b><span style=\"font-weight: 400;\">che \u00e8 possibile tenere in mano o riporre nelle tasche di qualsiasi pantalone. Un piccolo flacone con tanta efficacia \u2013 lo spruzzo ha una portata di fino a 4 metri e pu\u00f2 facilmente essere spruzzatzo. In caso di necessit\u00e0 lo spray KO al pepe pu\u00f2 essere tirato fuori dalla tasca e spruzzato direttamente premendo sulla parte superiore \u2013 non \u00e8 necessario rimuovere alcun tappo o effetturare alcun altra manovra! Il tappo \u00e9 dotato di una piccola sicura interna per evitare spruzzi non voluti.<\/span><span style=\"font-weight: 400;\"><br \/>\n<\/span><span style=\"font-weight: 400;\"><br \/>\n<\/span><b>Avvertenza:<\/b><span style=\"font-weight: 400;\"> lo spray KO al pepe con il suo 11% di OC (Oleoresin Capsicum) \u00e8 uno dei pi\u00fa forti del mondo!&nbsp;<\/span><\/p>\n<p><b>Tutti i vantaggi dello spray KO al pepe:<\/b><\/p>\n<ul>\n<li style=\"font-weight: 400;\" aria-level=\"1\"><span style=\"font-weight: 400;\">non nuoce alla salute ed \u00e8 molto efficace<\/span><\/li>\n<li style=\"font-weight: 400;\" aria-level=\"1\"><span style=\"font-weight: 400;\">maneggevole con il suo formato da rossetto<\/span><\/li>\n<li style=\"font-weight: 400;\" aria-level=\"1\"><span style=\"font-weight: 400;\">Lo spray KO al pepe \u00e8 generalmente autorizzato all\u2019utilizzo in Svizzera, Austria, Francia e in USA&nbsp;<\/span><\/li>\n<li style=\"font-weight: 400;\" aria-level=\"1\"><span style=\"font-weight: 400;\">Ampia portata e forte spruzzo<\/span><\/li>\n<li style=\"font-weight: 400;\" aria-level=\"1\"><span style=\"font-weight: 400;\">11% OC (Oleoresin Capsicum)<\/span><\/li>\n<li style=\"font-weight: 400;\" aria-level=\"1\"><span style=\"font-weight: 400;\">Altamente efficace<\/span><\/li>\n<li style=\"font-weight: 400;\" aria-level=\"1\"><span style=\"font-weight: 400;\">Disponibile in 2 varianti<\/span><\/li>\n<li style=\"font-weight: 400;\" aria-level=\"1\"><span style=\"font-weight: 400;\">Prodotto in Germania (non importato dal lontano Oriente)<\/span><\/li>\n<\/ul>\n<p><b>Caratteristiche dello spray KO al pepe<\/b><\/p>\n<ul>\n<li style=\"font-weight: 400;\" aria-level=\"1\"><span style=\"font-weight: 400;\">Contenuto: 15 ml<\/span><\/li>\n<li style=\"font-weight: 400;\" aria-level=\"1\"><span style=\"font-weight: 400;\">contiene 11% OC (Oleoresin Capsicum)<\/span><\/li>\n<li style=\"font-weight: 400;\" aria-level=\"1\"><span style=\"font-weight: 400;\">Portata: fino a 4 metri<\/span><\/li>\n<li style=\"font-weight: 400;\" aria-level=\"1\"><span style=\"font-weight: 400;\">Spruzzo: ognuno di circa 2 secondi<\/span><\/li>\n<\/ul>\n","protected":false},"excerpt":{"rendered":"<p><span style=\"font-weight: 400;\">Lo spray KO al pepe affidabile in un pratico formato tascabile \u00e8 lo <\/span><b>spray per eccellenza per proteggersi dagli animali<\/b><span style=\"font-weight: 400;\">. Lo spray per difendersi con un pratico clip che Vi accompagna dappertutto: facendo jogging nel bosco, nel garage sotterrano o in un vicolo buio.<\/span><\/p>\n","protected":false},"featured_media":104822,"comment_status":"closed","ping_status":"closed","template":"","meta":{"inline_featured_image":false},"product_brand":[],"product_cat":[888,1945],"product_tag":[1782],"class_list":{"0":"post-104829","1":"product","2":"type-product","3":"status-publish","4":"has-post-thumbnail","6":"product_cat-accessori","7":"product_cat-organizzazioni-a-luce-blu-sicurezza","8":"product_tag-polizia-sicurezza","10":"first","11":"instock","12":"taxable","13":"shipping-taxable","14":"purchasable","15":"product-type-simple"},"_links":{"self":[{"href":"https:\/\/metal-badge.ch\/it\/wp-json\/wp\/v2\/product\/104829","targetHints":{"allow":["GET"]}}],"collection":[{"href":"https:\/\/metal-badge.ch\/it\/wp-json\/wp\/v2\/product"}],"about":[{"href":"https:\/\/metal-badge.ch\/it\/wp-json\/wp\/v2\/types\/product"}],"replies":[{"embeddable":true,"href":"https:\/\/metal-badge.ch\/it\/wp-json\/wp\/v2\/comments?post=104829"}],"wp:featuredmedia":[{"embeddable":true,"href":"https:\/\/metal-badge.ch\/it\/wp-json\/wp\/v2\/media\/104822"}],"wp:attachment":[{"href":"https:\/\/metal-badge.ch\/it\/wp-json\/wp\/v2\/media?parent=104829"}],"wp:term":[{"taxonomy":"product_brand","embeddable":true,"href":"https:\/\/metal-badge.ch\/it\/wp-json\/wp\/v2\/product_brand?post=104829"},{"taxonomy":"product_cat","embeddable":true,"href":"https:\/\/metal-badge.ch\/it\/wp-json\/wp\/v2\/product_cat?post=104829"},{"taxonomy":"product_tag","embeddable":true,"href":"https:\/\/metal-badge.ch\/it\/wp-json\/wp\/v2\/product_tag?post=104829"}],"curies":[{"name":"wp","href":"https:\/\/api.w.org\/{rel}","templated":true}]}}