{"id":103677,"date":"2021-05-04T07:09:56","date_gmt":"2021-05-04T05:09:56","guid":{"rendered":"https:\/\/shop.metal-badge.ch\/product\/103677\/giacca-a-vento-per-uomo-windbreaker-impermeabile\/"},"modified":"2021-05-04T08:29:32","modified_gmt":"2021-05-04T06:29:32","slug":"giacca-a-vento-per-uomo-windbreaker-impermeabile-blu","status":"publish","type":"product","link":"https:\/\/metal-badge.ch\/it\/product\/103677\/giacca-a-vento-per-uomo-windbreaker-impermeabile-blu\/","title":{"rendered":"Giacca a vento per uomo, windbreaker, impermeabile &#8211; blu"},"content":{"rendered":"<p><span style=\"font-weight: 400;\">Una giacca particolarmente leggera, resistente a vento e pioggia. Il cappuccio \u00e8 integrato nel colletto e dotato di un cordoncino elastico. Cerniera continuata, due ampie tasce laterali anche esse con cerniera. Polsini con banda elastica. Cinta regolabile tramite cordoncino elastico. La giacca e realizzata in nylon con rivestimetno in AC. Questa giacca a vento ultaleggera con un peso di appeno 150 gr. pu\u00f2 essere arrotolate facilmente e riposta nella tasca del pantalone. Grazie alla sua vestibilit\u00e0 offre ampia libert\u00e0 di movimento ed \u00e8 quindi adatta come giacca per allenarsi, per fare jogging, correre in montagna o al lago. Giacca a vento ideale.&nbsp;&nbsp;<\/span><\/p>\n<p><b>Informazioni prodotto:<\/b><\/p>\n<ul>\n<li><span style=\"font-weight: 400;\">Windbreaker CP1-153<\/span><\/li>\n<li><span style=\"font-weight: 400;\">Materiale: 100 % nylon Ripstop con rivestimento in AC<\/span><\/li>\n<li><span style=\"font-weight: 400;\">Colore: blu<\/span><\/li>\n<li><span style=\"font-weight: 400;\">Il cappuccio pu\u00f2 essere riposto nel colletto&nbsp;<\/span><\/li>\n<li><span style=\"font-weight: 400;\">Cappuccio: con cordoncino per la regolazione<\/span><\/li>\n<li><span style=\"font-weight: 400;\">Protezione vento: resistente al vento&nbsp;<\/span><\/li>\n<li><span style=\"font-weight: 400;\">Protezione pioggia: impermeabile<\/span><\/li>\n<li><span style=\"font-weight: 400;\">Taglio moderno con ampia libert\u00e0 di movimento<\/span><\/li>\n<li><span style=\"font-weight: 400;\">Peso: 160 gr. ultraleggero<\/span><\/li>\n<li><span style=\"font-weight: 400;\">Maniche a sinistra e a destra all\u2019esterno: Velcro per logo ecc con larghezza di 9cm x 6cm di altezza<\/span><\/li>\n<li><span style=\"font-weight: 400;\">Due ampie tasche estern con cerniera&nbsp;<\/span><\/li>\n<li><span style=\"font-weight: 400;\">Polsini con banda elastica<\/span><\/li>\n<li><span style=\"font-weight: 400;\">Cinta regolabile tramite cordoncino elastico&nbsp;<\/span><\/li>\n<li><span style=\"font-weight: 400;\">Misure: S, M, L, XL, 2XL, 3XL<\/span><\/li>\n<\/ul>\n<table style=\"width: 69.11912353347272%; height: 256px;\" cellspacing=\"0\" cellpadding=\"0\">\n<tbody>\n<tr>\n<td style=\"width: 30.70739549839228%;\" valign=\"top\">&nbsp;<\/td>\n<td style=\"width: 10.128617363344052%; text-align: center;\" valign=\"top\"><b>S<\/b><\/td>\n<td style=\"width: 9.807073954983924%; text-align: center;\" valign=\"top\"><b>M<\/b><\/td>\n<td style=\"width: 9.967845659163988%; text-align: center;\" valign=\"top\"><b>L<\/b><\/td>\n<td style=\"width: 10.610932475884244%; text-align: center;\" valign=\"top\"><b>XL<\/b><\/td>\n<td style=\"width: 14.14790996784566%; text-align: center;\" valign=\"top\"><b>2XL<\/b><\/td>\n<td style=\"width: 14.469453376205788%; text-align: center;\" valign=\"top\"><b>3XL<\/b><\/td>\n<\/tr>\n<tr>\n<td style=\"width: 30.70739549839228%;\" valign=\"top\"><b>Length<\/b><\/td>\n<td style=\"width: 10.128617363344052%; text-align: center;\" valign=\"top\">71<\/td>\n<td style=\"width: 9.807073954983924%; text-align: center;\" valign=\"top\">73<\/td>\n<td style=\"width: 9.967845659163988%; text-align: center;\" valign=\"top\">75<\/td>\n<td style=\"width: 10.610932475884244%; text-align: center;\" valign=\"top\">77<\/td>\n<td style=\"width: 14.14790996784566%; text-align: center;\" valign=\"top\">79<\/td>\n<td style=\"width: 14.469453376205788%; text-align: center;\" valign=\"top\">81<\/td>\n<\/tr>\n<tr>\n<td style=\"width: 30.70739549839228%;\" valign=\"top\"><b>Shoulder<\/b><\/td>\n<td style=\"width: 10.128617363344052%; text-align: center;\" valign=\"top\">47<\/td>\n<td style=\"width: 9.807073954983924%; text-align: center;\" valign=\"top\">48<\/td>\n<td style=\"width: 9.967845659163988%; text-align: center;\" valign=\"top\">49<\/td>\n<td style=\"width: 10.610932475884244%; text-align: center;\" valign=\"top\">50<\/td>\n<td style=\"width: 14.14790996784566%; text-align: center;\" valign=\"top\">51<\/td>\n<td style=\"width: 14.469453376205788%; text-align: center;\" valign=\"top\">52<\/td>\n<\/tr>\n<tr>\n<td style=\"width: 30.70739549839228%;\" valign=\"top\"><b>Chest<\/b><\/td>\n<td style=\"width: 10.128617363344052%; text-align: center;\" valign=\"top\">110<\/td>\n<td style=\"width: 9.807073954983924%; text-align: center;\" valign=\"top\">114<\/td>\n<td style=\"width: 9.967845659163988%; text-align: center;\" valign=\"top\">118<\/td>\n<td style=\"width: 10.610932475884244%; text-align: center;\" valign=\"top\">122<\/td>\n<td style=\"width: 14.14790996784566%; text-align: center;\" valign=\"top\">126<\/td>\n<td style=\"width: 14.469453376205788%; text-align: center;\" valign=\"top\">130<\/td>\n<\/tr>\n<tr>\n<td style=\"width: 30.70739549839228%;\" valign=\"top\"><b>Sleeve<\/b><\/td>\n<td style=\"width: 10.128617363344052%; text-align: center;\" valign=\"top\">62<\/td>\n<td style=\"width: 9.807073954983924%; text-align: center;\" valign=\"top\">63<\/td>\n<td style=\"width: 9.967845659163988%; text-align: center;\" valign=\"top\">64<\/td>\n<td style=\"width: 10.610932475884244%; text-align: center;\" valign=\"top\">65<\/td>\n<td style=\"width: 14.14790996784566%; text-align: center;\" valign=\"top\">66<\/td>\n<td style=\"width: 14.469453376205788%; text-align: center;\" valign=\"top\">67<\/td>\n<\/tr>\n<\/tbody>\n<\/table>\n","protected":false},"excerpt":{"rendered":"<p><span style=\"font-weight: 400;\">Una giacca particolarmente leggera, resistente a vento e pioggia. Il cappuccio \u00e8 integrato nel colletto e dotato di un cordoncino elastico. Cerniera continuata, due ampie tasce laterali anche esse con cerniera. Polsini con banda elastica. Cinta regolabile tramite cordoncino elastico. La giacca e realizzata in nylon con rivestimetno in AC. Questa giacca a vento ultaleggera con un peso di appeno 150 gr. pu\u00f2 essere arrotolate facilmente e riposta nella tasca del pantalone. Grazie alla sua vestibilit\u00e0 offre ampia libert\u00e0 di movimento ed \u00e8 quindi adatta come giacca per allenarsi, per fare jogging, correre in montagna o al lago. Giacca a vento ideale.&nbsp;&nbsp;<\/span><\/p>\n","protected":false},"featured_media":103634,"comment_status":"closed","ping_status":"closed","template":"","meta":{"inline_featured_image":false},"product_brand":[],"product_cat":[1599],"product_tag":[1766],"class_list":{"0":"post-103677","1":"product","2":"type-product","3":"status-publish","4":"has-post-thumbnail","6":"product_cat-giacca-a-vento","7":"product_tag-sport-outdoor-it","9":"first","10":"instock","11":"taxable","12":"shipping-taxable","13":"purchasable","14":"product-type-simple"},"_links":{"self":[{"href":"https:\/\/metal-badge.ch\/it\/wp-json\/wp\/v2\/product\/103677","targetHints":{"allow":["GET"]}}],"collection":[{"href":"https:\/\/metal-badge.ch\/it\/wp-json\/wp\/v2\/product"}],"about":[{"href":"https:\/\/metal-badge.ch\/it\/wp-json\/wp\/v2\/types\/product"}],"replies":[{"embeddable":true,"href":"https:\/\/metal-badge.ch\/it\/wp-json\/wp\/v2\/comments?post=103677"}],"wp:featuredmedia":[{"embeddable":true,"href":"https:\/\/metal-badge.ch\/it\/wp-json\/wp\/v2\/media\/103634"}],"wp:attachment":[{"href":"https:\/\/metal-badge.ch\/it\/wp-json\/wp\/v2\/media?parent=103677"}],"wp:term":[{"taxonomy":"product_brand","embeddable":true,"href":"https:\/\/metal-badge.ch\/it\/wp-json\/wp\/v2\/product_brand?post=103677"},{"taxonomy":"product_cat","embeddable":true,"href":"https:\/\/metal-badge.ch\/it\/wp-json\/wp\/v2\/product_cat?post=103677"},{"taxonomy":"product_tag","embeddable":true,"href":"https:\/\/metal-badge.ch\/it\/wp-json\/wp\/v2\/product_tag?post=103677"}],"curies":[{"name":"wp","href":"https:\/\/api.w.org\/{rel}","templated":true}]}}