{"id":103359,"date":"2021-05-01T08:05:31","date_gmt":"2021-05-01T06:05:31","guid":{"rendered":"https:\/\/shop.metal-badge.ch\/product\/103359\/coltello-da-combattimento-fox-u-s-military-knife\/"},"modified":"2021-05-01T08:05:31","modified_gmt":"2021-05-01T06:05:31","slug":"coltello-da-combattimento-fox-u-s-military-knife","status":"publish","type":"product","link":"https:\/\/metal-badge.ch\/it\/product\/103359\/coltello-da-combattimento-fox-u-s-military-knife\/","title":{"rendered":"Coltello da combattimento Fox U.S. Military Knife"},"content":{"rendered":"<p><span style=\"font-weight: 400;\">Coltello fisso da combattimento ideale per attivit\u00e0 survival all\u2019aperto. Il manico \u00e8 in plastica gommata e garantisce un\u2019ottima presa. La lama multifunzione con affilatura uncino e seghettatura \u00e8 l\u2019utensile adatto a tutte le situazioni di sopravvivenza. Sulla parte superiore del manico il coltello \u00e8 dotato di un percussore. L\u2019apertura offre diverse possibilit\u00e0 di fissaggio. Nella confezione \u00e8 anche presente un fodero nero in nylon con una piccola tasca esterna per la mola. Dotato di una cordicella che pu\u00f2 essere utilizzata anche come tracolla.<\/span><\/p>\n<p><b>Informazioni prodotto:<\/b><\/p>\n<ul>\n<li><span style=\"font-weight: 400;\">Marca: Fox <\/span><span style=\"font-weight: 400;\"><br \/>\n<\/span><\/li>\n<li><span style=\"font-weight: 400;\">Tipo: coltello fisso <\/span><span style=\"font-weight: 400;\"><br \/>\n<\/span><\/li>\n<li><span style=\"font-weight: 400;\">Colore: nero<\/span><\/li>\n<li><span style=\"font-weight: 400;\">Materiale manico: plastica gommata <\/span><span style=\"font-weight: 400;\"><br \/>\n<\/span><\/li>\n<li><span style=\"font-weight: 400;\">Lunghezza totale: 27.0 cm<\/span><span style=\"font-weight: 400;\"><br \/>\n<\/span><\/li>\n<li><span style=\"font-weight: 400;\">Lunghezza manico: 11.5 cm<\/span><span style=\"font-weight: 400;\"><br \/>\n<\/span><\/li>\n<li><span style=\"font-weight: 400;\">Spessore manico: 2.2 cm<\/span><span style=\"font-weight: 400;\"><br \/>\n<\/span><\/li>\n<li><span style=\"font-weight: 400;\">Lunghezza lama: 14.5 cm <\/span><span style=\"font-weight: 400;\"><br \/>\n<\/span><\/li>\n<li><span style=\"font-weight: 400;\">Spessore lama: 4.6 mm<\/span><span style=\"font-weight: 400;\"><br \/>\n<\/span><\/li>\n<li><span style=\"font-weight: 400;\">Larghezza lama: 3.5 cm<\/span><span style=\"font-weight: 400;\"><br \/>\n<\/span><\/li>\n<li><span style=\"font-weight: 400;\">Peso: 250 gr. <\/span><span style=\"font-weight: 400;\"><br \/>\n<\/span><\/li>\n<li><span style=\"font-weight: 400;\">Lama: Titanio rivestito <\/span><span style=\"font-weight: 400;\"><br \/>\n<\/span><\/li>\n<li><span style=\"font-weight: 400;\">Spessore lama: 57 HRC<\/span><\/li>\n<\/ul>\n","protected":false},"excerpt":{"rendered":"<p><span style=\"font-weight: 400;\">Coltello fisso da combattimento ideale per attivit\u00e0 survival all\u2019aperto. Il manico \u00e8 in plastica gommata e garantisce un\u2019ottima presa. La lama multifunzione con affilatura uncino e seghettatura \u00e8 l\u2019utensile adatto a tutte le situazioni di sopravvivenza.<\/span><\/p>\n","protected":false},"featured_media":103323,"comment_status":"closed","ping_status":"closed","template":"","meta":{"inline_featured_image":false},"product_brand":[],"product_cat":[1036],"product_tag":[],"class_list":{"0":"post-103359","1":"product","2":"type-product","3":"status-publish","4":"has-post-thumbnail","6":"product_cat-coltelli-machete","8":"first","9":"instock","10":"taxable","11":"shipping-taxable","12":"purchasable","13":"product-type-simple"},"_links":{"self":[{"href":"https:\/\/metal-badge.ch\/it\/wp-json\/wp\/v2\/product\/103359","targetHints":{"allow":["GET"]}}],"collection":[{"href":"https:\/\/metal-badge.ch\/it\/wp-json\/wp\/v2\/product"}],"about":[{"href":"https:\/\/metal-badge.ch\/it\/wp-json\/wp\/v2\/types\/product"}],"replies":[{"embeddable":true,"href":"https:\/\/metal-badge.ch\/it\/wp-json\/wp\/v2\/comments?post=103359"}],"wp:featuredmedia":[{"embeddable":true,"href":"https:\/\/metal-badge.ch\/it\/wp-json\/wp\/v2\/media\/103323"}],"wp:attachment":[{"href":"https:\/\/metal-badge.ch\/it\/wp-json\/wp\/v2\/media?parent=103359"}],"wp:term":[{"taxonomy":"product_brand","embeddable":true,"href":"https:\/\/metal-badge.ch\/it\/wp-json\/wp\/v2\/product_brand?post=103359"},{"taxonomy":"product_cat","embeddable":true,"href":"https:\/\/metal-badge.ch\/it\/wp-json\/wp\/v2\/product_cat?post=103359"},{"taxonomy":"product_tag","embeddable":true,"href":"https:\/\/metal-badge.ch\/it\/wp-json\/wp\/v2\/product_tag?post=103359"}],"curies":[{"name":"wp","href":"https:\/\/api.w.org\/{rel}","templated":true}]}}