{"id":102971,"date":"2021-04-28T04:34:40","date_gmt":"2021-04-28T02:34:40","guid":{"rendered":"https:\/\/shop.metal-badge.ch\/?post_type=product&#038;p=102971"},"modified":"2021-04-28T04:55:29","modified_gmt":"2021-04-28T02:55:29","slug":"giacca-in-pelle-scamosciata-velluto-marrone","status":"publish","type":"product","link":"https:\/\/metal-badge.ch\/it\/product\/102971\/giacca-in-pelle-scamosciata-velluto-marrone\/","title":{"rendered":"Giacca in pelle scamosciata \/ velluto marrone"},"content":{"rendered":"<p><span style=\"font-weight: 400;\">Giubba sportiva in pelle morbida di capra finemente lavorata. Le giacche di velluto sono molto confortevoli da indossare con il caldo dato che questo tipo di pelle \u00e8 molto porosa. La pelle di capra \u00e8 sicuramente la migliore per realizzare una giacca larga e comoda da indossare<\/span><span style=\"font-weight: 400;\">. Ci\u00f2 \u00e8 dovuto a come sono legate le fibre tra di loro e consente una lavorazione della pelle molto fine. Si pu\u00f2 quindi dire che la pelle di caprea \u00e8 molto leggere e resistente. Una giacca in pelle scamosciata \u00e8 molto facile da tenere pulica, basta spazzolarla e scuoterla<\/span><span style=\"font-weight: 400;\">.<\/span><\/p>\n<p><b>Informazioni prodotto:<\/b><\/p>\n<ul>\n<li><span style=\"font-weight: 400;\">Materiale: velluto di capra \/ pelle scamosciata<\/span><\/li>\n<li><span style=\"font-weight: 400;\">Colore: marrone<\/span><\/li>\n<li><span style=\"font-weight: 400;\">Taglio leggero<\/span><\/li>\n<li><span style=\"font-weight: 400;\">2x ampie tasche interne<\/span><\/li>\n<li><span style=\"font-weight: 400;\">2x ampie tasche esterne<\/span><\/li>\n<li><span style=\"font-weight: 400;\">2x tasche esterne con bottoni a chiusura rapida &nbsp; <\/span><span style=\"font-weight: 400;\"><br \/>\n<\/span><\/li>\n<li><span style=\"font-weight: 400;\">Cerniera YKK con bottoniera nascosta<\/span><span style=\"font-weight: 400;\"><br \/>\n<\/span><\/li>\n<li><span style=\"font-weight: 400;\">Polsini regolabili con bottoni a chiusura rapida<\/span><span style=\"font-weight: 400;\"><br \/>\n<\/span><\/li>\n<li><span style=\"font-weight: 400;\">Colletto alzato ripiegabile<\/span><\/li>\n<li><span style=\"font-weight: 400;\">Regolabile sulla vita tramite bottoni<\/span><\/li>\n<li><span style=\"font-weight: 400;\">Materiale interno: poliestere<\/span><\/li>\n<li><span style=\"font-weight: 400;\">Peso: circa 900 gr.&nbsp;<\/span><\/li>\n<li><span style=\"font-weight: 400;\">Misure: S, M, L, XL <\/span><span style=\"font-weight: 400;\"><br \/>\n<\/span><\/li>\n<\/ul>\n<p><span style=\"font-weight: 400;\">Con un sovrapprezzo sono disponibili anche misure extra grandi o individuali.<\/span><\/p>\n","protected":false},"excerpt":{"rendered":"<p><span style=\"font-weight: 400;\">Giubba sportiva in pelle morbida di capra finemente lavorata. Le giacche di velluto sono molto confortevoli da indossare con il caldo dato che questo tipo di pelle \u00e8 molto porosa. La pelle di capra \u00e8 sicuramente la migliore per realizzare una giacca larga e comoda da indossare<\/span><span style=\"font-weight: 400;\">. Ci\u00f2 \u00e8 dovuto a come sono legate le fibre tra di loro e consente una lavorazione della pelle molto fine. Si pu\u00f2 quindi dire che la pelle di caprea \u00e8 molto leggere e resistente. Una giacca in pelle scamosciata \u00e8 molto facile da tenere pulica, basta spazzolarla e scuoterla<\/span><span style=\"font-weight: 400;\">.<\/span><\/p>\n","protected":false},"featured_media":102975,"comment_status":"closed","ping_status":"closed","template":"","meta":{"inline_featured_image":false},"product_brand":[],"product_cat":[1595],"product_tag":[],"class_list":{"0":"post-102971","1":"product","2":"type-product","3":"status-publish","4":"has-post-thumbnail","6":"product_cat-giacche-di-cuoio","8":"first","9":"instock","10":"taxable","11":"shipping-taxable","12":"purchasable","13":"product-type-simple"},"_links":{"self":[{"href":"https:\/\/metal-badge.ch\/it\/wp-json\/wp\/v2\/product\/102971","targetHints":{"allow":["GET"]}}],"collection":[{"href":"https:\/\/metal-badge.ch\/it\/wp-json\/wp\/v2\/product"}],"about":[{"href":"https:\/\/metal-badge.ch\/it\/wp-json\/wp\/v2\/types\/product"}],"replies":[{"embeddable":true,"href":"https:\/\/metal-badge.ch\/it\/wp-json\/wp\/v2\/comments?post=102971"}],"wp:featuredmedia":[{"embeddable":true,"href":"https:\/\/metal-badge.ch\/it\/wp-json\/wp\/v2\/media\/102975"}],"wp:attachment":[{"href":"https:\/\/metal-badge.ch\/it\/wp-json\/wp\/v2\/media?parent=102971"}],"wp:term":[{"taxonomy":"product_brand","embeddable":true,"href":"https:\/\/metal-badge.ch\/it\/wp-json\/wp\/v2\/product_brand?post=102971"},{"taxonomy":"product_cat","embeddable":true,"href":"https:\/\/metal-badge.ch\/it\/wp-json\/wp\/v2\/product_cat?post=102971"},{"taxonomy":"product_tag","embeddable":true,"href":"https:\/\/metal-badge.ch\/it\/wp-json\/wp\/v2\/product_tag?post=102971"}],"curies":[{"name":"wp","href":"https:\/\/api.w.org\/{rel}","templated":true}]}}