{"id":102943,"date":"2021-04-28T01:43:32","date_gmt":"2021-04-27T23:43:32","guid":{"rendered":"https:\/\/shop.metal-badge.ch\/?post_type=product&#038;p=102943"},"modified":"2021-04-28T02:10:07","modified_gmt":"2021-04-28T00:10:07","slug":"giacca-in-pelle-scamosciata-velluto-marrone-scuro","status":"publish","type":"product","link":"https:\/\/metal-badge.ch\/it\/product\/102943\/giacca-in-pelle-scamosciata-velluto-marrone-scuro\/","title":{"rendered":"Giacca in pelle scamosciata \/ velluto marrone scuro"},"content":{"rendered":"<p><span style=\"font-weight: 400;\">Giubba sportiva in pelle morbida di capra finemente lavorata. Le giacche di velluto sono molto confortevoli da indossare con il caldo dato che questo tipo di pelle \u00e8 molto porosa. La pelle di capra \u00e8 sicuramente la migliore per realizzare una giacca larga e comoda da indossare<\/span><span style=\"font-weight: 400;\">. Ci\u00f2 \u00e8 dovuto a come sono legate le fibre tra di loro e consente una lavorazione della pelle molto fine. Si pu\u00f2 quindi dire che la pelle di caprea \u00e8 molto leggere e resistente. Una giacca in pelle scamosciata \u00e8 molto facile da tenere pulica, basta spazzolarla e scuoterla<\/span><span style=\"font-weight: 400;\">.<\/span><\/p>\n<p><b>Informazioni prodotto:<\/b><\/p>\n<ul>\n<li><span style=\"font-weight: 400;\">Materiale: velluto di capra \/ pelle scamosciata<\/span><\/li>\n<li><span style=\"font-weight: 400;\">Colore: marrone scuro<\/span><\/li>\n<li><span style=\"font-weight: 400;\">Taglio leggero<\/span><\/li>\n<li><span style=\"font-weight: 400;\">1x ampia tasca interna con cerniera<\/span><\/li>\n<li><span style=\"font-weight: 400;\">1x ampia tasche interna con<\/span><\/li>\n<li><span style=\"font-weight: 400;\">2x tasche esterne&nbsp;<\/span><\/li>\n<li><span style=\"font-weight: 400;\">Materiale interno: poliestere<\/span><span style=\"font-weight: 400;\"><br \/>\n<\/span><span style=\"font-weight: 400;\">Colletto alzato ripiegabile<\/span><\/li>\n<li><span style=\"font-weight: 400;\">Peso: circa 850 gr.&nbsp;<\/span><\/li>\n<li><span style=\"font-weight: 400;\">Misure: S, M, L, XL&nbsp;<\/span><span style=\"font-weight: 400;\"><br \/>\n<\/span><\/li>\n<\/ul>\n","protected":false},"excerpt":{"rendered":"<p><span style=\"font-weight: 400;\">Giubba sportiva in pelle morbida di capra finemente lavorata. Le giacche di velluto sono molto confortevoli da indossare con il caldo dato che questo tipo di pelle \u00e8 molto porosa. La pelle di capra \u00e8 sicuramente la migliore per realizzare una giacca larga e comoda da indossare<\/span><span style=\"font-weight: 400;\">. <\/span><\/p>\n","protected":false},"featured_media":102947,"comment_status":"closed","ping_status":"closed","template":"","meta":{"inline_featured_image":false},"product_brand":[],"product_cat":[1595],"product_tag":[],"class_list":{"0":"post-102943","1":"product","2":"type-product","3":"status-publish","4":"has-post-thumbnail","6":"product_cat-giacche-di-cuoio","8":"first","9":"instock","10":"taxable","11":"shipping-taxable","12":"purchasable","13":"product-type-simple"},"_links":{"self":[{"href":"https:\/\/metal-badge.ch\/it\/wp-json\/wp\/v2\/product\/102943","targetHints":{"allow":["GET"]}}],"collection":[{"href":"https:\/\/metal-badge.ch\/it\/wp-json\/wp\/v2\/product"}],"about":[{"href":"https:\/\/metal-badge.ch\/it\/wp-json\/wp\/v2\/types\/product"}],"replies":[{"embeddable":true,"href":"https:\/\/metal-badge.ch\/it\/wp-json\/wp\/v2\/comments?post=102943"}],"wp:featuredmedia":[{"embeddable":true,"href":"https:\/\/metal-badge.ch\/it\/wp-json\/wp\/v2\/media\/102947"}],"wp:attachment":[{"href":"https:\/\/metal-badge.ch\/it\/wp-json\/wp\/v2\/media?parent=102943"}],"wp:term":[{"taxonomy":"product_brand","embeddable":true,"href":"https:\/\/metal-badge.ch\/it\/wp-json\/wp\/v2\/product_brand?post=102943"},{"taxonomy":"product_cat","embeddable":true,"href":"https:\/\/metal-badge.ch\/it\/wp-json\/wp\/v2\/product_cat?post=102943"},{"taxonomy":"product_tag","embeddable":true,"href":"https:\/\/metal-badge.ch\/it\/wp-json\/wp\/v2\/product_tag?post=102943"}],"curies":[{"name":"wp","href":"https:\/\/api.w.org\/{rel}","templated":true}]}}