{"id":102807,"date":"2021-04-27T19:58:41","date_gmt":"2021-04-27T17:58:41","guid":{"rendered":"https:\/\/shop.metal-badge.ch\/?post_type=product&#038;p=102807"},"modified":"2021-04-27T20:12:11","modified_gmt":"2021-04-27T18:12:11","slug":"materassino-isolante-da-campeggio","status":"publish","type":"product","link":"https:\/\/metal-badge.ch\/it\/product\/102807\/materassino-isolante-da-campeggio\/","title":{"rendered":"Materassino isolante da campeggio"},"content":{"rendered":"<p><span style=\"font-weight: 400;\">Materassino isolante autogonfiante con un morbido rivestimeneto. Il materassino viene gonfiato tramite una seconda valvola. L\u2019ampia camera d\u2019aria della zona in cui si si distende si gonfia da sola aprendo la valvola principale. In circa 30 secondi essa \u00e8 del tutto gonfia. Continuando a soffiare il materasso pu\u00f2 essere gonfiato e diventare un po pi\u00f9 duro. Basta poi chiudere la valvola per concludere l\u2019operazione di gonfiaggio. Questo materasso ha ottime caratteristiche di isolamento e protegge dal freddo e dall\u2019umidit\u00e0 del suolo. Con il materassino isolante integrato non senirete le pietre e potrete dormire molto bene anche su una superficie dura. Il materassino \u00e8 facilmente lavabile e impermeabile al 100%. Esso \u00e8 realizzato in PVC robusto e resistente ed \u00e8 perfettamente adatto per viaggiare, per il campeggio o per la spiaggia. Esso viene offerto in una borsetta di nylon salvaspazio. Su un lato il materanno \u00e8 liscio e sull\u2019altro con dei groppetti che gatantiscono un milgiore comfort per dormire. Scegliete Voi stessi la Vostra zona di comfort ideale.<\/span><\/p>\n<p><b>Informazioni prodotto:<\/b><\/p>\n<ul>\n<li><span style=\"font-weight: 400;\">Materasso<\/span><\/li>\n<li><span style=\"font-weight: 400;\">Con borsetta in nylon&nbsp;<\/span><\/li>\n<li><span style=\"font-weight: 400;\">Autogonfiante<\/span><\/li>\n<li><span style=\"font-weight: 400;\">Materiale: PVC&nbsp;&nbsp;<\/span><\/li>\n<li><span style=\"font-weight: 400;\">Peso: 1700 gr.&nbsp;<\/span><\/li>\n<li><span style=\"font-weight: 400;\">Dimensioni: 190 cm x 60 cm x 6 cm<\/span><\/li>\n<li><span style=\"font-weight: 400;\">Dimensioni imballaggio: 64 cm x 13 cm&nbsp;<\/span><\/li>\n<li><span style=\"font-weight: 400;\">Colore: verde oliva <\/span><\/li>\n<\/ul>\n<p>&nbsp;<\/p>\n","protected":false},"excerpt":{"rendered":"<p><span style=\"font-weight: 400;\">Materassino isolante autogonfiante con un morbido rivestimeneto. Il materassino viene gonfiato tramite una seconda valvola. L\u2019ampia camera d\u2019aria della zona in cui si si distende si gonfia da sola aprendo la valvola principale. In circa 30 secondi essa \u00e8 del tutto gonfia. Continuando a soffiare il materasso pu\u00f2 essere gonfiato e diventare un po pi\u00f9 duro.<\/span><\/p>\n","protected":false},"featured_media":102811,"comment_status":"closed","ping_status":"closed","template":"","meta":{"inline_featured_image":false},"product_brand":[],"product_cat":[1436,1695],"product_tag":[],"class_list":{"0":"post-102807","1":"product","2":"type-product","3":"status-publish","4":"has-post-thumbnail","6":"product_cat-campeggio-viaggio","7":"product_cat-sacchi-a-pelo-sacchi-da-bivacco-amache","9":"first","10":"instock","11":"taxable","12":"shipping-taxable","13":"purchasable","14":"product-type-simple"},"_links":{"self":[{"href":"https:\/\/metal-badge.ch\/it\/wp-json\/wp\/v2\/product\/102807","targetHints":{"allow":["GET"]}}],"collection":[{"href":"https:\/\/metal-badge.ch\/it\/wp-json\/wp\/v2\/product"}],"about":[{"href":"https:\/\/metal-badge.ch\/it\/wp-json\/wp\/v2\/types\/product"}],"replies":[{"embeddable":true,"href":"https:\/\/metal-badge.ch\/it\/wp-json\/wp\/v2\/comments?post=102807"}],"wp:featuredmedia":[{"embeddable":true,"href":"https:\/\/metal-badge.ch\/it\/wp-json\/wp\/v2\/media\/102811"}],"wp:attachment":[{"href":"https:\/\/metal-badge.ch\/it\/wp-json\/wp\/v2\/media?parent=102807"}],"wp:term":[{"taxonomy":"product_brand","embeddable":true,"href":"https:\/\/metal-badge.ch\/it\/wp-json\/wp\/v2\/product_brand?post=102807"},{"taxonomy":"product_cat","embeddable":true,"href":"https:\/\/metal-badge.ch\/it\/wp-json\/wp\/v2\/product_cat?post=102807"},{"taxonomy":"product_tag","embeddable":true,"href":"https:\/\/metal-badge.ch\/it\/wp-json\/wp\/v2\/product_tag?post=102807"}],"curies":[{"name":"wp","href":"https:\/\/api.w.org\/{rel}","templated":true}]}}