{"id":102675,"date":"2021-04-27T17:10:24","date_gmt":"2021-04-27T15:10:24","guid":{"rendered":"https:\/\/shop.metal-badge.ch\/?post_type=product&#038;p=102675"},"modified":"2021-04-27T17:22:27","modified_gmt":"2021-04-27T15:22:27","slug":"cuscino-gonfiabile","status":"publish","type":"product","link":"https:\/\/metal-badge.ch\/it\/product\/102675\/cuscino-gonfiabile\/","title":{"rendered":"Cuscino gonfiabile"},"content":{"rendered":"<p><span style=\"font-weight: 400;\">Un pratico cuscino da viaggio idoneo per un utilizzo in campeggio, durante lunghi voli o anche in macchina e treno. Il cuscino gonfiabile, grazie alla sua ampia valvola, pu\u00f2 essere gonfiato velocissimamente con due soffi. L\u2019aria pu\u00f2 essere espulsa in pochi secondi premendo un bottone in modo da porter riporre il cuscino nuovamente nel bagaglio. Leggerissimo e salvaspazio. Sulla parte posteriore il cuscino \u00e8 dotato di groppetti antisvicolo. La superficie \u00e8 di un materiale estremamente soffice. <\/span><span style=\"font-weight: 400;\"><br \/>\n<\/span><span style=\"font-weight: 400;\">Il materiale in superficie \u00e8 traspirante, regola l\u2019umidit\u00e0 ed \u00e8 molto confortevole. Il cuscino \u00e8 anche a tenuta d\u2019aria ed impermeabile pertanto adatto ad essere utlizzazo in spiaggia o in piscina.&nbsp;<\/span><\/p>\n<p><b>Descrizione prodotto:&nbsp;<\/b><\/p>\n<ul>\n<li><span style=\"font-weight: 400;\">Modello: redcamp<\/span><\/li>\n<li><span style=\"font-weight: 400;\">Colore: marrone<\/span><\/li>\n<li><span style=\"font-weight: 400;\">Si gonfia da solo<\/span><\/li>\n<li><span style=\"font-weight: 400;\">Parte posteriore antiscivolo<\/span><\/li>\n<li><span style=\"font-weight: 400;\">Peso: 140 gr.&nbsp;<\/span><\/li>\n<li><span style=\"font-weight: 400;\">Rivestimento: vinile<\/span><\/li>\n<li><span style=\"font-weight: 400;\">Dimensione: lunghezza 45 cm x 32 cm larghezza x 15 cm altezza&nbsp;<\/span><\/li>\n<\/ul>\n<p>&nbsp;<\/p>\n<p>&nbsp;<\/p>\n","protected":false},"excerpt":{"rendered":"<p><span style=\"font-weight: 400;\">Un pratico cuscino da viaggio idoneo per un utilizzo in campeggio, durante lunghi voli o anche in macchina e treno. Il cuscino gonfiabile, grazie alla sua ampia valvola, pu\u00f2 essere gonfiato velocissimamente con due soffi. L\u2019aria pu\u00f2 essere espulsa in pochi secondi premendo un bottone in modo da porter riporre il cuscino nuovamente nel bagaglio. <\/span><\/p>\n","protected":false},"featured_media":102679,"comment_status":"closed","ping_status":"closed","template":"","meta":{"inline_featured_image":false},"product_brand":[],"product_cat":[1436,1695],"product_tag":[],"class_list":{"0":"post-102675","1":"product","2":"type-product","3":"status-publish","4":"has-post-thumbnail","6":"product_cat-campeggio-viaggio","7":"product_cat-sacchi-a-pelo-sacchi-da-bivacco-amache","9":"first","10":"instock","11":"taxable","12":"shipping-taxable","13":"purchasable","14":"product-type-simple"},"_links":{"self":[{"href":"https:\/\/metal-badge.ch\/it\/wp-json\/wp\/v2\/product\/102675","targetHints":{"allow":["GET"]}}],"collection":[{"href":"https:\/\/metal-badge.ch\/it\/wp-json\/wp\/v2\/product"}],"about":[{"href":"https:\/\/metal-badge.ch\/it\/wp-json\/wp\/v2\/types\/product"}],"replies":[{"embeddable":true,"href":"https:\/\/metal-badge.ch\/it\/wp-json\/wp\/v2\/comments?post=102675"}],"wp:featuredmedia":[{"embeddable":true,"href":"https:\/\/metal-badge.ch\/it\/wp-json\/wp\/v2\/media\/102679"}],"wp:attachment":[{"href":"https:\/\/metal-badge.ch\/it\/wp-json\/wp\/v2\/media?parent=102675"}],"wp:term":[{"taxonomy":"product_brand","embeddable":true,"href":"https:\/\/metal-badge.ch\/it\/wp-json\/wp\/v2\/product_brand?post=102675"},{"taxonomy":"product_cat","embeddable":true,"href":"https:\/\/metal-badge.ch\/it\/wp-json\/wp\/v2\/product_cat?post=102675"},{"taxonomy":"product_tag","embeddable":true,"href":"https:\/\/metal-badge.ch\/it\/wp-json\/wp\/v2\/product_tag?post=102675"}],"curies":[{"name":"wp","href":"https:\/\/api.w.org\/{rel}","templated":true}]}}