{"id":102647,"date":"2021-04-27T16:04:09","date_gmt":"2021-04-27T14:04:10","guid":{"rendered":"https:\/\/shop.metal-badge.ch\/?post_type=product&#038;p=102647"},"modified":"2021-06-23T02:35:44","modified_gmt":"2021-06-23T00:35:44","slug":"filtro-sostituitivo-in-ai-carboni-attivi-per-mascherina-pm2-5","status":"publish","type":"product","link":"https:\/\/metal-badge.ch\/it\/product\/102647\/filtro-sostituitivo-in-ai-carboni-attivi-per-mascherina-pm2-5\/","title":{"rendered":"Filtro sostituitivo in ai carboni attivi per mascherina PM2.5\u00a0"},"content":{"rendered":"<p><span style=\"font-weight: 400;\">Il filtro per la mascherina in stoffa \u00e8 dotata di 4 diversi strati. Nella parte interna della mascherina \u00e8 cucita una tasca per inserirvi facilmente un filtro PM2.5 ai carboni. La mascherina pu\u00f2 essere indossata con o senza filtro. Con il filtro chiaramente \u00e8 garantita una protezione migliore.&nbsp;<\/span><span style=\"font-weight: 400;\">&nbsp;<\/span><\/p>\n<p><b>Filtro sostituitivo ai carboni attivi<\/b><\/p>\n<p><span style=\"font-weight: 400;\">I nostri filtri sostituitivi ai carboni attivi sono costituiti da 5 diversi strati e possono filtrare particolato per le polveri sottili fino a 2.5 micron (PM \u2013 Particulate Matter). I filtri sostituitivi sono prodotti secondo lo <\/span><span style=\"font-weight: 400;\">Standard GB2626-2006<\/span><span style=\"font-weight: 400;\">&nbsp;ed hanno un\u2019efficienza filtrante del 97.8%. I filtri sostituitivi sono ideati per Community Masken dotate di tasca interna.<\/span><\/p>\n<p><b>Utilizzo<\/b><\/p>\n<p><span style=\"font-weight: 400;\">Lavatevi le mani prima di toccare il filtro. Inserite il filtro sostituitivo nella tasca interna prevista della Community Maske. I filtri sostituitivi possono essere utilizzati da entrambe le parti. Dopo circa 6-8 ore di utilizzo o se il filtro si inumidisce esso dovr\u00e0 essere rimosso e sostituito con uno nuovo.<\/span><\/p>\n<p><b>Ulteriori informazioni<\/b><\/p>\n<ul>\n<li><span style=\"font-weight: 400;\">Prodotto: filtro sostitutivo<\/span><\/li>\n<li><span style=\"font-weight: 400;\">Materiale: tessuto non tessuto in carboni attivi<\/span><\/li>\n<li><span style=\"font-weight: 400;\">Dimensioni: Larghezza: 7.5 x Altezza: 12.5cm<\/span><\/li>\n<li><span style=\"font-weight: 400;\">Confezione: 5 pz. \/ sacchetto di plastica<\/span><\/li>\n<li><span style=\"font-weight: 400;\">Colore: bianco<\/span><\/li>\n<li><span style=\"font-weight: 400;\">Verificato dalla TTTS<\/span><\/li>\n<li><span style=\"font-weight: 400;\">Standards: GB 2626-2006<\/span><\/li>\n<\/ul>\n","protected":false},"excerpt":{"rendered":"<p><span style=\"font-weight: 400;\">Il filtro per la mascherina in stoffa \u00e8 dotata di 4 diversi strati. Nella parte interna della mascherina \u00e8 cucita una tasca per inserirvi facilmente un filtro PM2.5 ai carboni. La mascherina pu\u00f2 essere indossata con o senza filtro. Con il filtro chiaramente \u00e8 garantita una protezione migliore.&nbsp;<\/span><span style=\"font-weight: 400;\">&nbsp;<\/span><\/p>\n","protected":false},"featured_media":102498,"comment_status":"closed","ping_status":"closed","template":"","meta":{"inline_featured_image":false},"product_brand":[],"product_cat":[1638],"product_tag":[],"class_list":{"0":"post-102647","1":"product","2":"type-product","3":"status-publish","4":"has-post-thumbnail","6":"product_cat-protezione-per-il-viso-maschere","8":"first","9":"instock","10":"taxable","11":"shipping-taxable","12":"purchasable","13":"product-type-simple"},"_links":{"self":[{"href":"https:\/\/metal-badge.ch\/it\/wp-json\/wp\/v2\/product\/102647","targetHints":{"allow":["GET"]}}],"collection":[{"href":"https:\/\/metal-badge.ch\/it\/wp-json\/wp\/v2\/product"}],"about":[{"href":"https:\/\/metal-badge.ch\/it\/wp-json\/wp\/v2\/types\/product"}],"replies":[{"embeddable":true,"href":"https:\/\/metal-badge.ch\/it\/wp-json\/wp\/v2\/comments?post=102647"}],"wp:featuredmedia":[{"embeddable":true,"href":"https:\/\/metal-badge.ch\/it\/wp-json\/wp\/v2\/media\/102498"}],"wp:attachment":[{"href":"https:\/\/metal-badge.ch\/it\/wp-json\/wp\/v2\/media?parent=102647"}],"wp:term":[{"taxonomy":"product_brand","embeddable":true,"href":"https:\/\/metal-badge.ch\/it\/wp-json\/wp\/v2\/product_brand?post=102647"},{"taxonomy":"product_cat","embeddable":true,"href":"https:\/\/metal-badge.ch\/it\/wp-json\/wp\/v2\/product_cat?post=102647"},{"taxonomy":"product_tag","embeddable":true,"href":"https:\/\/metal-badge.ch\/it\/wp-json\/wp\/v2\/product_tag?post=102647"}],"curies":[{"name":"wp","href":"https:\/\/api.w.org\/{rel}","templated":true}]}}