{"id":102593,"date":"2021-04-26T11:12:23","date_gmt":"2021-04-26T09:12:24","guid":{"rendered":"https:\/\/shop.metal-badge.ch\/?post_type=product&#038;p=102593"},"modified":"2021-06-23T03:12:24","modified_gmt":"2021-06-23T01:12:24","slug":"mascherina-lavabile-in-stoffa-mascherine-in-tessuto-mimetico","status":"publish","type":"product","link":"https:\/\/metal-badge.ch\/it\/product\/102593\/mascherina-lavabile-in-stoffa-mascherine-in-tessuto-mimetico\/","title":{"rendered":"Mascherina lavabile in stoffa  \/ mascherine in tessuto &#8211; mimetico"},"content":{"rendered":"<p><span style=\"font-weight: 400;\">Le nuove mascherine IF hanno un filtro integrato PM2.5 ai carboni attivi. La mascherina in stoffa \u00e8 pi\u00f9 comoda da indossare rispetto a quelle monouso ed \u00e8 anche pi\u00f9 ecologica. Rispetta la pelle, \u00e8 traspirante ed idonea anche a chi porta gli occhiali. Zona del mento e del naso pre-formata in modo da garantire una perfetta vestibilit\u00e0. 1 filtro \u00e8 gi\u00e0 inserito nella mascherina. <strong>Nella confezione si trova un ulteriore set con 5 filtri.<\/strong> Le mascherine sono lavabili a 60\u00b0 e riutilizzabili senza alcuna perdita di qualit\u00e0. Le dimensioni sono regolabili sulle orecchie.&nbsp;<\/span><\/p>\n<p><strong>A partire da 200 pezzi possiamo offrirvi le maschere allo stesso prezzo con il logo aziendale o con una scritta speciale. Fatecene richiesta.<\/strong><\/p>\n<p><span style=\"font-weight: 400;\">Macherine in stoffa non sono prodotti medicali ma comunque verificate ed approvate secondo lo standard ISO 14184. Grazie al loro filtro esse offrono una protezione generale contro i contagi e possono essere considerate mascherine FFP2.<\/span><\/p>\n<p><span style=\"font-weight: 400;\">Indossare una mascherina per strada ci fa sentire meglio e dimostra rispetto nei confronti degli altri.&nbsp;<\/span><\/p>\n<p><b>Informazioni prodotto:&nbsp;<\/b><\/p>\n<ul>\n<li><span style=\"font-weight: 400;\">Descrizione: mascherina in stoffa riutilizzabile&nbsp;<\/span><\/li>\n<li><span style=\"font-weight: 400;\">Materiale: 80 % cotone \/ 20 % poliestere&nbsp;<\/span><\/li>\n<li><span style=\"font-weight: 400;\">Colori: diverse versioni e colori disponibili&nbsp;<\/span><\/li>\n<li><span style=\"font-weight: 400;\">Morbidi elastici per le orecchie regolabili in lunghezza&nbsp; \u2013 senza effetto abrasione e adatti per ogni cranio, grazie alla possibilit\u00e0 di regolarli offrono un elevato comfort di vestibilit\u00e0<\/span><\/li>\n<li><span style=\"font-weight: 400;\">Design ergonomico, ideale per chi porta gli occhiali<\/span><\/li>\n<li><span style=\"font-weight: 400;\">Zona mento e naso pre-formata per un\u2019ideale vestibilit\u00e0<\/span><\/li>\n<li><span style=\"font-weight: 400;\">Lavabile e riutilizzabile \u2013 pu\u00f2 essere lavata anche ad alte temperature (60\u00b0C) in modo da eliminare i microbi<\/span><\/li>\n<li><span style=\"font-weight: 400;\">Dimensioni della mscherina: altezza 12 cm \/ larghezza 22 cm<\/span><\/li>\n<li><span style=\"font-weight: 400;\">Filtro: PM2.5 ai carboni attivi&nbsp;<\/span><\/li>\n<li><span style=\"font-weight: 400;\">Filtro semplice da sostituire<\/span><\/li>\n<li><span style=\"font-weight: 400;\">Dimensioni della sede per il filtro: larghezza: 8 cm \/ lunghezza: 12 cm<\/span><\/li>\n<li><span style=\"font-weight: 400;\">Filtri di ricambio: set da 5 filtri inclusi nella confezione<\/span><\/li>\n<\/ul>\n<p><b>Filtro sostituitivo in ai carboni attivi per mascherina PM2.5&nbsp;<\/b><\/p>\n<p><span style=\"font-weight: 400;\">Il filtro per la mascherina in stoffa \u00e8 dotata di 4 diversi strati. Nella parte interna della mascherina \u00e8 cucita una tasca per inserirvi facilmente un filtro PM2.5 ai carboni. La mascherina pu\u00f2 essere indossata con o senza filtro. Con il filtro chiaramente \u00e8 garantita una protezione migliore.&nbsp;<\/span><span style=\"font-weight: 400;\">&nbsp;<\/span><\/p>\n<p><b>Filtro sostituitivo ai carboni attivi<\/b><\/p>\n<p><span style=\"font-weight: 400;\">I nostri filtri sostituitivi ai carboni attivi sono costituiti da 5 diversi strati e possono filtrare particolato per le polveri sottili fino a 2.5 micron (PM \u2013 Particulate Matter). I filtri sostituitivi sono prodotti secondo lo <\/span><span style=\"font-weight: 400;\">Standard GB2626-2006<\/span><span style=\"font-weight: 400;\">&nbsp;ed hanno un\u2019efficienza filtrante del 97.8%. I filtri sostituitivi sono ideati per Community Masken dotate di tasca interna.<\/span><\/p>\n<p><b>Utilizzo<\/b><\/p>\n<p><span style=\"font-weight: 400;\">Lavatevi le mani prima di toccare il filtro. Inserite il filtro sostituitivo nella tasca interna prevista della Community Maske. I filtri sostituitivi possono essere utilizzati da entrambe le parti. Dopo circa 6-8 ore di utilizzo o se il filtro si inumidisce esso dovr\u00e0 essere rimosso e sostituito con uno nuovo.<\/span><\/p>\n<p><b>Ulteriori informazioni<\/b><\/p>\n<ul>\n<li><span style=\"font-weight: 400;\">Prodotto: filtro sostitutivo<\/span><\/li>\n<li><span style=\"font-weight: 400;\">Materiale: tessuto non tessuto in carboni attivi<\/span><\/li>\n<li><span style=\"font-weight: 400;\">Dimensioni: Larghezza: 7.5 x Altezza: 12.5cm<\/span><\/li>\n<li><span style=\"font-weight: 400;\">Confezione: 5 pz. \/ sacchetto di plastica<\/span><\/li>\n<li><span style=\"font-weight: 400;\">Colore: bianco<\/span><\/li>\n<li><span style=\"font-weight: 400;\">Verificato dalla TTTS<\/span><\/li>\n<li><span style=\"font-weight: 400;\">Standards: GB 2626-2006<\/span><\/li>\n<\/ul>\n","protected":false},"excerpt":{"rendered":"<p><span style=\"font-weight: 400;\">Le nuove mascherine IF hanno un filtro integrato PM2.5 ai carboni attivi. La mascherina in stoffa \u00e8 pi\u00f9 comoda da indossare rispetto a quelle monouso ed \u00e8 anche pi\u00f9 ecologica. Rispetta la pelle, \u00e8 traspirante ed idonea anche a chi porta gli occhiali. Zona del mento e del naso pre-formata in modo da garantire una perfetta vestibilit\u00e0. 1 filtro \u00e8 gi\u00e0 inserito nella mascherina. <strong>Nella confezione si trova un ulteriore set con 5 filtri.<\/strong> Le mascherine sono lavabili a 60\u00b0 e riutilizzabili senza alcuna perdita di qualit\u00e0. Le dimensioni sono regolabili sulle orecchie.&nbsp;<\/span><\/p>\n<p><strong>A partire da 200 pezzi possiamo offrirvi le maschere allo stesso prezzo con il logo aziendale o con una scritta speciale. Fatecene richiesta.<\/strong><\/p>\n","protected":false},"featured_media":102597,"comment_status":"closed","ping_status":"closed","template":"","meta":{"inline_featured_image":false},"product_brand":[],"product_cat":[1638],"product_tag":[],"class_list":{"0":"post-102593","1":"product","2":"type-product","3":"status-publish","4":"has-post-thumbnail","6":"product_cat-protezione-per-il-viso-maschere","8":"first","9":"instock","10":"taxable","11":"shipping-taxable","12":"purchasable","13":"product-type-simple"},"_links":{"self":[{"href":"https:\/\/metal-badge.ch\/it\/wp-json\/wp\/v2\/product\/102593","targetHints":{"allow":["GET"]}}],"collection":[{"href":"https:\/\/metal-badge.ch\/it\/wp-json\/wp\/v2\/product"}],"about":[{"href":"https:\/\/metal-badge.ch\/it\/wp-json\/wp\/v2\/types\/product"}],"replies":[{"embeddable":true,"href":"https:\/\/metal-badge.ch\/it\/wp-json\/wp\/v2\/comments?post=102593"}],"wp:featuredmedia":[{"embeddable":true,"href":"https:\/\/metal-badge.ch\/it\/wp-json\/wp\/v2\/media\/102597"}],"wp:attachment":[{"href":"https:\/\/metal-badge.ch\/it\/wp-json\/wp\/v2\/media?parent=102593"}],"wp:term":[{"taxonomy":"product_brand","embeddable":true,"href":"https:\/\/metal-badge.ch\/it\/wp-json\/wp\/v2\/product_brand?post=102593"},{"taxonomy":"product_cat","embeddable":true,"href":"https:\/\/metal-badge.ch\/it\/wp-json\/wp\/v2\/product_cat?post=102593"},{"taxonomy":"product_tag","embeddable":true,"href":"https:\/\/metal-badge.ch\/it\/wp-json\/wp\/v2\/product_tag?post=102593"}],"curies":[{"name":"wp","href":"https:\/\/api.w.org\/{rel}","templated":true}]}}