{"id":102313,"date":"2021-04-19T21:06:34","date_gmt":"2021-04-19T19:06:35","guid":{"rendered":"https:\/\/shop.metal-badge.ch\/?post_type=product&#038;p=102313"},"modified":"2021-05-19T22:47:40","modified_gmt":"2021-05-19T20:47:40","slug":"giacca-e-pantalone-impermeabile-segnaletico-giallo-fosforescente-con-strisce-riflettenti-3m-a-norma-en-471","status":"publish","type":"product","link":"https:\/\/metal-badge.ch\/it\/product\/102313\/giacca-e-pantalone-impermeabile-segnaletico-giallo-fosforescente-con-strisce-riflettenti-3m-a-norma-en-471\/","title":{"rendered":"Giacca e pantalone impermeabile segnaletico giallo fosforescente con strisce riflettenti 3M a norma EN 471"},"content":{"rendered":"<p><span style=\"font-weight: 400;\">Questa moderna giacca segnaletica in giallo fosforescente \u201eHigh-Visibility\u201ccon delle strisce riflettenti 3M Scotchlite a norma EN 471 offre non soltanto protezione da pioggia, freddo e vendo ma anche un ottimo comfort di vestibilit\u00e0 e sicurezza. La giacca \u00e8 dotata di un imbottitura interana a rete \/ mesh che assorbe il sudore. Esternamente la gicca ha un\u2019ampia tasca su entrambi i lati a destra e a sinistra. Ci sono anche una tasca per il cellulare ed una finestrella per il documento. Sulla spalla sinistra si trova un cordoncino in nylon per appendere la ricetrasmittente. La giacca \u00e8 impermeabile al 100% con rivestimento in poliuretano. Sulla parte inferiore essa \u00e8 dotata di un cordoncino. \u00c8 presenta anche un cappuccio avvolgibile con visiera ed un cordoncino elastico per la regolazione dello stesso oltre ad un colletto pieghievole con velcro. La cerniera anteriormente \u00e8 nascosta dalla bottoniera. I polsini sono dotati di banda elastica de allungati con una chiusura tramite bottoni a pressione.&nbsp;&nbsp;&nbsp;<\/span><\/p>\n<p><b>Descrizione prodotto:<\/b><\/p>\n<ul>\n<li><span style=\"font-weight: 400;\">Modello C890&nbsp;<\/span><\/li>\n<li style=\"font-weight: 400;\" aria-level=\"1\"><span style=\"font-weight: 400;\">Tasca per cellulare sulla destra con chiusura a velcor \/ altezza 15 cm x 8 cm di larghezza<\/span><\/li>\n<li style=\"font-weight: 400;\" aria-level=\"1\"><span style=\"font-weight: 400;\">1 finestrella per documento sul petto a sinistra&nbsp;<\/span><\/li>\n<li style=\"font-weight: 400;\" aria-level=\"1\"><span style=\"font-weight: 400;\">2 ampie tasche esterne richiudibili da 19 cm x 19 cm&nbsp;<\/span><\/li>\n<li style=\"font-weight: 400;\" aria-level=\"1\"><span style=\"font-weight: 400;\">100 % impermeabile con rivestimento in poliuretano&nbsp;&nbsp;<\/span><\/li>\n<li style=\"font-weight: 400;\" aria-level=\"1\"><span style=\"font-weight: 400;\">Sulla palla destra cordoncino in nylon per la ricetrasmittente<\/span><\/li>\n<li style=\"font-weight: 400;\" aria-level=\"1\"><span style=\"font-weight: 400;\">Hoher Steh-Umlege-Kragen mit Klettverschluss<\/span><\/li>\n<li style=\"font-weight: 400;\" aria-level=\"1\"><span style=\"font-weight: 400;\">Cappuccio con visiera avvolgibile, cordoncino elastico per la regolazione<\/span><\/li>\n<li style=\"font-weight: 400;\" aria-level=\"1\"><span style=\"font-weight: 400;\">Cerniera a doppia direzione con bottoniera<\/span><\/li>\n<li style=\"font-weight: 400;\" aria-level=\"1\"><span style=\"font-weight: 400;\">Imbottitura interna a rete che assorbe il sudore<\/span><\/li>\n<li style=\"font-weight: 400;\" aria-level=\"1\"><span style=\"font-weight: 400;\">Polsini elastici allungati con chiusura tramite bottone a pressione<\/span><\/li>\n<li style=\"font-weight: 400;\" aria-level=\"1\"><span style=\"font-weight: 400;\">1 striscia riflettente (larga 5cm) verticale sulle spalle<\/span><\/li>\n<li style=\"font-weight: 400;\" aria-level=\"1\"><span style=\"font-weight: 400;\">2 strisce riflettenti (larghe 5cm) sulla cinta e sulle maniche<\/span><\/li>\n<li style=\"font-weight: 400;\" aria-level=\"1\"><span style=\"font-weight: 400;\">Resistente allo sporco grazie alle orlature<\/span><\/li>\n<li style=\"font-weight: 400;\" aria-level=\"1\"><span style=\"font-weight: 400;\">Certificata EN ISO 20471&nbsp;&nbsp;<\/span><\/li>\n<li style=\"font-weight: 400;\" aria-level=\"1\"><span style=\"font-weight: 400;\">Materiale: Poliestere Oxford rivestito in poliuretano&nbsp;<\/span><\/li>\n<li style=\"font-weight: 400;\" aria-level=\"1\"><span style=\"font-weight: 400;\">Colore: giallo fluorescente<\/span><\/li>\n<li style=\"font-weight: 400;\" aria-level=\"1\"><span style=\"font-weight: 400;\">Peso: 600 gr.&nbsp;<\/span><\/li>\n<li style=\"font-weight: 400;\" aria-level=\"1\"><span style=\"font-weight: 400;\">Strisce 3M Scotchlite-Reflective larghe 5 cm&nbsp;<\/span><\/li>\n<li style=\"font-weight: 400;\" aria-level=\"1\"><span style=\"font-weight: 400;\">Misure: S, M, L, XXL&nbsp;<\/span><\/li>\n<\/ul>\n<p>&nbsp;<\/p>\n<p><b>Pantalone segnaletico impermeabile 3M di colore giallo fosforescente a norma EN 471&nbsp;<\/b><\/p>\n<p><span style=\"font-weight: 400;\">Questo pantalone segnaletico impermeabile \u201eHigh-Visibility\u201c di colore giallo fosforescente con delle strisce riflettenti 3M Scotchlite a norma EN 471 offre non soltanto protezione da pioggia, freddo e vendo ma anche un ottimo comfort di vestibilit\u00e0 e sicurezza. Il pantalone \u00e8 dotato di un\u2019imbottitura interna a rete \/ mesh che assorbe il sudore. Il pantalone \u00e8 impereabile al 100% e rivestito in poliuretano. Sulla parte inferiore esso pu\u00f2 essere regolato tramite due bottoni a pressione. La cinta \u00e8 elastica e pu\u00f2 essere regolata tramite un ulteriore cordoncino.&nbsp;<\/span><\/p>\n<p><b>Descrizione prodotto:<\/b><b><\/b><\/p>\n<ul>\n<li aria-level=\"1\"><span style=\"font-weight: 400;\">Modello C890&nbsp;<\/span><\/li>\n<li aria-level=\"1\"><span style=\"font-weight: 400;\">100 % impermeabile con rivestimento in poliuretano&nbsp;&nbsp;<\/span><\/li>\n<li aria-level=\"1\"><span style=\"font-weight: 400;\">Imbottitura interna a rete che assorbe il sudore<\/span><\/li>\n<li aria-level=\"1\"><span style=\"font-weight: 400;\">Cinta \u00e8 elastica e pu\u00f2 essere regolata tramite un ulteriore cordoncino<\/span><\/li>\n<li aria-level=\"1\"><span style=\"font-weight: 400;\">Sulla parte inferiore esso pu\u00f2 essere regolato tramite due bottoni a pressione&nbsp;<\/span><\/li>\n<li aria-level=\"1\"><span style=\"font-weight: 400;\">Strisce riflettenti 3M (larghe 5cm) orizzontali&nbsp;<\/span><\/li>\n<li aria-level=\"1\"><span style=\"font-weight: 400;\">Resistente allo sporco grazie alle orlature<\/span><\/li>\n<li aria-level=\"1\"><span style=\"font-weight: 400;\">Certificata EN ISO 20471&nbsp;&nbsp;<\/span><\/li>\n<li aria-level=\"1\"><span style=\"font-weight: 400;\">Materiale: Poliestere Oxford rivestito in poliuretano&nbsp;<\/span><\/li>\n<li aria-level=\"1\"><span style=\"font-weight: 400;\">Colore: giallo fluorescente<\/span><\/li>\n<li aria-level=\"1\"><span style=\"font-weight: 400;\">Peso: 400 gr.&nbsp;<\/span><\/li>\n<li aria-level=\"1\"><span style=\"font-weight: 400;\">Strisce 3M Scotchlite-Reflective larghe 5 cm&nbsp;<\/span><\/li>\n<li aria-level=\"1\"><span style=\"font-weight: 400;\">Misure: S, L, M, XXL<\/span><\/li>\n<\/ul>\n<p>&nbsp;<\/p>\n<p><b>Come sempre \u2013 elevata qualit\u00e0 a prezzi onesti<\/b><\/p>\n","protected":false},"excerpt":{"rendered":"<p><span style=\"font-weight: 400;\">Questa moderna giacca e pantalone segnaletica in giallo fosforescente \u201eHigh-Visibility\u201ccon delle strisce riflettenti 3M Scotchlite a norma EN 471 offre non soltanto protezione da pioggia, freddo e vendo ma anche un ottimo comfort di vestibilit\u00e0 e sicurezza. <\/span><\/p>\n","protected":false},"featured_media":102325,"comment_status":"closed","ping_status":"closed","template":"","meta":{"inline_featured_image":false},"product_brand":[],"product_cat":[1607],"product_tag":[],"class_list":{"0":"post-102313","1":"product","2":"type-product","3":"status-publish","4":"has-post-thumbnail","6":"product_cat-abbigliamento-segnaletico-rifrangente","8":"first","9":"instock","10":"taxable","11":"shipping-taxable","12":"purchasable","13":"product-type-simple"},"_links":{"self":[{"href":"https:\/\/metal-badge.ch\/it\/wp-json\/wp\/v2\/product\/102313","targetHints":{"allow":["GET"]}}],"collection":[{"href":"https:\/\/metal-badge.ch\/it\/wp-json\/wp\/v2\/product"}],"about":[{"href":"https:\/\/metal-badge.ch\/it\/wp-json\/wp\/v2\/types\/product"}],"replies":[{"embeddable":true,"href":"https:\/\/metal-badge.ch\/it\/wp-json\/wp\/v2\/comments?post=102313"}],"wp:featuredmedia":[{"embeddable":true,"href":"https:\/\/metal-badge.ch\/it\/wp-json\/wp\/v2\/media\/102325"}],"wp:attachment":[{"href":"https:\/\/metal-badge.ch\/it\/wp-json\/wp\/v2\/media?parent=102313"}],"wp:term":[{"taxonomy":"product_brand","embeddable":true,"href":"https:\/\/metal-badge.ch\/it\/wp-json\/wp\/v2\/product_brand?post=102313"},{"taxonomy":"product_cat","embeddable":true,"href":"https:\/\/metal-badge.ch\/it\/wp-json\/wp\/v2\/product_cat?post=102313"},{"taxonomy":"product_tag","embeddable":true,"href":"https:\/\/metal-badge.ch\/it\/wp-json\/wp\/v2\/product_tag?post=102313"}],"curies":[{"name":"wp","href":"https:\/\/api.w.org\/{rel}","templated":true}]}}