{"id":102229,"date":"2021-04-19T19:03:39","date_gmt":"2021-04-19T17:03:39","guid":{"rendered":"https:\/\/shop.metal-badge.ch\/?post_type=product&#038;p=102229"},"modified":"2021-04-19T19:25:32","modified_gmt":"2021-04-19T17:25:32","slug":"giacca-a-vento-giacca-segnaletica-in-due-colori-con-strisce-riflettenti-3m-a-norma-en-471","status":"publish","type":"product","link":"https:\/\/metal-badge.ch\/it\/product\/102229\/giacca-a-vento-giacca-segnaletica-in-due-colori-con-strisce-riflettenti-3m-a-norma-en-471\/","title":{"rendered":"Giacca a vento, giacca segnaletica in due colori con strisce riflettenti 3M a norma EN 471"},"content":{"rendered":"<p><span style=\"font-weight: 400;\">Questa moderna giacca riflettente \u201eHigh-Visibility\u201c nei colori giallo e blu scuro con delle strisce riflettenti 3M Scotchlite a norma EN 471 offre non soltanto protezione da pioggia, freddo e vendo ma anche un ottimo comfort di vestibilit\u00e0 e sicurezza. La giacca con molti dettagli. L\u2019imbottitura trapuntata interna pu\u00f2 essere rimossa ed in un attimo avrete un gilet. In tal modo la giacca esterna pu\u00f2 anche essere indossata con temperature pi\u00f9 alte.<\/span><\/p>\n<p><span style=\"font-weight: 400;\"> La parte esterna della giacca \u00e8 impermeabile al 100% e pu\u00f2 essere appunto utilizzata come impermeabile. Essa \u00e8 dotata di 2 ampie tasche esterne richiudibili con bottoni a pressione e due ulteriori tasche laterali. All\u2019altezza del petto, sulla destra, troviamo una tasca con chisura a velcro per il cellulare. Nel colletto si nasconde un cappuccio con cordoncino elastico che pu\u00f2 essere arrotolato sul retro e fissato tramite velcro. La giacca esterna ed il gilet hanno il collo alto. La cerniera anteriore viene coperta da una abbottonatura. La giacca esterna pu\u00f2 essere regolata sulla cinta tramite un cordoncino elastico al fine di poter essere adattata al corpo di chi la indossa.&nbsp;<\/span><\/p>\n<p>&nbsp;<\/p>\n<p><b>Descrizione prodotto:&nbsp;<\/b><\/p>\n<ul>\n<li style=\"font-weight: 400;\" aria-level=\"1\"><span style=\"font-weight: 400;\">Tasca per cellulare sulla destra con velcro<\/span><\/li>\n<li style=\"font-weight: 400;\" aria-level=\"1\"><span style=\"font-weight: 400;\">2 ampie tasche esterne con chiusura tramite bottone a pressione 21 cm x 21 cm&nbsp;<\/span><\/li>\n<li style=\"font-weight: 400;\" aria-level=\"1\"><span style=\"font-weight: 400;\">2 ampie tasche laterali esterne<\/span><\/li>\n<li style=\"font-weight: 400;\" aria-level=\"1\"><span style=\"font-weight: 400;\">2 tasche interne<\/span><\/li>\n<li style=\"font-weight: 400;\" aria-level=\"1\"><span style=\"font-weight: 400;\">100 % impermeabile, pu\u00f2 anche essere utilizzata come giacca per la pioggia&nbsp;<\/span><\/li>\n<li style=\"font-weight: 400;\" aria-level=\"1\"><span style=\"font-weight: 400;\">Collo alto con bottoni a pressione<\/span><\/li>\n<li style=\"font-weight: 400;\" aria-level=\"1\"><span style=\"font-weight: 400;\">Cappuccio con cordoncino elastico nascosto sul colletto&nbsp;<\/span><\/li>\n<li style=\"font-weight: 400;\" aria-level=\"1\"><span style=\"font-weight: 400;\">Cerniera con bottoniera<\/span><\/li>\n<li style=\"font-weight: 400;\" aria-level=\"1\"><span style=\"font-weight: 400;\">Imbottitura interna rimovibile dalla giacca esterna<\/span><\/li>\n<li style=\"font-weight: 400;\" aria-level=\"1\"><span style=\"font-weight: 400;\">Imbottitura interna trapuntata per le stagioni fredde<\/span><\/li>\n<li style=\"font-weight: 400;\" aria-level=\"1\"><span style=\"font-weight: 400;\">Maniche rimovibili, la giacca pu\u00f2 essere convertita in un attimo in un gilet<\/span><\/li>\n<li style=\"font-weight: 400;\" aria-level=\"1\"><span style=\"font-weight: 400;\">Polsini elastici<\/span><\/li>\n<li style=\"font-weight: 400;\" aria-level=\"1\"><span style=\"font-weight: 400;\">1 striscia riflettente (larga 5cm) verticale sulle spalle<\/span><\/li>\n<li style=\"font-weight: 400;\" aria-level=\"1\"><span style=\"font-weight: 400;\">2 strisce riflettenti (larghe 5cm) sulla cinta e sulle maniche<\/span><\/li>\n<li style=\"font-weight: 400;\" aria-level=\"1\"><span style=\"font-weight: 400;\">Resistente allo sporco grazie alle orlature<\/span><\/li>\n<li style=\"font-weight: 400;\" aria-level=\"1\"><span style=\"font-weight: 400;\">Giacca esterna: cinta&nbsp;<\/span><\/li>\n<li style=\"font-weight: 400;\" aria-level=\"1\"><span style=\"font-weight: 400;\">Certificata EN ISO 20471&nbsp; dotata di cordoncino per essere adattata alla corporatura di chi la indossa<\/span><\/li>\n<li style=\"font-weight: 400;\" aria-level=\"1\"><span style=\"font-weight: 400;\">Materiale: Poliestere Oxford rivestito in poliuretano&nbsp;<\/span><\/li>\n<li style=\"font-weight: 400;\" aria-level=\"1\"><span style=\"font-weight: 400;\">Colore:&nbsp; lemon \/ blu scuro<\/span><\/li>\n<li style=\"font-weight: 400;\" aria-level=\"1\"><span style=\"font-weight: 400;\">Peso: 1300 gr.&nbsp;<\/span><\/li>\n<li style=\"font-weight: 400;\" aria-level=\"1\"><span style=\"font-weight: 400;\">Strisce 3M Scotchlite-Reflective larghe 5 cm&nbsp;<\/span><\/li>\n<li style=\"font-weight: 400;\" aria-level=\"1\"><span style=\"font-weight: 400;\">Misure: S, M, L, XL&nbsp;<\/span><\/li>\n<\/ul>\n<p><b>Come sempre \u2013 elevata qualit\u00e0 a prezzi onesti<\/b><\/p>\n<p>&nbsp;<\/p>\n","protected":false},"excerpt":{"rendered":"<p>Questa moderna giacca riflettente \u201eHigh-Visibility\u201c nei colori giallo e blu scuro con delle strisce riflettenti 3M Scotchlite a norma EN 471 offre non soltanto protezione da pioggia, freddo e vendo ma anche un ottimo comfort di vestibilit\u00e0 e sicurezza. La giacca con molti dettagli. L\u2019imbottitura trapuntata interna pu\u00f2 essere rimossa ed in un attimo avrete [&hellip;]<\/p>\n","protected":false},"featured_media":102233,"comment_status":"closed","ping_status":"closed","template":"","meta":{"inline_featured_image":false},"product_brand":[],"product_cat":[1607,1603],"product_tag":[],"class_list":{"0":"post-102229","1":"product","2":"type-product","3":"status-publish","4":"has-post-thumbnail","6":"product_cat-abbigliamento-segnaletico-rifrangente","7":"product_cat-giacche-softshell-pantaloni","9":"first","10":"instock","11":"taxable","12":"shipping-taxable","13":"purchasable","14":"product-type-simple"},"_links":{"self":[{"href":"https:\/\/metal-badge.ch\/it\/wp-json\/wp\/v2\/product\/102229","targetHints":{"allow":["GET"]}}],"collection":[{"href":"https:\/\/metal-badge.ch\/it\/wp-json\/wp\/v2\/product"}],"about":[{"href":"https:\/\/metal-badge.ch\/it\/wp-json\/wp\/v2\/types\/product"}],"replies":[{"embeddable":true,"href":"https:\/\/metal-badge.ch\/it\/wp-json\/wp\/v2\/comments?post=102229"}],"wp:featuredmedia":[{"embeddable":true,"href":"https:\/\/metal-badge.ch\/it\/wp-json\/wp\/v2\/media\/102233"}],"wp:attachment":[{"href":"https:\/\/metal-badge.ch\/it\/wp-json\/wp\/v2\/media?parent=102229"}],"wp:term":[{"taxonomy":"product_brand","embeddable":true,"href":"https:\/\/metal-badge.ch\/it\/wp-json\/wp\/v2\/product_brand?post=102229"},{"taxonomy":"product_cat","embeddable":true,"href":"https:\/\/metal-badge.ch\/it\/wp-json\/wp\/v2\/product_cat?post=102229"},{"taxonomy":"product_tag","embeddable":true,"href":"https:\/\/metal-badge.ch\/it\/wp-json\/wp\/v2\/product_tag?post=102229"}],"curies":[{"name":"wp","href":"https:\/\/api.w.org\/{rel}","templated":true}]}}