{"id":101201,"date":"2021-04-12T03:18:46","date_gmt":"2021-04-12T01:18:48","guid":{"rendered":"https:\/\/shop.metal-badge.ch\/?post_type=product&#038;p=101201"},"modified":"2021-04-12T08:10:47","modified_gmt":"2021-04-12T06:10:47","slug":"sacca-borraccia-sistema-per-bere-2-5-litri","status":"publish","type":"product","link":"https:\/\/metal-badge.ch\/it\/product\/101201\/sacca-borraccia-sistema-per-bere-2-5-litri\/","title":{"rendered":"Sacca borraccia sistema per bere, 2.5 litri"},"content":{"rendered":"<p><span style=\"font-weight: 400;\">Sacca borraccia per zaini in igienico poliuretano approvato dalla FDA. Il materiale \u00e8 estremamente robusto e pu\u00f2 essere dilatato fino a sei volte della sua superficie senza spaccarsi. L\u2019ampia apertura tramite tappo a vite rende possibile un facile riempimento e pulizia della sacca. Tubo per bere molto lungo neutro al sapore con valvola. Esso \u00e8 multistrato e quindi non si piega. Il tubo pu\u00f2 essere riposto nella sacca attorno al tappo. Pu\u00f2 essere utilizzata anche per altri zaini, con il nostro zaino la sacca pu\u00f2 essere inserita facilmente nella tasca interna.<\/span><span style=\"font-weight: 400;\"><br \/>\n<\/span><span style=\"font-weight: 400;\"><br \/>\n<\/span><b>Descrizione prodotto:<\/b><span style=\"font-weight: 400;\"><br \/>\n<\/span><\/p>\n<ul>\n<li><span style=\"font-weight: 400;\">Tipologia: sacca borraccia \/ sistema per bere<\/span><span style=\"font-weight: 400;\"><br \/>\n<\/span><\/li>\n<li><span style=\"font-weight: 400;\">Valvola e cappuccio ad inserimento<\/span><span style=\"font-weight: 400;\"><br \/>\n<\/span><\/li>\n<li><span style=\"font-weight: 400;\">Materiale: TPU <\/span><span style=\"font-weight: 400;\"><br \/>\n<\/span><\/li>\n<li><span style=\"font-weight: 400;\">Dimensioni: altezza 44 cm x larghezza 18.5 cm<\/span><span style=\"font-weight: 400;\"><br \/>\n<\/span><\/li>\n<li><span style=\"font-weight: 400;\">Volume: 2.5 litri<\/span><span style=\"font-weight: 400;\"><br \/>\n<\/span><\/li>\n<li><span style=\"font-weight: 400;\">Colore:&nbsp; blu<\/span><span style=\"font-weight: 400;\"><br \/>\n<\/span><\/li>\n<li><span style=\"font-weight: 400;\">Resistente<\/span><span style=\"font-weight: 400;\"><br \/>\n<\/span><\/li>\n<li><span style=\"font-weight: 400;\">Facile pulizia<\/span><span style=\"font-weight: 400;\"><br \/>\n<\/span><\/li>\n<li><span style=\"font-weight: 400;\">Apertura con un ampio tappo a vite e maniglia &nbsp; &nbsp; &nbsp; &nbsp; &nbsp; &nbsp; &nbsp; &nbsp; &nbsp; &nbsp; &nbsp; &nbsp; &nbsp; &nbsp; &nbsp; &nbsp; &nbsp; &nbsp; &nbsp; &nbsp; &nbsp; &nbsp; &nbsp; &nbsp; &nbsp; &nbsp; &nbsp; &nbsp; &nbsp; &nbsp; &nbsp; &nbsp; &nbsp; &nbsp; &nbsp; &nbsp; &nbsp; <\/span><\/li>\n<li><span style=\"font-weight: 400;\">Lunghezza tubo 100 cm&nbsp; &nbsp; &nbsp; &nbsp; &nbsp; &nbsp; &nbsp; &nbsp; &nbsp; &nbsp; &nbsp; &nbsp; &nbsp; &nbsp; &nbsp; &nbsp; &nbsp; &nbsp; &nbsp; &nbsp; &nbsp; &nbsp; &nbsp; &nbsp; &nbsp; &nbsp; &nbsp; &nbsp; &nbsp; &nbsp; &nbsp; &nbsp; &nbsp; &nbsp; &nbsp; &nbsp; &nbsp; &nbsp; &nbsp; &nbsp; &nbsp; &nbsp; &nbsp; &nbsp; &nbsp; &nbsp; &nbsp; &nbsp; <\/span><\/li>\n<li><span style=\"font-weight: 400;\">Tubo rimovibile con chiusura a vita <\/span><span style=\"font-weight: 400;\"><br \/>\n<\/span><\/li>\n<li><span style=\"font-weight: 400;\">Facile da riempire<\/span><span style=\"font-weight: 400;\"><br \/>\n<\/span><\/li>\n<li><span style=\"font-weight: 400;\">Ermetica<\/span><span style=\"font-weight: 400;\"><br \/>\n<\/span><\/li>\n<li><span style=\"font-weight: 400;\">Adatta ad ogni zaino&nbsp; &nbsp; <\/span><\/li>\n<\/ul>\n","protected":false},"excerpt":{"rendered":"<p>Sacca borraccia per zaini in igienico poliuretano approvato dalla FDA. Il materiale \u00e8 estremamente robusto e pu\u00f2 essere dilatato fino a sei volte della sua superficie senza spaccarsi. L\u2019ampia apertura tramite tappo a vite rende possibile un facile riempimento e pulizia della sacca. Tubo per bere molto lungo neutro al sapore con valvola. Esso \u00e8 [&hellip;]<\/p>\n","protected":false},"featured_media":101205,"comment_status":"closed","ping_status":"closed","template":"","meta":{"inline_featured_image":false},"product_brand":[],"product_cat":[1436,1256],"product_tag":[1778,1766],"class_list":{"0":"post-101201","1":"product","2":"type-product","3":"status-publish","4":"has-post-thumbnail","6":"product_cat-campeggio-viaggio","7":"product_cat-zaini-e-sistemi-per-bere","8":"product_tag-campeggio-viaggio","9":"product_tag-sport-outdoor-it","11":"first","12":"instock","13":"taxable","14":"shipping-taxable","15":"purchasable","16":"product-type-simple"},"_links":{"self":[{"href":"https:\/\/metal-badge.ch\/it\/wp-json\/wp\/v2\/product\/101201","targetHints":{"allow":["GET"]}}],"collection":[{"href":"https:\/\/metal-badge.ch\/it\/wp-json\/wp\/v2\/product"}],"about":[{"href":"https:\/\/metal-badge.ch\/it\/wp-json\/wp\/v2\/types\/product"}],"replies":[{"embeddable":true,"href":"https:\/\/metal-badge.ch\/it\/wp-json\/wp\/v2\/comments?post=101201"}],"wp:featuredmedia":[{"embeddable":true,"href":"https:\/\/metal-badge.ch\/it\/wp-json\/wp\/v2\/media\/101205"}],"wp:attachment":[{"href":"https:\/\/metal-badge.ch\/it\/wp-json\/wp\/v2\/media?parent=101201"}],"wp:term":[{"taxonomy":"product_brand","embeddable":true,"href":"https:\/\/metal-badge.ch\/it\/wp-json\/wp\/v2\/product_brand?post=101201"},{"taxonomy":"product_cat","embeddable":true,"href":"https:\/\/metal-badge.ch\/it\/wp-json\/wp\/v2\/product_cat?post=101201"},{"taxonomy":"product_tag","embeddable":true,"href":"https:\/\/metal-badge.ch\/it\/wp-json\/wp\/v2\/product_tag?post=101201"}],"curies":[{"name":"wp","href":"https:\/\/api.w.org\/{rel}","templated":true}]}}