{"id":99948,"date":"2021-03-26T06:03:10","date_gmt":"2021-03-26T05:03:10","guid":{"rendered":"https:\/\/shop.metal-badge.ch\/?post_type=product&#038;p=99948"},"modified":"2021-03-26T06:25:53","modified_gmt":"2021-03-26T05:25:53","slug":"voyants-lumineux-oranges-feux-de-detresse-led-avec-chargeur-batterie-rechargeable","status":"publish","type":"product","link":"https:\/\/metal-badge.ch\/fr\/product\/99948\/voyants-lumineux-oranges-feux-de-detresse-led-avec-chargeur-batterie-rechargeable\/","title":{"rendered":"Voyants lumineux oranges, feux de d\u00e9tresse LED avec chargeur, batterie rechargeable"},"content":{"rendered":"<p><span style=\"font-weight: 400;\">Ce feu d&rsquo;avertissement, feu de d\u00e9tresse ou balise rotative magn\u00e9tique est id\u00e9al pour marquer et s\u00e9curiser des zones dangereuses telles que les accidents, les chantiers de construction, etc. Le compl\u00e9ment parfait de votre \u00e9quipement d&rsquo;urgence. Tr\u00e8s robuste, bo\u00eetier caoutchout\u00e9 \u00e9tanche, r\u00e9sistant aux chocs. Le t\u00e9moin lumineux est \u00e9galement \u00e9quip\u00e9 d&rsquo;un dispositif de suspension.<\/span><\/p>\n<p><span style=\"font-weight: 400;\">Le voyant de s\u00e9curit\u00e9 LED extra-lumineux et magn\u00e9tiquement adh\u00e9sif est visible jusqu&rsquo;\u00e0 800 m de distance. Il a \u00e9t\u00e9 sp\u00e9cialement d\u00e9velopp\u00e9 pour \u00eatre utilis\u00e9 dans l&rsquo;obscurit\u00e9, sous la pluie, le brouillard ou la fum\u00e9e et garantit ainsi un haut niveau de s\u00e9curit\u00e9 pour les pompiers, la police, les services de secours techniques, les services d&rsquo;ambulance, les services de sauvetage et les employ\u00e9s des entreprises de remorquage, etc. Gr\u00e2ce \u00e0 ses dimensions compactes et \u00e0 son aimant fortement adh\u00e9sif, le feu d&rsquo;avertissement peut \u00eatre fix\u00e9 directement au v\u00e9hicule ou plac\u00e9 sur le sol ou sur la route. Gr\u00e2ce \u00e0 sa construction solide, il peut supporter les charges les plus lourdes. Il est par exemple assez solide pour ne pas \u00eatre \u00e9cras\u00e9 par des v\u00e9hicules roulant par-dessus lui.<\/span><span style=\"font-weight: 400;\"><br \/>\n<\/span><span style=\"font-weight: 400;\">&nbsp;<\/span><span style=\"font-weight: 400;\"><br \/>\n<\/span><strong>9 programmes int\u00e9gr\u00e9s diff\u00e9rents :<\/strong><span style=\"font-weight: 400;\"><br \/>\n<\/span><span style=\"font-weight: 400;\">par exemple, clignotant simple, clignotant double, code SOS Morse, lumi\u00e8re altern\u00e9e, rotation, etc. Gr\u00e2ce aux LED \u00e9conomiques, une dur\u00e9e d&rsquo;\u00e9clairage allant jusqu&rsquo;\u00e0 80 heures est possible. La batterie et le c\u00e2ble de chargement 12 volts et 220 volts sont inclus. Veuillez noter que la batterie doit \u00eatre charg\u00e9e pendant environ 12 heures avant d&rsquo;\u00eatre utilis\u00e9e. Ce n&rsquo;est qu&rsquo;alors que le voyant lumineux est pleinement op\u00e9rationnel.<\/span><\/p>\n<p><b>Informations du produit :<\/b><\/p>\n<ul>\n<li><span style=\"font-weight: 400;\">Manipulation facile&nbsp;<\/span><\/li>\n<li><span style=\"font-weight: 400;\">Avec des aimants \u00e0 forte adh\u00e9rence&nbsp;<\/span><\/li>\n<li><span style=\"font-weight: 400;\">Efficacit\u00e9, visibilit\u00e9 et s\u00e9curit\u00e9&nbsp;<\/span><\/li>\n<li><span style=\"font-weight: 400;\">Bo\u00eetier robuste et caoutchout\u00e9&nbsp;<\/span><\/li>\n<li><span style=\"font-weight: 400;\">Etanche&nbsp;<\/span><\/li>\n<li><span style=\"font-weight: 400;\">9 fonctions d&rsquo;alerte diff\u00e9rentes&nbsp;<\/span><\/li>\n<li><span style=\"font-weight: 400;\">Poids : 190 g piles comprises&nbsp;<\/span><\/li>\n<li><span style=\"font-weight: 400;\">Diam\u00e8tre : environ 10,0 cm&nbsp;<\/span><\/li>\n<li><span style=\"font-weight: 400;\">Hauteur : environ 3,5 cm&nbsp;<\/span><\/li>\n<li><span style=\"font-weight: 400;\">Couleur du bo\u00eetier : orange&nbsp;<\/span><\/li>\n<li><span style=\"font-weight: 400;\">Couleur de la lumi\u00e8re : orange&nbsp;<\/span><\/li>\n<li><span style=\"font-weight: 400;\">Prise de charge int\u00e9gr\u00e9e pour la voiture selon les photos&nbsp;<\/span><\/li>\n<li><span style=\"font-weight: 400;\">La batterie et le c\u00e2ble de chargement 12 Volt et 220 Volt sont inclus&nbsp;<\/span><\/li>\n<li><span style=\"font-weight: 400;\">Port\u00e9e visuelle : 360 \u00b0<\/span><span style=\"font-weight: 400;\"><br \/>\n<\/span><\/li>\n<\/ul>\n<p>&nbsp;<\/p>\n","protected":false},"excerpt":{"rendered":"<p>Ce feu d&rsquo;avertissement, feu de d\u00e9tresse ou balise rotative magn\u00e9tique est id\u00e9al pour marquer et s\u00e9curiser des zones dangereuses telles que les accidents, les chantiers de construction, etc. Le compl\u00e9ment parfait de votre \u00e9quipement d&rsquo;urgence. Tr\u00e8s robuste, bo\u00eetier caoutchout\u00e9 \u00e9tanche, r\u00e9sistant aux chocs. Le t\u00e9moin lumineux est \u00e9galement \u00e9quip\u00e9 d&rsquo;un dispositif de suspension. Le voyant [&hellip;]<\/p>\n","protected":false},"featured_media":99952,"comment_status":"closed","ping_status":"closed","template":"","meta":{"inline_featured_image":false},"product_brand":[],"product_cat":[1343,1946,1887],"product_tag":[1781],"class_list":{"0":"post-99948","1":"product","2":"type-product","3":"status-publish","4":"has-post-thumbnail","6":"product_cat-lampes-lampes-de-poche","7":"product_cat-organisations-lumiere-bleue-securite","8":"product_cat-vehicule-route","9":"product_tag-police-securite","11":"first","12":"instock","13":"taxable","14":"shipping-taxable","15":"purchasable","16":"product-type-simple"},"_links":{"self":[{"href":"https:\/\/metal-badge.ch\/fr\/wp-json\/wp\/v2\/product\/99948","targetHints":{"allow":["GET"]}}],"collection":[{"href":"https:\/\/metal-badge.ch\/fr\/wp-json\/wp\/v2\/product"}],"about":[{"href":"https:\/\/metal-badge.ch\/fr\/wp-json\/wp\/v2\/types\/product"}],"replies":[{"embeddable":true,"href":"https:\/\/metal-badge.ch\/fr\/wp-json\/wp\/v2\/comments?post=99948"}],"wp:featuredmedia":[{"embeddable":true,"href":"https:\/\/metal-badge.ch\/fr\/wp-json\/wp\/v2\/media\/99952"}],"wp:attachment":[{"href":"https:\/\/metal-badge.ch\/fr\/wp-json\/wp\/v2\/media?parent=99948"}],"wp:term":[{"taxonomy":"product_brand","embeddable":true,"href":"https:\/\/metal-badge.ch\/fr\/wp-json\/wp\/v2\/product_brand?post=99948"},{"taxonomy":"product_cat","embeddable":true,"href":"https:\/\/metal-badge.ch\/fr\/wp-json\/wp\/v2\/product_cat?post=99948"},{"taxonomy":"product_tag","embeddable":true,"href":"https:\/\/metal-badge.ch\/fr\/wp-json\/wp\/v2\/product_tag?post=99948"}],"curies":[{"name":"wp","href":"https:\/\/api.w.org\/{rel}","templated":true}]}}