{"id":99791,"date":"2021-03-25T20:34:13","date_gmt":"2021-03-25T19:34:14","guid":{"rendered":"https:\/\/shop.metal-badge.ch\/?post_type=product&#038;p=99791"},"modified":"2021-03-25T20:47:58","modified_gmt":"2021-03-25T19:47:58","slug":"couverts-de-pique-nique-pliants-argent-noir","status":"publish","type":"product","link":"https:\/\/metal-badge.ch\/fr\/product\/99791\/couverts-de-pique-nique-pliants-argent-noir\/","title":{"rendered":"Couverts de pique-nique pliants, argent \/ noir"},"content":{"rendered":"<p><span style=\"font-weight: 400;\">Couteau, fourchette, cuill\u00e8re, ouvre-bo\u00eete en acier inoxydable avec manches en aluminium.&nbsp;<\/span><\/p>\n<p><span style=\"font-weight: 400;\">Couverts de pique-nique avec m\u00e9canisme de pliage. Ce couvert \u00e0 quatre parties qui ne mesure que 10 cm une fois pli\u00e9 se glisse dans n&rsquo;importe quel sac \u00e0 dos ou sac gr\u00e2ce \u00e0 sa taille pratique. Le couvert mesure 18 cm une fois d\u00e9pli\u00e9. Le jeu de trois couverts peut aussi \u00eatre utilis\u00e9 s\u00e9par\u00e9ment. Ce petit compagnon utile sera indispensable pour une randonn\u00e9e ou une excursion sur un lac !&nbsp;<\/span><\/p>\n<p><span style=\"font-weight: 400;\">Id\u00e9al pour : Randonn\u00e9e, sport, montagne, travail, camping, voyage<\/span><\/p>\n<p><b>Description du produit :<\/b><span style=\"font-weight: 400;\">&nbsp;<\/span><\/p>\n<ul>\n<li><span style=\"font-weight: 400;\">Mati\u00e8re&nbsp;: acier inoxydable<\/span><\/li>\n<li><span style=\"font-weight: 400;\">Poign\u00e9e&nbsp;: aluminium<\/span><\/li>\n<li><span style=\"font-weight: 400;\">Poids : 110 g.<\/span><\/li>\n<li><span style=\"font-weight: 400;\">Dimensions pli\u00e9&nbsp;: longueur 10 cm<\/span><\/li>\n<li><span style=\"font-weight: 400;\">Dimensions d\u00e9pli\u00e9&nbsp;: longueur env. 18 cm<\/span><\/li>\n<li><span style=\"font-weight: 400;\">Couleurs : noir <\/span><\/li>\n<\/ul>\n","protected":false},"excerpt":{"rendered":"<p>Couteau, fourchette, cuill\u00e8re, ouvre-bo\u00eete en acier inoxydable avec manches en aluminium.&nbsp; Couverts de pique-nique avec m\u00e9canisme de pliage. Ce couvert \u00e0 quatre parties qui ne mesure que 10 cm une fois pli\u00e9 se glisse dans n&rsquo;importe quel sac \u00e0 dos ou sac gr\u00e2ce \u00e0 sa taille pratique. Le couvert mesure 18 cm une fois d\u00e9pli\u00e9. [&hellip;]<\/p>\n","protected":false},"featured_media":99795,"comment_status":"closed","ping_status":"closed","template":"","meta":{"inline_featured_image":false},"product_brand":[],"product_cat":[1435,1035],"product_tag":[1773],"class_list":{"0":"post-99791","1":"product","2":"type-product","3":"status-publish","4":"has-post-thumbnail","6":"product_cat-camping-voyage","7":"product_cat-couteaux-machettes","8":"product_tag-chasse-peche","10":"first","11":"instock","12":"taxable","13":"shipping-taxable","14":"purchasable","15":"product-type-simple"},"_links":{"self":[{"href":"https:\/\/metal-badge.ch\/fr\/wp-json\/wp\/v2\/product\/99791","targetHints":{"allow":["GET"]}}],"collection":[{"href":"https:\/\/metal-badge.ch\/fr\/wp-json\/wp\/v2\/product"}],"about":[{"href":"https:\/\/metal-badge.ch\/fr\/wp-json\/wp\/v2\/types\/product"}],"replies":[{"embeddable":true,"href":"https:\/\/metal-badge.ch\/fr\/wp-json\/wp\/v2\/comments?post=99791"}],"wp:featuredmedia":[{"embeddable":true,"href":"https:\/\/metal-badge.ch\/fr\/wp-json\/wp\/v2\/media\/99795"}],"wp:attachment":[{"href":"https:\/\/metal-badge.ch\/fr\/wp-json\/wp\/v2\/media?parent=99791"}],"wp:term":[{"taxonomy":"product_brand","embeddable":true,"href":"https:\/\/metal-badge.ch\/fr\/wp-json\/wp\/v2\/product_brand?post=99791"},{"taxonomy":"product_cat","embeddable":true,"href":"https:\/\/metal-badge.ch\/fr\/wp-json\/wp\/v2\/product_cat?post=99791"},{"taxonomy":"product_tag","embeddable":true,"href":"https:\/\/metal-badge.ch\/fr\/wp-json\/wp\/v2\/product_tag?post=99791"}],"curies":[{"name":"wp","href":"https:\/\/api.w.org\/{rel}","templated":true}]}}