{"id":99593,"date":"2021-03-24T06:08:54","date_gmt":"2021-03-24T05:08:54","guid":{"rendered":"https:\/\/shop.metal-badge.ch\/?post_type=product&#038;p=99593"},"modified":"2022-12-06T01:51:17","modified_gmt":"2022-12-06T00:51:17","slug":"cache-cou-en-microfibre-de-differentes-couleurs-vert-camouflage-flecktarn","status":"publish","type":"product","link":"https:\/\/metal-badge.ch\/fr\/product\/99593\/cache-cou-en-microfibre-de-differentes-couleurs-vert-camouflage-flecktarn\/","title":{"rendered":"Cache-cou en microfibre de diff\u00e9rentes couleurs \/ vert camouflage flecktarn"},"content":{"rendered":"<p><span style=\"font-weight: 400;\">Le cache-cou en microfibre peut \u00eatre utilis\u00e9 de diff\u00e9rentes mani\u00e8res. Qu&rsquo;il soit utilis\u00e9 comme casquette, bandeau, bandana, foulard, bandeau pour les cheveux ou masque facial, le mat\u00e9riau respirant est confortable au contact de la peau. Le mat\u00e9riau absorbe l&rsquo;humidit\u00e9 du corps et l&rsquo;\u00e9vacue, ce qui cr\u00e9e une sensation agr\u00e9able lorsqu&rsquo;il est port\u00e9. Le cache-cou est \u00e9lastique et tr\u00e8s doux et confortable \u00e0 porter. Nous proposons le cache-cou dans diff\u00e9rents motifs et couleurs.<\/span><\/p>\n<p><strong>Remarque : Le cache-cou peut \u00e9galement \u00eatre utilis\u00e9 comme prot\u00e8ge-dents.<\/strong><\/p>\n<p><strong>Le tissu s\u00e8che rapidement. Cette fibre facile \u00e0 entretenir est facile \u00e0 laver en machine!<\/strong><\/p>\n<p><span style=\"font-weight: 400;\">Sur demande du client et moyennant un suppl\u00e9ment \u00e0 partir de 100 pi\u00e8ces, nous pouvons produire vos cache-cous avec un logo ou un design personnel.&nbsp;<\/span><\/p>\n<p><b>Informations du produit :&nbsp;<\/b><\/p>\n<ul>\n<li><span style=\"font-weight: 400;\">D\u00e9nomination&nbsp;: Cache-cou, \u00e9charpe tubulaire<\/span><\/li>\n<li><span style=\"font-weight: 400;\">\u00c9lastique et agr\u00e9ablement doux<\/span><\/li>\n<li><span style=\"font-weight: 400;\">Peut \u00eatre port\u00e9 de multiples mani\u00e8res Foulard, \u00e9charpe, bandeau, prot\u00e8ge-dents, masque facial, bandeau pour les cheveux&nbsp;<\/span><\/li>\n<li><span style=\"font-weight: 400;\">Mati\u00e8re&nbsp;: 100 % microfibres de polyester<\/span><\/li>\n<li><span style=\"font-weight: 400;\">Dimensions : environ 50 cm x 25 cm&nbsp;<\/span><\/li>\n<li><span style=\"font-weight: 400;\">Poids : 40 g<\/span><\/li>\n<li><span style=\"font-weight: 400;\">5 designs et couleurs diff\u00e9rents<\/span><\/li>\n<li><span style=\"font-weight: 400;\">Couleur : vert camouflage flecktarn, brun camouflage flecktarn, noir t\u00eate de mort, brun python, design vert-noir&nbsp;<\/span><\/li>\n<\/ul>\n","protected":false},"excerpt":{"rendered":"<p>Le cache-cou en microfibre peut \u00eatre utilis\u00e9 de diff\u00e9rentes mani\u00e8res. Qu&rsquo;il soit utilis\u00e9 comme casquette, bandeau, bandana, foulard, bandeau pour les cheveux ou masque facial, le mat\u00e9riau respirant est confortable au contact de la peau. Le mat\u00e9riau absorbe l&rsquo;humidit\u00e9 du corps et l&rsquo;\u00e9vacue, ce qui cr\u00e9e une sensation agr\u00e9able lorsqu&rsquo;il est port\u00e9. Le cache-cou est [&hellip;]<\/p>\n","protected":false},"featured_media":104406,"comment_status":"closed","ping_status":"closed","template":"","meta":{"inline_featured_image":false},"product_brand":[],"product_cat":[1626],"product_tag":[1769],"class_list":{"0":"post-99593","1":"product","2":"type-product","3":"status-publish","4":"has-post-thumbnail","6":"product_cat-shemaghs-bandanas-fr","7":"product_tag-army-survival-fr","9":"first","10":"instock","11":"taxable","12":"shipping-taxable","13":"purchasable","14":"product-type-simple"},"_links":{"self":[{"href":"https:\/\/metal-badge.ch\/fr\/wp-json\/wp\/v2\/product\/99593","targetHints":{"allow":["GET"]}}],"collection":[{"href":"https:\/\/metal-badge.ch\/fr\/wp-json\/wp\/v2\/product"}],"about":[{"href":"https:\/\/metal-badge.ch\/fr\/wp-json\/wp\/v2\/types\/product"}],"replies":[{"embeddable":true,"href":"https:\/\/metal-badge.ch\/fr\/wp-json\/wp\/v2\/comments?post=99593"}],"wp:featuredmedia":[{"embeddable":true,"href":"https:\/\/metal-badge.ch\/fr\/wp-json\/wp\/v2\/media\/104406"}],"wp:attachment":[{"href":"https:\/\/metal-badge.ch\/fr\/wp-json\/wp\/v2\/media?parent=99593"}],"wp:term":[{"taxonomy":"product_brand","embeddable":true,"href":"https:\/\/metal-badge.ch\/fr\/wp-json\/wp\/v2\/product_brand?post=99593"},{"taxonomy":"product_cat","embeddable":true,"href":"https:\/\/metal-badge.ch\/fr\/wp-json\/wp\/v2\/product_cat?post=99593"},{"taxonomy":"product_tag","embeddable":true,"href":"https:\/\/metal-badge.ch\/fr\/wp-json\/wp\/v2\/product_tag?post=99593"}],"curies":[{"name":"wp","href":"https:\/\/api.w.org\/{rel}","templated":true}]}}