{"id":99403,"date":"2021-03-23T07:59:58","date_gmt":"2021-03-23T06:59:58","guid":{"rendered":"https:\/\/shop.metal-badge.ch\/?post_type=product&#038;p=99403"},"modified":"2021-03-23T08:09:03","modified_gmt":"2021-03-23T07:09:03","slug":"cagoule-noir-multitarn-ninja-balaclava","status":"publish","type":"product","link":"https:\/\/metal-badge.ch\/fr\/product\/99403\/cagoule-noir-multitarn-ninja-balaclava\/","title":{"rendered":"Cagoule noir multitarn \/ Ninja Balaclava"},"content":{"rendered":"<p><span style=\"font-weight: 400;\">Fabriqu\u00e9e en polyester de haute qualit\u00e9 \u00e0 s\u00e9chage rapide, respirant et avec une bouche mobile. Propose diff\u00e9rentes formes de port. Le mat\u00e9riau flexible en polyester s\u00e8che rapidement et s&rsquo;adapte \u00e0 la forme de la t\u00eate. Cette cagoule en multicamouflage prot\u00e8ge de mani\u00e8re fiable contre le vent et le froid gr\u00e2ce \u00e0 son long cou.<\/span><\/p>\n<p><b>Informations du produit :<\/b><\/p>\n<ul>\n<li><span style=\"font-weight: 400;\">D\u00e9nomination&nbsp;: Balaclava \/ cagoule&nbsp;<\/span><\/li>\n<li><span style=\"font-weight: 400;\">Mati\u00e8re&nbsp;: 100 % polyester<\/span><\/li>\n<li><span style=\"font-weight: 400;\">Couleur : multitarn noir&nbsp;<\/span><\/li>\n<li><span style=\"font-weight: 400;\">Poids : 40 g&nbsp;<\/span><\/li>\n<li><span style=\"font-weight: 400;\">Bouche mobile \/ design \u00e0 rabat<\/span><\/li>\n<li><span style=\"font-weight: 400;\">Respirant et conducteur d&rsquo;humidit\u00e9<\/span><\/li>\n<li><span style=\"font-weight: 400;\">L\u00e9g\u00e8rement \u00e9lastique<\/span><\/li>\n<li><span style=\"font-weight: 400;\">S\u00e8che rapidement<\/span><\/li>\n<\/ul>\n<p><span style=\"font-weight: 400;\">Taille d\u2019unit\u00e9<\/span><\/p>\n<p><span style=\"font-weight: 400;\">Diff\u00e9rentes possibilit\u00e9s de port<\/span><\/p>\n<p>&nbsp;<\/p>\n","protected":false},"excerpt":{"rendered":"<p>Fabriqu\u00e9e en polyester de haute qualit\u00e9 \u00e0 s\u00e9chage rapide, respirant et avec une bouche mobile. Propose diff\u00e9rentes formes de port. Le mat\u00e9riau flexible en polyester s\u00e8che rapidement et s&rsquo;adapte \u00e0 la forme de la t\u00eate. Cette cagoule en multicamouflage prot\u00e8ge de mani\u00e8re fiable contre le vent et le froid gr\u00e2ce \u00e0 son long cou. Informations [&hellip;]<\/p>\n","protected":false},"featured_media":99407,"comment_status":"closed","ping_status":"closed","template":"","meta":{"inline_featured_image":false},"product_brand":[],"product_cat":[1630],"product_tag":[1773],"class_list":{"0":"post-99403","1":"product","2":"type-product","3":"status-publish","4":"has-post-thumbnail","6":"product_cat-balaclavas-cagoule","7":"product_tag-chasse-peche","9":"first","10":"instock","11":"taxable","12":"shipping-taxable","13":"purchasable","14":"product-type-simple"},"_links":{"self":[{"href":"https:\/\/metal-badge.ch\/fr\/wp-json\/wp\/v2\/product\/99403","targetHints":{"allow":["GET"]}}],"collection":[{"href":"https:\/\/metal-badge.ch\/fr\/wp-json\/wp\/v2\/product"}],"about":[{"href":"https:\/\/metal-badge.ch\/fr\/wp-json\/wp\/v2\/types\/product"}],"replies":[{"embeddable":true,"href":"https:\/\/metal-badge.ch\/fr\/wp-json\/wp\/v2\/comments?post=99403"}],"wp:featuredmedia":[{"embeddable":true,"href":"https:\/\/metal-badge.ch\/fr\/wp-json\/wp\/v2\/media\/99407"}],"wp:attachment":[{"href":"https:\/\/metal-badge.ch\/fr\/wp-json\/wp\/v2\/media?parent=99403"}],"wp:term":[{"taxonomy":"product_brand","embeddable":true,"href":"https:\/\/metal-badge.ch\/fr\/wp-json\/wp\/v2\/product_brand?post=99403"},{"taxonomy":"product_cat","embeddable":true,"href":"https:\/\/metal-badge.ch\/fr\/wp-json\/wp\/v2\/product_cat?post=99403"},{"taxonomy":"product_tag","embeddable":true,"href":"https:\/\/metal-badge.ch\/fr\/wp-json\/wp\/v2\/product_tag?post=99403"}],"curies":[{"name":"wp","href":"https:\/\/api.w.org\/{rel}","templated":true}]}}