{"id":99359,"date":"2021-03-23T07:04:14","date_gmt":"2021-03-23T06:04:14","guid":{"rendered":"https:\/\/shop.metal-badge.ch\/product\/99359\/hache-universelle-avec-manche-en-fibre-de-verre-et-poignee-caoutchoutee-600-g\/"},"modified":"2021-03-23T07:04:14","modified_gmt":"2021-03-23T06:04:14","slug":"hache-universelle-avec-manche-en-fibre-de-verre-et-poignee-caoutchoutee-600-g","status":"publish","type":"product","link":"https:\/\/metal-badge.ch\/fr\/product\/99359\/hache-universelle-avec-manche-en-fibre-de-verre-et-poignee-caoutchoutee-600-g\/","title":{"rendered":"Hache universelle avec manche en fibre de verre et poign\u00e9e caoutchout\u00e9e, 600 g"},"content":{"rendered":"<p><span style=\"font-weight: 400;\">Que vous coupiez du bois de chauffage ou que vous enfonciez de petits piquets et chevilles pour une tente, cette hache est une aide robuste pour le camping, le jardinage et les travaux en for\u00eat. Gr\u00e2ce au manche caoutchout\u00e9, la hache ne vous \u00e9chappe pas. Vous pouvez donc travailler en toute s\u00e9curit\u00e9 \u00e0 tout moment.&nbsp;&nbsp;<\/span><\/p>\n<p><b>Informations du produit :&nbsp;<\/b><\/p>\n<ul>\n<li><span style=\"font-weight: 400;\">T\u00eate et ar\u00eate de coupe en acier au carbone dur 600 g&nbsp;<\/span><\/li>\n<li><span style=\"font-weight: 400;\">Id\u00e9al pour battre, fendre et couper<\/span><\/li>\n<li><span style=\"font-weight: 400;\">Style robuste en fibre de verre<\/span><\/li>\n<li><span style=\"font-weight: 400;\">Poign\u00e9e caoutchout\u00e9e pour un travail s\u00fbr et une bonne prise en main<\/span><\/li>\n<li><span style=\"font-weight: 400;\">Couleur : bleu \/ noir<\/span><\/li>\n<li><span style=\"font-weight: 400;\">Dimensions de la t\u00eate en carbone&nbsp;: 14 cm de long, 9 cm de haut&nbsp;<\/span><\/li>\n<li><span style=\"font-weight: 400;\">Poids total : 950 g&nbsp;<\/span><\/li>\n<li><span style=\"font-weight: 400;\">Longueur totale&nbsp;: 38 cm <\/span><\/li>\n<\/ul>\n","protected":false},"excerpt":{"rendered":"<p>Que vous coupiez du bois de chauffage ou que vous enfonciez de petits piquets et chevilles pour une tente, cette hache est une aide robuste pour le camping, le jardinage et les travaux en for\u00eat. Gr\u00e2ce au manche caoutchout\u00e9, la hache ne vous \u00e9chappe pas. Vous pouvez donc travailler en toute s\u00e9curit\u00e9 \u00e0 tout moment.&nbsp;&nbsp; [&hellip;]<\/p>\n","protected":false},"featured_media":99336,"comment_status":"closed","ping_status":"closed","template":"","meta":{"inline_featured_image":false},"product_brand":[],"product_cat":[1035],"product_tag":[1777],"class_list":{"0":"post-99359","1":"product","2":"type-product","3":"status-publish","4":"has-post-thumbnail","6":"product_cat-couteaux-machettes","7":"product_tag-camping-voyage","9":"first","10":"instock","11":"taxable","12":"shipping-taxable","13":"purchasable","14":"product-type-simple"},"_links":{"self":[{"href":"https:\/\/metal-badge.ch\/fr\/wp-json\/wp\/v2\/product\/99359","targetHints":{"allow":["GET"]}}],"collection":[{"href":"https:\/\/metal-badge.ch\/fr\/wp-json\/wp\/v2\/product"}],"about":[{"href":"https:\/\/metal-badge.ch\/fr\/wp-json\/wp\/v2\/types\/product"}],"replies":[{"embeddable":true,"href":"https:\/\/metal-badge.ch\/fr\/wp-json\/wp\/v2\/comments?post=99359"}],"wp:featuredmedia":[{"embeddable":true,"href":"https:\/\/metal-badge.ch\/fr\/wp-json\/wp\/v2\/media\/99336"}],"wp:attachment":[{"href":"https:\/\/metal-badge.ch\/fr\/wp-json\/wp\/v2\/media?parent=99359"}],"wp:term":[{"taxonomy":"product_brand","embeddable":true,"href":"https:\/\/metal-badge.ch\/fr\/wp-json\/wp\/v2\/product_brand?post=99359"},{"taxonomy":"product_cat","embeddable":true,"href":"https:\/\/metal-badge.ch\/fr\/wp-json\/wp\/v2\/product_cat?post=99359"},{"taxonomy":"product_tag","embeddable":true,"href":"https:\/\/metal-badge.ch\/fr\/wp-json\/wp\/v2\/product_tag?post=99359"}],"curies":[{"name":"wp","href":"https:\/\/api.w.org\/{rel}","templated":true}]}}