{"id":99315,"date":"2021-03-23T06:31:14","date_gmt":"2021-03-23T05:31:15","guid":{"rendered":"https:\/\/shop.metal-badge.ch\/?post_type=product&#038;p=99315"},"modified":"2021-03-23T06:49:31","modified_gmt":"2021-03-23T05:49:31","slug":"gant-arque-a-3-doigts-noir","status":"publish","type":"product","link":"https:\/\/metal-badge.ch\/fr\/product\/99315\/gant-arque-a-3-doigts-noir\/","title":{"rendered":"Gant arqu\u00e9 \u00e0 3 doigts noir"},"content":{"rendered":"<p><span style=\"font-weight: 400;\">Gant \u00e0 doigts en partie en cuir de vachette noir avec cordon \u00e9lastique et fermeture velcro.&nbsp;<\/span><\/p>\n<p><b>Informations du produit :&nbsp;<\/b><\/p>\n<ul>\n<li><span style=\"font-weight: 400;\">Mati\u00e8re&nbsp;: Cuir de b\u0153uf<\/span><\/li>\n<li><span style=\"font-weight: 400;\">Couleur : noir<\/span><\/li>\n<li><span style=\"font-weight: 400;\">Longueur 20 cm&nbsp;<\/span><\/li>\n<li><span style=\"font-weight: 400;\">Taille : M<\/span><\/li>\n<\/ul>\n<p>&nbsp;<\/p>\n","protected":false},"excerpt":{"rendered":"<p>Gant \u00e0 doigts en partie en cuir de vachette noir avec cordon \u00e9lastique et fermeture velcro.&nbsp; Informations du produit :&nbsp; Mati\u00e8re&nbsp;: Cuir de b\u0153uf Couleur : noir Longueur 20 cm&nbsp; Taille : M &nbsp;<\/p>\n","protected":false},"featured_media":99319,"comment_status":"closed","ping_status":"closed","template":"","meta":{"inline_featured_image":false},"product_brand":[],"product_cat":[1475],"product_tag":[1773],"class_list":{"0":"post-99315","1":"product","2":"type-product","3":"status-publish","4":"has-post-thumbnail","6":"product_cat-tir-a-larc-arbalete-sarbacane","7":"product_tag-chasse-peche","9":"first","10":"instock","11":"taxable","12":"shipping-taxable","13":"purchasable","14":"product-type-simple"},"_links":{"self":[{"href":"https:\/\/metal-badge.ch\/fr\/wp-json\/wp\/v2\/product\/99315","targetHints":{"allow":["GET"]}}],"collection":[{"href":"https:\/\/metal-badge.ch\/fr\/wp-json\/wp\/v2\/product"}],"about":[{"href":"https:\/\/metal-badge.ch\/fr\/wp-json\/wp\/v2\/types\/product"}],"replies":[{"embeddable":true,"href":"https:\/\/metal-badge.ch\/fr\/wp-json\/wp\/v2\/comments?post=99315"}],"wp:featuredmedia":[{"embeddable":true,"href":"https:\/\/metal-badge.ch\/fr\/wp-json\/wp\/v2\/media\/99319"}],"wp:attachment":[{"href":"https:\/\/metal-badge.ch\/fr\/wp-json\/wp\/v2\/media?parent=99315"}],"wp:term":[{"taxonomy":"product_brand","embeddable":true,"href":"https:\/\/metal-badge.ch\/fr\/wp-json\/wp\/v2\/product_brand?post=99315"},{"taxonomy":"product_cat","embeddable":true,"href":"https:\/\/metal-badge.ch\/fr\/wp-json\/wp\/v2\/product_cat?post=99315"},{"taxonomy":"product_tag","embeddable":true,"href":"https:\/\/metal-badge.ch\/fr\/wp-json\/wp\/v2\/product_tag?post=99315"}],"curies":[{"name":"wp","href":"https:\/\/api.w.org\/{rel}","templated":true}]}}