{"id":99295,"date":"2021-03-23T05:50:09","date_gmt":"2021-03-23T04:50:09","guid":{"rendered":"https:\/\/shop.metal-badge.ch\/product\/99295\/pantalon-de-securite-pantalon-de-travail\/"},"modified":"2022-03-07T11:16:13","modified_gmt":"2022-03-07T10:16:13","slug":"pantalon-de-securite-pantalon-de-travail","status":"publish","type":"product","link":"https:\/\/metal-badge.ch\/fr\/product\/99295\/pantalon-de-securite-pantalon-de-travail\/","title":{"rendered":"Pantalon de s\u00e9curit\u00e9 \/ pantalon de travail"},"content":{"rendered":"<p><span style=\"font-weight: 400;\">Pantalon de s\u00e9curit\u00e9 avec une coupe moderne, tr\u00e8s confortable. 100 % coton avec 2 grandes poches arri\u00e8re, 2 poches lat\u00e9rales sur les jambes avec fermeture velcro et 2 grandes poches avant s\u00e9par\u00e9es. Avec un large passant de ceinture et une ceinture int\u00e9rieure avec \u00e9lastique pour un ajustement parfait. Braguette du pantalon \u00e0 fermeture \u00e9clair YKK et bouton pression. Bandes r\u00e9fl\u00e9chissantes 3M HiVis sur tout le pourtour pour une s\u00e9curit\u00e9 accrue selon la norme EN ISO 20471.&nbsp;&nbsp;<\/span><\/p>\n<p><b>Informations du produit :&nbsp;<\/b><\/p>\n<ul>\n<li><span style=\"font-weight: 400;\">Pantalon de travail durable et r\u00e9sistant pour une tr\u00e8s longue dur\u00e9e de vie&nbsp;&nbsp;<\/span><\/li>\n<li><span style=\"font-weight: 400;\">Couleur : jaune n\u00e9on \/ bleu marine&nbsp;<\/span><\/li>\n<li><span style=\"font-weight: 400;\">Mati\u00e8re&nbsp;: 100 % coton.&nbsp;<\/span><\/li>\n<li><span style=\"font-weight: 400;\">Double couture<\/span><\/li>\n<li><span style=\"font-weight: 400;\">Confortable&nbsp;<\/span><\/li>\n<li><span style=\"font-weight: 400;\">Poches : 8<\/span><\/li>\n<li><span style=\"font-weight: 400;\">4 bandes r\u00e9fl\u00e9chissantes HiVis 3M de 5cm de large sur tout le pourtour selon la norme EN ISO 20471&nbsp;<\/span><\/li>\n<li><span style=\"font-weight: 400;\">Boucles de ceinture et \u00e9lastique int\u00e9rieur dans la ceinture pour un ajustement correct<\/span><\/li>\n<li><span style=\"font-weight: 400;\">Braguette du pantalon \u00e0 fermeture \u00e9clair YKK et bouton pression.&nbsp;<\/span><\/li>\n<li><span style=\"font-weight: 400;\">Poids : GSM 260&nbsp;<\/span><\/li>\n<\/ul>\n<p><b>Comme toujours, une excellente qualit\u00e9 \u00e0 des prix justes<\/b><\/p>\n<p>&nbsp;<\/p>\n","protected":false},"excerpt":{"rendered":"<p><span style=\"font-weight: 400;\">Pantalon de s\u00e9curit\u00e9 (pantalon de travail) avec une coupe moderne, tr\u00e8s confortable. 100 % coton avec 2 grandes poches arri\u00e8re, 2 poches lat\u00e9rales sur les jambes avec fermeture velcro et 2 grandes poches avant s\u00e9par\u00e9es. <\/span><\/p>\n","protected":false},"featured_media":99276,"comment_status":"closed","ping_status":"closed","template":"","meta":{"inline_featured_image":false},"product_brand":[],"product_cat":[1606],"product_tag":[],"class_list":{"0":"post-99295","1":"product","2":"type-product","3":"status-publish","4":"has-post-thumbnail","6":"product_cat-vetements-haute-visibilite-et-lumineux","8":"first","9":"instock","10":"taxable","11":"shipping-taxable","12":"purchasable","13":"product-type-simple"},"_links":{"self":[{"href":"https:\/\/metal-badge.ch\/fr\/wp-json\/wp\/v2\/product\/99295","targetHints":{"allow":["GET"]}}],"collection":[{"href":"https:\/\/metal-badge.ch\/fr\/wp-json\/wp\/v2\/product"}],"about":[{"href":"https:\/\/metal-badge.ch\/fr\/wp-json\/wp\/v2\/types\/product"}],"replies":[{"embeddable":true,"href":"https:\/\/metal-badge.ch\/fr\/wp-json\/wp\/v2\/comments?post=99295"}],"wp:featuredmedia":[{"embeddable":true,"href":"https:\/\/metal-badge.ch\/fr\/wp-json\/wp\/v2\/media\/99276"}],"wp:attachment":[{"href":"https:\/\/metal-badge.ch\/fr\/wp-json\/wp\/v2\/media?parent=99295"}],"wp:term":[{"taxonomy":"product_brand","embeddable":true,"href":"https:\/\/metal-badge.ch\/fr\/wp-json\/wp\/v2\/product_brand?post=99295"},{"taxonomy":"product_cat","embeddable":true,"href":"https:\/\/metal-badge.ch\/fr\/wp-json\/wp\/v2\/product_cat?post=99295"},{"taxonomy":"product_tag","embeddable":true,"href":"https:\/\/metal-badge.ch\/fr\/wp-json\/wp\/v2\/product_tag?post=99295"}],"curies":[{"name":"wp","href":"https:\/\/api.w.org\/{rel}","templated":true}]}}