{"id":99235,"date":"2021-03-23T04:55:59","date_gmt":"2021-03-23T03:56:00","guid":{"rendered":"https:\/\/shop.metal-badge.ch\/?post_type=product&#038;p=99235"},"modified":"2021-03-23T05:06:09","modified_gmt":"2021-03-23T04:06:09","slug":"canne-a-peche-a-la-mouche-combinee-avec-moulinet-ligne-appat-a-mouche-sac","status":"publish","type":"product","link":"https:\/\/metal-badge.ch\/fr\/product\/99235\/canne-a-peche-a-la-mouche-combinee-avec-moulinet-ligne-appat-a-mouche-sac\/","title":{"rendered":"Canne \u00e0 p\u00eache \u00e0 la mouche combin\u00e9e avec moulinet, ligne, app\u00e2t \u00e0 mouche, sac"},"content":{"rendered":"<p><span style=\"font-weight: 400;\">Les cannes \u00e0 p\u00eache \u00e0 la mouche combin\u00e9es Piscifun s\u00e9duisent par leur prix modique et conviennent parfaitement aux d\u00e9butants. La canne comprend un moulinet Omni, qui est d\u00e9j\u00e0 enroul\u00e9 avec une ligne WF, un support et une boucle tress\u00e9e, et bien s\u00fbr la canne correspondante.\u2022 Moulinet en graphite Omni enroul\u00e9e avec ligne WF, support et boucle tress\u00e9e\u2022 Canne \u00e0 p\u00eache \u00e0 la mouche Omni 4 pi\u00e8ces \u2022 Livr\u00e9e dans un sac plastique et une bo\u00eete \u00e0 mouches avec 9 mouches s\u00e8ches.<\/span><\/p>\n<p><span style=\"font-weight: 400;\">Les lignes polyvalentes optimisent la performance de lancement de votre canne. Con\u00e7ue pour la p\u00eache dans les distances de lancer les plus courantes. Sa couleur verte est facilement reconnaissable par le p\u00eacheur, mais n&rsquo;est gu\u00e8re remarqu\u00e9e par les poissons.&nbsp;<\/span><\/p>\n<p><b>Informations du produit :<\/b><\/p>\n<ul>\n<li><span style=\"font-weight: 400;\">Canne \u00e0 p\u00eache \u00e0 la mouche combin\u00e9e avec moulinet, une ligne, une boite d&rsquo;app\u00e2ts \u00e0 mouches et un sac<\/span><\/li>\n<li><span style=\"font-weight: 400;\">Marque : Piscifun<\/span><span style=\"font-weight: 400;\"><br \/>\n<\/span><span style=\"font-weight: 400;\">Action&nbsp;: lente<\/span><\/li>\n<li><span style=\"font-weight: 400;\">Poids, avec rouleau&nbsp;: 290 g<\/span><\/li>\n<li><span style=\"font-weight: 400;\">Longueur canne&nbsp;: 277 cm \/ 4 parties&nbsp;<\/span><\/li>\n<li><span style=\"font-weight: 400;\">Mati\u00e8re&nbsp;: Carbone 24T et 30T&nbsp;<\/span><\/li>\n<li><span style=\"font-weight: 400;\">Poign\u00e9e&nbsp;: Li\u00e8ge<\/span><span style=\"font-weight: 400;\"><br \/>\n<\/span><span style=\"font-weight: 400;\">Dimensions sac de transport 74 cm&nbsp;<\/span><\/li>\n<\/ul>\n<p><b>Mod\u00e8le canne&nbsp;: Riv<\/b><\/p>\n<ul>\n<li><span style=\"font-weight: 400;\">Poids du rouleau&nbsp;: 165 g<\/span><\/li>\n<li><span style=\"font-weight: 400;\">Roulement \u00e0 billes&nbsp;: 1 \/ 3BB&nbsp;<\/span><\/li>\n<li><span style=\"font-weight: 400;\">Diam\u00e8tre du moulinet : 8.5 cm<\/span><\/li>\n<li><span style=\"font-weight: 400;\">Diam\u00e8tre int\u00e9rieur\u202f: 4.5 cm&nbsp;<\/span><\/li>\n<li><span style=\"font-weight: 400;\">Largeur du rouleau&nbsp;: 30 mm&nbsp;&nbsp;<\/span><\/li>\n<li><span style=\"font-weight: 400;\">Couleur de la ligne&nbsp;: Lemon&nbsp;<\/span><\/li>\n<li><span style=\"font-weight: 400;\">Longueur de la ligne&nbsp;: 100 m\u00e8tres<\/span><\/li>\n<li><span style=\"font-weight: 400;\">Classe de ligne&nbsp;: WF6 Float 5\/6, 10 Kg &nbsp;<\/span><\/li>\n<li><span style=\"font-weight: 400;\">Ligne avec support et leader<\/span><\/li>\n<li><span style=\"font-weight: 400;\">Livr\u00e9e enroul\u00e9e<\/span><\/li>\n<li><span style=\"font-weight: 400;\">Comprend&nbsp;: Sac avec fermeture \u00e9clair pour canne \u00e0 p\u00eache et app\u00e2t \u00e0 mouche 9 pcs&nbsp;<\/span><\/li>\n<li><span style=\"font-weight: 400;\">Id\u00e9ale pour les d\u00e9butants&nbsp;<\/span><\/li>\n<\/ul>\n","protected":false},"excerpt":{"rendered":"<p>Les cannes \u00e0 p\u00eache \u00e0 la mouche combin\u00e9es Piscifun s\u00e9duisent par leur prix modique et conviennent parfaitement aux d\u00e9butants. La canne comprend un moulinet Omni, qui est d\u00e9j\u00e0 enroul\u00e9 avec une ligne WF, un support et une boucle tress\u00e9e, et bien s\u00fbr la canne correspondante.\u2022 Moulinet en graphite Omni enroul\u00e9e avec ligne WF, support et [&hellip;]<\/p>\n","protected":false},"featured_media":99239,"comment_status":"closed","ping_status":"closed","template":"","meta":{"inline_featured_image":false},"product_brand":[],"product_cat":[1347],"product_tag":[1773],"class_list":{"0":"post-99235","1":"product","2":"type-product","3":"status-publish","4":"has-post-thumbnail","6":"product_cat-accessoires-militaires-de-chasse","7":"product_tag-chasse-peche","9":"first","10":"instock","11":"taxable","12":"shipping-taxable","13":"purchasable","14":"product-type-simple"},"_links":{"self":[{"href":"https:\/\/metal-badge.ch\/fr\/wp-json\/wp\/v2\/product\/99235","targetHints":{"allow":["GET"]}}],"collection":[{"href":"https:\/\/metal-badge.ch\/fr\/wp-json\/wp\/v2\/product"}],"about":[{"href":"https:\/\/metal-badge.ch\/fr\/wp-json\/wp\/v2\/types\/product"}],"replies":[{"embeddable":true,"href":"https:\/\/metal-badge.ch\/fr\/wp-json\/wp\/v2\/comments?post=99235"}],"wp:featuredmedia":[{"embeddable":true,"href":"https:\/\/metal-badge.ch\/fr\/wp-json\/wp\/v2\/media\/99239"}],"wp:attachment":[{"href":"https:\/\/metal-badge.ch\/fr\/wp-json\/wp\/v2\/media?parent=99235"}],"wp:term":[{"taxonomy":"product_brand","embeddable":true,"href":"https:\/\/metal-badge.ch\/fr\/wp-json\/wp\/v2\/product_brand?post=99235"},{"taxonomy":"product_cat","embeddable":true,"href":"https:\/\/metal-badge.ch\/fr\/wp-json\/wp\/v2\/product_cat?post=99235"},{"taxonomy":"product_tag","embeddable":true,"href":"https:\/\/metal-badge.ch\/fr\/wp-json\/wp\/v2\/product_tag?post=99235"}],"curies":[{"name":"wp","href":"https:\/\/api.w.org\/{rel}","templated":true}]}}