{"id":98896,"date":"2021-03-18T15:17:18","date_gmt":"2021-03-18T14:17:19","guid":{"rendered":"https:\/\/shop.metal-badge.ch\/?post_type=product&#038;p=98896"},"modified":"2021-03-18T15:24:27","modified_gmt":"2021-03-18T14:24:27","slug":"pince-de-ceinture-approach-avec-badge-extractible-lutteur-suisse","status":"publish","type":"product","link":"https:\/\/metal-badge.ch\/fr\/product\/98896\/pince-de-ceinture-approach-avec-badge-extractible-lutteur-suisse\/","title":{"rendered":"Pince de ceinture Approach avec badge extractible Lutteur Suisse"},"content":{"rendered":"<p>Le badge peut \u00eatre tir\u00e9 confortablement jusqu&rsquo;\u00e0 la but\u00e9e sur 65 cm du c\u00e2blem\u00e9tallique et revient proprement sur la pincede ceinture apr\u00e8s utilisation.<span class=\"Apple-converted-space\">&nbsp;<\/span><\/p>\n<p>Il peut \u00eatre utilis\u00e9 et rang\u00e9 \u00e0 nouveau facilement. Gr\u00e2ce au syst\u00e8me yoyo int\u00e9gr\u00e9 avec le cordon m\u00e9tallique r\u00e9sistant \u00e0 la d\u00e9chirure, il suffit de tirer sur le badge pour le montrer. Le badge peut \u00eatre s\u00e9par\u00e9 de la pince de ceinture en une seule \u00e9tape facile. Le prix comprend ce magnifique coffret cadeau en aluminium argent\u00e9 avec fen\u00eatre.<span class=\"Apple-converted-space\">&nbsp;<\/span><\/p>\n<p><b>Informations du produit :<\/b><\/p>\n<ul>\n<li>Mod\u00e8le : Approach &nbsp;&nbsp;<\/li>\n<li>Syst\u00e8me yoyo pratique pour une pr\u00e9sentation rapide du badge &nbsp;<\/li>\n<li>Cordon m\u00e9tallique r\u00e9sistant \u00e0 la d\u00e9chirure &nbsp;&nbsp;<\/li>\n<li>C\u00e2blage extensible jusqu&rsquo;\u00e0 65 cm &nbsp;<\/li>\n<li>Poids : Badge avec pince ceinture : 88 g &nbsp;&nbsp;<\/li>\n<li>Dimensions&nbsp;: Badge 82,5 x 55,5 mm&nbsp;<\/li>\n<li>Poids du badge : 58 g &nbsp;<\/li>\n<li>Couleur pince ceinture : argent\u00e9.&nbsp;<\/li>\n<li>Couleur du badge : or brillant ou argent\u00e9 mat &nbsp;<\/li>\n<\/ul>\n","protected":false},"excerpt":{"rendered":"<p>Le badge peut \u00eatre tir\u00e9 confortablement jusqu&rsquo;\u00e0 la but\u00e9e sur 65 cm du c\u00e2blem\u00e9tallique et revient proprement sur la pincede ceinture apr\u00e8s utilisation.&nbsp; Il peut \u00eatre utilis\u00e9 et rang\u00e9 \u00e0 nouveau facilement. Gr\u00e2ce au syst\u00e8me yoyo int\u00e9gr\u00e9 avec le cordon m\u00e9tallique r\u00e9sistant \u00e0 la d\u00e9chirure, il suffit de tirer sur le badge pour le montrer. [&hellip;]<\/p>\n","protected":false},"featured_media":98900,"comment_status":"open","ping_status":"closed","template":"","meta":{"inline_featured_image":false},"product_brand":[],"product_cat":[1131,2367],"product_tag":[],"class_list":{"0":"post-98896","1":"product","2":"type-product","3":"status-publish","4":"has-post-thumbnail","6":"product_cat-lutteur-suisse","7":"product_cat-lutteur-suisse-fr","9":"first","10":"instock","11":"taxable","12":"shipping-taxable","13":"purchasable","14":"product-type-simple"},"_links":{"self":[{"href":"https:\/\/metal-badge.ch\/fr\/wp-json\/wp\/v2\/product\/98896","targetHints":{"allow":["GET"]}}],"collection":[{"href":"https:\/\/metal-badge.ch\/fr\/wp-json\/wp\/v2\/product"}],"about":[{"href":"https:\/\/metal-badge.ch\/fr\/wp-json\/wp\/v2\/types\/product"}],"replies":[{"embeddable":true,"href":"https:\/\/metal-badge.ch\/fr\/wp-json\/wp\/v2\/comments?post=98896"}],"wp:featuredmedia":[{"embeddable":true,"href":"https:\/\/metal-badge.ch\/fr\/wp-json\/wp\/v2\/media\/98900"}],"wp:attachment":[{"href":"https:\/\/metal-badge.ch\/fr\/wp-json\/wp\/v2\/media?parent=98896"}],"wp:term":[{"taxonomy":"product_brand","embeddable":true,"href":"https:\/\/metal-badge.ch\/fr\/wp-json\/wp\/v2\/product_brand?post=98896"},{"taxonomy":"product_cat","embeddable":true,"href":"https:\/\/metal-badge.ch\/fr\/wp-json\/wp\/v2\/product_cat?post=98896"},{"taxonomy":"product_tag","embeddable":true,"href":"https:\/\/metal-badge.ch\/fr\/wp-json\/wp\/v2\/product_tag?post=98896"}],"curies":[{"name":"wp","href":"https:\/\/api.w.org\/{rel}","templated":true}]}}