{"id":98176,"date":"2021-03-03T05:54:32","date_gmt":"2021-03-03T04:54:33","guid":{"rendered":"https:\/\/shop.metal-badge.ch\/?post_type=product&#038;p=98176"},"modified":"2021-03-03T06:06:54","modified_gmt":"2021-03-03T05:06:54","slug":"badge-police-de-la-ville-de-zurich-sans-etui","status":"publish","type":"product","link":"https:\/\/metal-badge.ch\/fr\/product\/98176\/badge-police-de-la-ville-de-zurich-sans-etui\/","title":{"rendered":"Badge Police de la ville de Zurich (sans \u00e9tui)"},"content":{"rendered":"<p>Badge Police de la ville de <span class=\"il\">Zurich<\/span> sans \u00e9tui ou en bois. Au choix, argent ou or.<br \/>\nGrand badge : 82,5 mm x 55,5 mm \/ badge, poids avec la pince : 58 g<\/p>\n<p>Une grande gamme d&rsquo;\u00e9tuis en cuir est assortie aux badges. Cliquez sur <a style=\"font-size: 13px; font-weight: bold;\" href=\"https:\/\/metal-badge.ch\/fr\/product-category\/metal-badge-fr\/etuis-en-cuir-sans-badge\/\">le lien<\/a> et commandez votre \u00e9tui personnel.<\/p>\n<p>Id\u00e9al \u00e0 offrir ou pour d\u00e9corer: vous trouverez <a style=\"font-size: 13px; font-weight: bold;\" href=\"https:\/\/metal-badge.ch\/fr\/product-category\/metal-badge-fr\/bois-place-of-honour\/\">ici<\/a> nos \u00e9l\u00e9gantes variantes en bois et en acrylique \u00e0 poser ou suspendre.<\/p>\n<p>Cette jolie bo\u00eete cadeau en alu argent\u00e9 avec fen\u00eatre est comprise dans le prix.<\/p>\n<p><span style=\"color: #ff0000;\"><strong>Attention: Uniquement disponible pour les collaborateurs<\/strong><\/span><\/p>\n","protected":false},"excerpt":{"rendered":"<p>Badge Police de la ville de Zurich sans \u00e9tui ou en bois. Au choix, argent ou or. Grand badge : 82,5 mm x 55,5 mm \/ badge, poids avec la pince : 58 g Une grande gamme d&rsquo;\u00e9tuis en cuir est assortie aux badges. Cliquez sur le lien et commandez votre \u00e9tui personnel. Id\u00e9al \u00e0 [&hellip;]<\/p>\n","protected":false},"featured_media":97849,"comment_status":"open","ping_status":"closed","template":"","meta":{"inline_featured_image":false},"product_brand":[],"product_cat":[2152],"product_tag":[],"class_list":{"0":"post-98176","1":"product","2":"type-product","3":"status-publish","4":"has-post-thumbnail","6":"product_cat-police-de-la-ville-de-zurich","8":"first","9":"outofstock","10":"taxable","11":"shipping-taxable","12":"purchasable","13":"product-type-simple"},"_links":{"self":[{"href":"https:\/\/metal-badge.ch\/fr\/wp-json\/wp\/v2\/product\/98176","targetHints":{"allow":["GET"]}}],"collection":[{"href":"https:\/\/metal-badge.ch\/fr\/wp-json\/wp\/v2\/product"}],"about":[{"href":"https:\/\/metal-badge.ch\/fr\/wp-json\/wp\/v2\/types\/product"}],"replies":[{"embeddable":true,"href":"https:\/\/metal-badge.ch\/fr\/wp-json\/wp\/v2\/comments?post=98176"}],"wp:featuredmedia":[{"embeddable":true,"href":"https:\/\/metal-badge.ch\/fr\/wp-json\/wp\/v2\/media\/97849"}],"wp:attachment":[{"href":"https:\/\/metal-badge.ch\/fr\/wp-json\/wp\/v2\/media?parent=98176"}],"wp:term":[{"taxonomy":"product_brand","embeddable":true,"href":"https:\/\/metal-badge.ch\/fr\/wp-json\/wp\/v2\/product_brand?post=98176"},{"taxonomy":"product_cat","embeddable":true,"href":"https:\/\/metal-badge.ch\/fr\/wp-json\/wp\/v2\/product_cat?post=98176"},{"taxonomy":"product_tag","embeddable":true,"href":"https:\/\/metal-badge.ch\/fr\/wp-json\/wp\/v2\/product_tag?post=98176"}],"curies":[{"name":"wp","href":"https:\/\/api.w.org\/{rel}","templated":true}]}}