{"id":98169,"date":"2021-03-02T12:17:40","date_gmt":"2021-04-25T06:54:58","guid":{"rendered":"https:\/\/shop.metal-badge.ch\/?post_type=product&#038;p=98169"},"modified":"2024-10-30T19:10:54","modified_gmt":"2024-10-30T18:10:54","slug":"trousse-de-premiers-secours-trousse-durgence-kit-de-premiers-secours-3","status":"publish","type":"product","link":"https:\/\/metal-badge.ch\/fr\/product\/98169\/trousse-de-premiers-secours-trousse-durgence-kit-de-premiers-secours-3\/","title":{"rendered":"Trousse de premiers secours, trousse d&rsquo;urgence, kit de premiers secours"},"content":{"rendered":"<p>Trousse de premiers secours pour les m\u00e9decins urgentistes, les ambulanciers, les param\u00e9dicaux et les premiers intervenants.<br \/>\nGrande trousse d&rsquo;urgence pratique avec de nombreuses poches int\u00e9rieures et ext\u00e9rieures pour ranger le mat\u00e9riel d&rsquo;urgence et les ustensiles de premiers secours pour les premiers soins aigus. Avec deux pochettes int\u00e9rieures amovibles avec fen\u00eatre pour les m\u00e9dicaments. Amovible \u00e0 l&rsquo;aide d&rsquo;un velcro.<\/p>\n<p>La trousse d&rsquo;urgence compte une longue sangle de transport amovible, qui vous permet de le porter \u00e0 l&rsquo;\u00e9paule, et des poign\u00e9es de transport courtes avec velcro. Les compartiments de l&rsquo;int\u00e9rieur peuvent \u00eatre divis\u00e9s individuellement pour r\u00e9pondre \u00e0 chaque besoin &#8211; vous pouvez diviser les compartiments en fonction de vos besoins et de la zone d&rsquo;utilisation. Le design rouge accrocheur et les r\u00e9flecteurs attach\u00e9s rendent la trousse d&rsquo;urgence tr\u00e8s visible, m\u00eame lors d&rsquo;une mission d&rsquo;urgence \u00e0 l&rsquo;ext\u00e9rieur.<\/p>\n<p>Un mat\u00e9riau en nylon hydrofuge et une face inf\u00e9rieure caoutchout\u00e9e du sac prot\u00e8gent votre \u00e9quipement m\u00eame dans des conditions m\u00e9t\u00e9orologiques d\u00e9favorables lors d&rsquo;une utilisation en ext\u00e9rieur. Les mat\u00e9riaux utilis\u00e9s sont faciles \u00e0 nettoyer et particuli\u00e8rement r\u00e9sistants aux contraintes m\u00e9caniques. De plus, cette grande trousse d&rsquo;urgence offre un \u00e9norme espace de rangement et un am\u00e9nagement int\u00e9rieur bien pens\u00e9. Vous avez donc toujours votre \u00e9quipement \u00e0 port\u00e9e de main lorsque vous \u00eates sur le terrain. La trousse est livr\u00e9e sans contenu !<\/p>\n<p><strong>Informations du produit :<\/strong><br \/>\nSac d&rsquo;urgence GZSA184<br \/>\nRobuste et durable<br \/>\nSyst\u00e8me de fermeture \u00e9clair robuste<br \/>\nSac en nylon hydrofuge<br \/>\nCouleur : rouge avec logo et bandes r\u00e9fl\u00e9chissantes<br \/>\nPoids : 1600 g.<br \/>\nMati\u00e8re : nylon 1800D<br \/>\nContenu : 35 litres<br \/>\nDimensions du sac : longueur 45 cm x largeur 18 cm x hauteur 35 cm<br \/>\nFen\u00eatre transparente pour l\u2019inscription : 11 cm x 7 cm<br \/>\nPoches ext\u00e9rieures 2 poches avec fermeture \u00e9clair sur le pourtour, hauteur 30 cm x largeur 26 cm x profondeur 10 cm<br \/>\n2 poches pour m\u00e9dicaments amovibles \u00e0 l&rsquo;int\u00e9rieur avec fermeture velcro et fen\u00eatre transparente<br \/>\nPoches lat\u00e9rales ext\u00e9rieures : 2 poches avec fermeture velcro, hauteur 18 cm x largeur 11 cm x profondeur 6 cm<br \/>\nPoche appliqu\u00e9e avec fermeture \u00e9clair : L 27 cm x H 12 cm x P 5 cm<br \/>\nSangle d&rsquo;\u00e9paule amovible \/ r\u00e9glable<br \/>\nConfortable poign\u00e9e de transport renforc\u00e9e<br \/>\nGrand compartiment ext\u00e9rieur pour dossiers avec fermeture velcro : 40 cm de long x 27 cm de haut<br \/>\nCompartiment int\u00e9rieur spacieux avec diff\u00e9rentes boucles et compartiments pour les m\u00e9dicaments et les instruments<\/p>\n","protected":false},"excerpt":{"rendered":"<p>Trousse de premiers secours pour les m\u00e9decins urgentistes, les ambulanciers, les param\u00e9dicaux et les premiers intervenants. Grande trousse d&rsquo;urgence pratique avec de nombreuses poches int\u00e9rieures et ext\u00e9rieures pour ranger le mat\u00e9riel d&rsquo;urgence et les ustensiles de premiers secours pour les premiers soins aigus. Avec deux pochettes int\u00e9rieures amovibles avec fen\u00eatre pour les m\u00e9dicaments. Amovible \u00e0 [&hellip;]<\/p>\n","protected":false},"featured_media":98134,"comment_status":"closed","ping_status":"closed","template":"","meta":{"inline_featured_image":false},"product_brand":[],"product_cat":[1059,1946,1650,1815,1493],"product_tag":[2009,1785,2148],"class_list":{"0":"post-98169","1":"product","2":"type-product","3":"status-publish","4":"has-post-thumbnail","6":"product_cat-sacs","7":"product_cat-organisations-lumiere-bleue-securite","8":"product_cat-sacs-dintervention","9":"product_cat-sacs-de-transport-de-voyage","10":"product_cat-security-factory-fr","11":"product_tag-premiers-secours","12":"product_tag-premiers-secours-sauvetage","13":"product_tag-trousse","15":"first","16":"instock","17":"taxable","18":"shipping-taxable","19":"purchasable","20":"product-type-simple"},"_links":{"self":[{"href":"https:\/\/metal-badge.ch\/fr\/wp-json\/wp\/v2\/product\/98169","targetHints":{"allow":["GET"]}}],"collection":[{"href":"https:\/\/metal-badge.ch\/fr\/wp-json\/wp\/v2\/product"}],"about":[{"href":"https:\/\/metal-badge.ch\/fr\/wp-json\/wp\/v2\/types\/product"}],"replies":[{"embeddable":true,"href":"https:\/\/metal-badge.ch\/fr\/wp-json\/wp\/v2\/comments?post=98169"}],"wp:featuredmedia":[{"embeddable":true,"href":"https:\/\/metal-badge.ch\/fr\/wp-json\/wp\/v2\/media\/98134"}],"wp:attachment":[{"href":"https:\/\/metal-badge.ch\/fr\/wp-json\/wp\/v2\/media?parent=98169"}],"wp:term":[{"taxonomy":"product_brand","embeddable":true,"href":"https:\/\/metal-badge.ch\/fr\/wp-json\/wp\/v2\/product_brand?post=98169"},{"taxonomy":"product_cat","embeddable":true,"href":"https:\/\/metal-badge.ch\/fr\/wp-json\/wp\/v2\/product_cat?post=98169"},{"taxonomy":"product_tag","embeddable":true,"href":"https:\/\/metal-badge.ch\/fr\/wp-json\/wp\/v2\/product_tag?post=98169"}],"curies":[{"name":"wp","href":"https:\/\/api.w.org\/{rel}","templated":true}]}}