{"id":98079,"date":"2021-03-01T12:20:43","date_gmt":"2021-04-25T00:09:43","guid":{"rendered":"https:\/\/shop.metal-badge.ch\/?post_type=product&#038;p=98079"},"modified":"2023-04-01T13:38:29","modified_gmt":"2023-04-01T11:38:29","slug":"gilet-lumineux-gilet-de-signalisation","status":"publish","type":"product","link":"https:\/\/metal-badge.ch\/fr\/product\/98079\/gilet-lumineux-gilet-de-signalisation\/","title":{"rendered":"Gilet lumineux \/ Gilet de signalisation"},"content":{"rendered":"<p>Gilet fonctionnel au design r\u00e9volutionnaire. Le gilet est tr\u00e8s l\u00e9ger et \u00e9quip\u00e9 de quatre poches pratiques. La combinaison de couleurs jaune et orange de signalisation est tr\u00e8s populaire et, gr\u00e2ce aux bandes r\u00e9fl\u00e9chissantes tout autour, elle est facilement reconnaissable m\u00eame dans l&rsquo;obscurit\u00e9 et en cas de mauvaise visibilit\u00e9. Avec un poids de 120 g seulement, le gilet se glisse dans presque toutes les poches de pantalon. Le gilet est facile d&rsquo;entretien et lavable.<\/p>\n<p><strong>Informations du produit :<\/strong><br \/>\nWX-V1032<br \/>\nCouleur : Jaune \/ Orange<br \/>\nBandes r\u00e9fl\u00e9chissantes : Bandes sur toute la circonf\u00e9rence \u00e0 haute visibilit\u00e9 de 5 cm de large<br \/>\nMati\u00e8re : 100 % polyester<br \/>\nPoids : 120 g<br \/>\nCertifi\u00e9 CE, norme EN 20471<br \/>\n4 grandes poches \u00e0 velcro avec un espace de rangement suffisant<br \/>\nPoche porte-stylo et pour portable<br \/>\nAnneau D pour cl\u00e9<br \/>\nFermeture \u00e9clair YKK<br \/>\nLavable : 40 degr\u00e9s<br \/>\nBoucle radio pour l&rsquo;accrochage du micro<br \/>\nDossier en tissu maill\u00e9<br \/>\nAvant en nylon-polyester ferm\u00e9<br \/>\nTailles : S, M, L, XL, 2XL<br \/>\nPour un suppl\u00e9ment, ces gilets fonctionnels sont \u00e9galement disponibles avec les inscriptions \/ l&rsquo;\u00e9tiquette velcro de votre choix \u00e0 partir de 50 pi\u00e8ces. Contactez-nous !<\/p>\n","protected":false},"excerpt":{"rendered":"<p>Gilet lumineux (gilet de signalisation) fonctionnel au design r\u00e9volutionnaire. Tr\u00e8s l\u00e9ger et \u00e9quip\u00e9 de quatre poches pratiques. Combinaison de couleurs jaune et orange de signalisation.<\/p>\n","protected":false},"featured_media":98054,"comment_status":"closed","ping_status":"closed","template":"","meta":{"inline_featured_image":false},"product_brand":[],"product_cat":[1606,2215,1493,1103],"product_tag":[2114,2048,2052],"class_list":{"0":"post-98079","1":"product","2":"type-product","3":"status-publish","4":"has-post-thumbnail","6":"product_cat-vetements-haute-visibilite-et-lumineux","7":"product_cat-vestes_tactiques","8":"product_cat-security-factory-fr","9":"product_cat-vetements","10":"product_tag-gilet-reflechissant","11":"product_tag-jaune","12":"product_tag-orange-fr","14":"first","15":"instock","16":"taxable","17":"shipping-taxable","18":"purchasable","19":"product-type-simple"},"_links":{"self":[{"href":"https:\/\/metal-badge.ch\/fr\/wp-json\/wp\/v2\/product\/98079","targetHints":{"allow":["GET"]}}],"collection":[{"href":"https:\/\/metal-badge.ch\/fr\/wp-json\/wp\/v2\/product"}],"about":[{"href":"https:\/\/metal-badge.ch\/fr\/wp-json\/wp\/v2\/types\/product"}],"replies":[{"embeddable":true,"href":"https:\/\/metal-badge.ch\/fr\/wp-json\/wp\/v2\/comments?post=98079"}],"wp:featuredmedia":[{"embeddable":true,"href":"https:\/\/metal-badge.ch\/fr\/wp-json\/wp\/v2\/media\/98054"}],"wp:attachment":[{"href":"https:\/\/metal-badge.ch\/fr\/wp-json\/wp\/v2\/media?parent=98079"}],"wp:term":[{"taxonomy":"product_brand","embeddable":true,"href":"https:\/\/metal-badge.ch\/fr\/wp-json\/wp\/v2\/product_brand?post=98079"},{"taxonomy":"product_cat","embeddable":true,"href":"https:\/\/metal-badge.ch\/fr\/wp-json\/wp\/v2\/product_cat?post=98079"},{"taxonomy":"product_tag","embeddable":true,"href":"https:\/\/metal-badge.ch\/fr\/wp-json\/wp\/v2\/product_tag?post=98079"}],"curies":[{"name":"wp","href":"https:\/\/api.w.org\/{rel}","templated":true}]}}