{"id":98048,"date":"2021-03-01T11:50:03","date_gmt":"2021-04-24T22:05:10","guid":{"rendered":"https:\/\/shop.metal-badge.ch\/?post_type=product&#038;p=98048"},"modified":"2023-04-01T13:51:58","modified_gmt":"2023-04-01T11:51:58","slug":"gilet-fonctionnel-de-signalisation-2","status":"publish","type":"product","link":"https:\/\/metal-badge.ch\/fr\/product\/98048\/gilet-fonctionnel-de-signalisation-2\/","title":{"rendered":"Gilet fonctionnel \/ de signalisation"},"content":{"rendered":"<p>Gilet fonctionnel l\u00e9ger en orange \/ noir avec des bandes r\u00e9fl\u00e9chissantes tout autour, il est facilement reconnaissable m\u00eame dans l&rsquo;obscurit\u00e9 et en cas de mauvaise visibilit\u00e9. Avec un poids de 120 g seulement, le gilet se glisse dans presque toutes les poches de pantalon. Le gilet est facile d&rsquo;entretien et lavable. Ce gilet fonctionnel est \u00e9quip\u00e9 de 4 poches.<\/p>\n<p><strong>Informations du produit :<\/strong><br \/>\nWX-V1027<br \/>\nCouleur : orange \/ noir<br \/>\nBandes r\u00e9fl\u00e9chissantes : Bandes sur toute la circonf\u00e9rence \u00e0 haute visibilit\u00e9 de 5 cm de large<br \/>\nMati\u00e8re : 100 % polyester<br \/>\nPoids : 120 g<br \/>\nCertifi\u00e9 CE, norme EN 20471<br \/>\n2 grandes poches avec fermeture \u00e9clair et suffisamment d&rsquo;espace de rangement<br \/>\n2 poches velcro sur la poitrine<br \/>\n1 poche pour radio ou t\u00e9l\u00e9phone portable avec fermeture velcro<br \/>\nFermeture \u00e9clair<br \/>\nLavable : 40 degr\u00e9s<br \/>\nTailles : S, M, L, XL, 2XL<br \/>\nPour un suppl\u00e9ment, ces gilets fonctionnels sont \u00e9galement disponibles avec les inscriptions \/ l&rsquo;\u00e9tiquette velcro de votre choix \u00e0 partir de 50 pi\u00e8ces. Contactez-nous !<\/p>\n","protected":false},"excerpt":{"rendered":"<p>Gilet fonctionnel (de signalisation) l\u00e9ger en orange \/ noir avec des bandes r\u00e9fl\u00e9chissantes tout autour, facilement reconnaissable m\u00eame dans l&rsquo;obscurit\u00e9 et en cas de mauvaise visibilit\u00e9.<\/p>\n","protected":false},"featured_media":98029,"comment_status":"closed","ping_status":"closed","template":"","meta":{"inline_featured_image":false},"product_brand":[],"product_cat":[1606,2215,1493,1103],"product_tag":[2119,2141,2052],"class_list":{"0":"post-98048","1":"product","2":"type-product","3":"status-publish","4":"has-post-thumbnail","6":"product_cat-vetements-haute-visibilite-et-lumineux","7":"product_cat-vestes_tactiques","8":"product_cat-security-factory-fr","9":"product_cat-vetements","10":"product_tag-gilet-fonctionnel","11":"product_tag-noir","12":"product_tag-orange-fr","14":"first","15":"instock","16":"taxable","17":"shipping-taxable","18":"purchasable","19":"product-type-simple"},"_links":{"self":[{"href":"https:\/\/metal-badge.ch\/fr\/wp-json\/wp\/v2\/product\/98048","targetHints":{"allow":["GET"]}}],"collection":[{"href":"https:\/\/metal-badge.ch\/fr\/wp-json\/wp\/v2\/product"}],"about":[{"href":"https:\/\/metal-badge.ch\/fr\/wp-json\/wp\/v2\/types\/product"}],"replies":[{"embeddable":true,"href":"https:\/\/metal-badge.ch\/fr\/wp-json\/wp\/v2\/comments?post=98048"}],"wp:featuredmedia":[{"embeddable":true,"href":"https:\/\/metal-badge.ch\/fr\/wp-json\/wp\/v2\/media\/98029"}],"wp:attachment":[{"href":"https:\/\/metal-badge.ch\/fr\/wp-json\/wp\/v2\/media?parent=98048"}],"wp:term":[{"taxonomy":"product_brand","embeddable":true,"href":"https:\/\/metal-badge.ch\/fr\/wp-json\/wp\/v2\/product_brand?post=98048"},{"taxonomy":"product_cat","embeddable":true,"href":"https:\/\/metal-badge.ch\/fr\/wp-json\/wp\/v2\/product_cat?post=98048"},{"taxonomy":"product_tag","embeddable":true,"href":"https:\/\/metal-badge.ch\/fr\/wp-json\/wp\/v2\/product_tag?post=98048"}],"curies":[{"name":"wp","href":"https:\/\/api.w.org\/{rel}","templated":true}]}}