{"id":97675,"date":"2021-02-27T09:19:39","date_gmt":"2021-02-27T08:19:40","guid":{"rendered":"https:\/\/shop.metal-badge.ch\/?post_type=product&#038;p=97675"},"modified":"2021-02-28T07:10:59","modified_gmt":"2021-02-28T06:10:59","slug":"badge-de-comite-international-de-la-croix-rouge-croix-rouge-international-cicrsans-etui","status":"publish","type":"product","link":"https:\/\/metal-badge.ch\/fr\/product\/97675\/badge-de-comite-international-de-la-croix-rouge-croix-rouge-international-cicrsans-etui\/","title":{"rendered":"Badge de Comit\u00e9 International de La Croix-Rouge \/ Croix-Rouge International CICR (sans \u00e9tui)"},"content":{"rendered":"<p>Badge de Comit\u00e9 International de La Croix-Rouge \/ Croix-Rouge International CICR sans \u00e9tui ou en bois. Au choix, argent ou or.<br \/>\nGrand badge : 82,5 mm x 55,5 mm \/ badge, poids avec la pince : 58 g<\/p>\n<p>Une grande gamme d&rsquo;\u00e9tuis en cuir est assortie aux badges.<br \/>\n\u200bCliquez sur <a href=\"https:\/\/metal-badge.ch\/fr\/product-category\/metal-badge-fr\/etuis-en-cuir-sans-badge\/\">le lien<\/a> et commandez votre \u00e9tui personnel.<\/p>\n<p>Id\u00e9al \u00e0 offrir ou pour d\u00e9corer: vous trouverez <a href=\"https:\/\/metal-badge.ch\/fr\/product-category\/metal-badge-fr\/bois-place-of-honour\/\">ici<\/a> nos \u00e9l\u00e9gantes variantes en bois et en acrylique \u00e0 poser ou suspendre.<\/p>\n<p>Cette jolie bo\u00eete cadeau en alu argent\u00e9 avec fen\u00eatre est comprise dans le prix.<\/p>\n","protected":false},"excerpt":{"rendered":"<p>Badge de Comit\u00e9 International de La Croix-Rouge \/ Croix-Rouge International CICR sans \u00e9tui ou en bois. Au choix, argent ou or. Grand badge : 82,5 mm x 55,5 mm \/ badge, poids avec la pince : 58 g Une grande gamme d&rsquo;\u00e9tuis en cuir est assortie aux badges. \u200bCliquez sur le lien et commandez votre [&hellip;]<\/p>\n","protected":false},"featured_media":97718,"comment_status":"open","ping_status":"closed","template":"","meta":{"inline_featured_image":false},"product_brand":[],"product_cat":[2132],"product_tag":[],"class_list":{"0":"post-97675","1":"product","2":"type-product","3":"status-publish","4":"has-post-thumbnail","6":"product_cat-comite-international-de-la-croix-rouge-croix-rouge-international-cicr","8":"first","9":"instock","10":"taxable","11":"shipping-taxable","12":"purchasable","13":"product-type-simple"},"_links":{"self":[{"href":"https:\/\/metal-badge.ch\/fr\/wp-json\/wp\/v2\/product\/97675","targetHints":{"allow":["GET"]}}],"collection":[{"href":"https:\/\/metal-badge.ch\/fr\/wp-json\/wp\/v2\/product"}],"about":[{"href":"https:\/\/metal-badge.ch\/fr\/wp-json\/wp\/v2\/types\/product"}],"replies":[{"embeddable":true,"href":"https:\/\/metal-badge.ch\/fr\/wp-json\/wp\/v2\/comments?post=97675"}],"wp:featuredmedia":[{"embeddable":true,"href":"https:\/\/metal-badge.ch\/fr\/wp-json\/wp\/v2\/media\/97718"}],"wp:attachment":[{"href":"https:\/\/metal-badge.ch\/fr\/wp-json\/wp\/v2\/media?parent=97675"}],"wp:term":[{"taxonomy":"product_brand","embeddable":true,"href":"https:\/\/metal-badge.ch\/fr\/wp-json\/wp\/v2\/product_brand?post=97675"},{"taxonomy":"product_cat","embeddable":true,"href":"https:\/\/metal-badge.ch\/fr\/wp-json\/wp\/v2\/product_cat?post=97675"},{"taxonomy":"product_tag","embeddable":true,"href":"https:\/\/metal-badge.ch\/fr\/wp-json\/wp\/v2\/product_tag?post=97675"}],"curies":[{"name":"wp","href":"https:\/\/api.w.org\/{rel}","templated":true}]}}