{"id":97593,"date":"2021-02-26T11:36:33","date_gmt":"2021-04-25T00:27:04","guid":{"rendered":"https:\/\/shop.metal-badge.ch\/?post_type=product&#038;p=97593"},"modified":"2023-04-01T13:28:17","modified_gmt":"2023-04-01T11:28:17","slug":"gilet-de-signalisation-orange-avec-led-a-3-niveaux-de-reflexion","status":"publish","type":"product","link":"https:\/\/metal-badge.ch\/fr\/product\/97593\/gilet-de-signalisation-orange-avec-led-a-3-niveaux-de-reflexion\/","title":{"rendered":"Gilet de signalisation orange avec LED \u00e0 3 niveaux de r\u00e9flexion"},"content":{"rendered":"<p>Pour une visibilit\u00e9 maximale, que ce soit en courant, en faisant du jogging ou dans la circulation, ce gilet de signalisation orange est \u00e9quip\u00e9 de 16 LED rouges int\u00e9gr\u00e9es avec des bandes r\u00e9fl\u00e9chissantes en PVC sur tout le pourtour. Le gilet est facile \u00e0 utiliser gr\u00e2ce \u00e0 deux piles AA plac\u00e9es dans la petite poche int\u00e9rieure. Il y a 3 niveaux disponibles : deux clignotants et un \u00e9clairage permanent.<br \/>\nLes bandes jaunes r\u00e9fl\u00e9chissantes de 5 cm de large et cousues sont visibles m\u00eame en cas de mauvaise visibilit\u00e9 et la nuit jusqu&rsquo;\u00e0 300 m. Le gilet peut aussi \u00eatre port\u00e9 par-dessus une veste et est particuli\u00e8rement adapt\u00e9 en \u00e9t\u00e9, lorsqu&rsquo;il fait tr\u00e8s chaud, gr\u00e2ce au tissu \u00e0 mailles l\u00e9g\u00e8res. Le gilet d&rsquo;avertissement se glisse dans presque toutes les poches de pantalon et peut \u00e9galement \u00eatre lav\u00e9 gr\u00e2ce au mat\u00e9riau en polyester. Le gilet est \u00e9quip\u00e9 de velcro des deux c\u00f4t\u00e9s et peut donc \u00eatre adapt\u00e9 \u00e0 la personne qui le porte. Ce gilet de s\u00e9curit\u00e9 est ferm\u00e9 \u00e0 l&rsquo;avant par une fermeture velcro.<\/p>\n<p><strong>Informations du produit :<\/strong><br \/>\nWX-V3000<br \/>\nCouleur du gilet : orange<br \/>\nTest\u00e9 selon la norme EN 471<br \/>\nPoids : 110 g sans piles<br \/>\nMati\u00e8re : Tissu maill\u00e9 100 % polyester<br \/>\nLavable<br \/>\nPiles : 2x AA<br \/>\nLes 16 LED rouges peuvent \u00eatre command\u00e9es par 3 modes en appuyant simplement sur un bouton<br \/>\nBandes lumineuses : Larges bandes de PVC jaunes cousues sur tout le pourtour d&rsquo;une largeur de 5 cm<br \/>\nFermeture avant : Fermeture par velcro<br \/>\nLe gilet peut \u00eatre adapt\u00e9 au porteur gr\u00e2ce \u00e0 des fermetures velcro lat\u00e9rales<br \/>\nTailles : S \/ M \/ L \/ XL \/ 2XL<\/p>\n","protected":false},"excerpt":{"rendered":"<p>Pour une visibilit\u00e9 maximale, que ce soit en courant, en faisant du jogging ou dans la circulation, ce gilet de signalisation orange est \u00e9quip\u00e9 de 16 LED rouges int\u00e9gr\u00e9es avec des bandes r\u00e9fl\u00e9chissantes en PVC sur tout le pourtour.<\/p>\n","protected":false},"featured_media":97553,"comment_status":"closed","ping_status":"closed","template":"","meta":{"inline_featured_image":false},"product_brand":[],"product_cat":[1606,2215,1493,1103],"product_tag":[2115,1993,2052],"class_list":{"0":"post-97593","1":"product","2":"type-product","3":"status-publish","4":"has-post-thumbnail","6":"product_cat-vetements-haute-visibilite-et-lumineux","7":"product_cat-vestes_tactiques","8":"product_cat-security-factory-fr","9":"product_cat-vetements","10":"product_tag-gilet-davertissement","11":"product_tag-led-fr","12":"product_tag-orange-fr","14":"first","15":"instock","16":"taxable","17":"shipping-taxable","18":"purchasable","19":"product-type-simple"},"_links":{"self":[{"href":"https:\/\/metal-badge.ch\/fr\/wp-json\/wp\/v2\/product\/97593","targetHints":{"allow":["GET"]}}],"collection":[{"href":"https:\/\/metal-badge.ch\/fr\/wp-json\/wp\/v2\/product"}],"about":[{"href":"https:\/\/metal-badge.ch\/fr\/wp-json\/wp\/v2\/types\/product"}],"replies":[{"embeddable":true,"href":"https:\/\/metal-badge.ch\/fr\/wp-json\/wp\/v2\/comments?post=97593"}],"wp:featuredmedia":[{"embeddable":true,"href":"https:\/\/metal-badge.ch\/fr\/wp-json\/wp\/v2\/media\/97553"}],"wp:attachment":[{"href":"https:\/\/metal-badge.ch\/fr\/wp-json\/wp\/v2\/media?parent=97593"}],"wp:term":[{"taxonomy":"product_brand","embeddable":true,"href":"https:\/\/metal-badge.ch\/fr\/wp-json\/wp\/v2\/product_brand?post=97593"},{"taxonomy":"product_cat","embeddable":true,"href":"https:\/\/metal-badge.ch\/fr\/wp-json\/wp\/v2\/product_cat?post=97593"},{"taxonomy":"product_tag","embeddable":true,"href":"https:\/\/metal-badge.ch\/fr\/wp-json\/wp\/v2\/product_tag?post=97593"}],"curies":[{"name":"wp","href":"https:\/\/api.w.org\/{rel}","templated":true}]}}