{"id":97548,"date":"2021-02-26T10:22:03","date_gmt":"2021-04-24T23:07:13","guid":{"rendered":"https:\/\/shop.metal-badge.ch\/?post_type=product&#038;p=97548"},"modified":"2022-03-07T10:46:24","modified_gmt":"2022-03-07T09:46:24","slug":"gilet-fonctionnel-blanc-avec-bandes-reflechissantes","status":"publish","type":"product","link":"https:\/\/metal-badge.ch\/fr\/product\/97548\/gilet-fonctionnel-blanc-avec-bandes-reflechissantes\/","title":{"rendered":"Gilet fonctionnel blanc avec bandes r\u00e9fl\u00e9chissantes"},"content":{"rendered":"<p>Gilet fonctionnel (de signalisation) blanc tr\u00e8s l\u00e9ger. Gr\u00e2ce aux bandes r\u00e9fl\u00e9chissantes tout autour, il est facilement reconnaissable m\u00eame dans l&rsquo;obscurit\u00e9 et en cas de mauvaise visibilit\u00e9. Avec un poids de 120 g seulement, ce gilet se glisse dans presque toutes les poches de pantalon. Le gilet est facile d&rsquo;entretien et lavable.<\/p>\n<p><strong>Informations du produit :<\/strong><br \/>\nWX-V1002<br \/>\nCouleur : blanc<br \/>\nBandes r\u00e9fl\u00e9chissantes : Bandes sur toute la circonf\u00e9rence \u00e0 haute visibilit\u00e9 de 5 cm de large<br \/>\nMati\u00e8re : 100 % polyester<br \/>\nPoids : 120 g<br \/>\nCertifi\u00e9 CE, norme EN 20471<br \/>\nFermeture avant \u00e0 velcro<br \/>\nLavable : 40 degr\u00e9s<br \/>\nTailles : S, M, L, XL, 2XL<br \/>\nPour un suppl\u00e9ment, ces gilets fonctionnels sont \u00e9galement disponibles avec les inscriptions \/ l&rsquo;\u00e9tiquette velcro de votre choix \u00e0 partir de 50 pi\u00e8ces. Contactez-nous !<\/p>\n","protected":false},"excerpt":{"rendered":"<p>Gilet fonctionnel (de signalisation) blanc tr\u00e8s l\u00e9ger. Gr\u00e2ce aux bandes r\u00e9fl\u00e9chissantes tout autour, il est facilement reconnaissable m\u00eame dans l&rsquo;obscurit\u00e9 et en cas de mauvaise visibilit\u00e9.<\/p>\n","protected":false},"featured_media":97533,"comment_status":"closed","ping_status":"closed","template":"","meta":{"inline_featured_image":false},"product_brand":[],"product_cat":[1606,2215,1493,1103],"product_tag":[2124,2119],"class_list":{"0":"post-97548","1":"product","2":"type-product","3":"status-publish","4":"has-post-thumbnail","6":"product_cat-vetements-haute-visibilite-et-lumineux","7":"product_cat-vestes_tactiques","8":"product_cat-security-factory-fr","9":"product_cat-vetements","10":"product_tag-blanc","11":"product_tag-gilet-fonctionnel","13":"first","14":"instock","15":"taxable","16":"shipping-taxable","17":"purchasable","18":"product-type-simple"},"_links":{"self":[{"href":"https:\/\/metal-badge.ch\/fr\/wp-json\/wp\/v2\/product\/97548","targetHints":{"allow":["GET"]}}],"collection":[{"href":"https:\/\/metal-badge.ch\/fr\/wp-json\/wp\/v2\/product"}],"about":[{"href":"https:\/\/metal-badge.ch\/fr\/wp-json\/wp\/v2\/types\/product"}],"replies":[{"embeddable":true,"href":"https:\/\/metal-badge.ch\/fr\/wp-json\/wp\/v2\/comments?post=97548"}],"wp:featuredmedia":[{"embeddable":true,"href":"https:\/\/metal-badge.ch\/fr\/wp-json\/wp\/v2\/media\/97533"}],"wp:attachment":[{"href":"https:\/\/metal-badge.ch\/fr\/wp-json\/wp\/v2\/media?parent=97548"}],"wp:term":[{"taxonomy":"product_brand","embeddable":true,"href":"https:\/\/metal-badge.ch\/fr\/wp-json\/wp\/v2\/product_brand?post=97548"},{"taxonomy":"product_cat","embeddable":true,"href":"https:\/\/metal-badge.ch\/fr\/wp-json\/wp\/v2\/product_cat?post=97548"},{"taxonomy":"product_tag","embeddable":true,"href":"https:\/\/metal-badge.ch\/fr\/wp-json\/wp\/v2\/product_tag?post=97548"}],"curies":[{"name":"wp","href":"https:\/\/api.w.org\/{rel}","templated":true}]}}