{"id":97528,"date":"2021-02-26T09:57:31","date_gmt":"2021-04-24T21:54:51","guid":{"rendered":"https:\/\/shop.metal-badge.ch\/?post_type=product&#038;p=97528"},"modified":"2022-03-07T10:37:09","modified_gmt":"2022-03-07T09:37:09","slug":"gilet-fonctionnel-de-signalisation","status":"publish","type":"product","link":"https:\/\/metal-badge.ch\/fr\/product\/97528\/gilet-fonctionnel-de-signalisation\/","title":{"rendered":"Gilet fonctionnel \/ de signalisation"},"content":{"rendered":"<p>Ce gilet fonctionnel (de signalisation) est tr\u00e8s l\u00e9ger avec un poids de 120 g seulement et \u00e9quip\u00e9 de quatre poches pratiques. Gr\u00e2ce \u00e0 la combinaison de couleurs jaune de signalisation avec des bandes r\u00e9fl\u00e9chissantes tout autour, il est facilement reconnaissable m\u00eame dans l&rsquo;obscurit\u00e9 et en cas de mauvaise visibilit\u00e9. Ce gilet peut \u00eatre rang\u00e9 dans presque toutes les poches de pantalon. Le gilet est facile d&rsquo;entretien et lavable.<\/p>\n<p><strong>Informations du produit :<\/strong><br \/>\nWX-V2012<br \/>\nCouleur : noir \/ jaune, r\u00e9fl\u00e9chissant<br \/>\nBandes r\u00e9fl\u00e9chissantes : Bandes sur toute la circonf\u00e9rence \u00e0 haute visibilit\u00e9 de 7 cm de large<br \/>\nMati\u00e8re : Tissu maill\u00e9 fin 100 % polyester<br \/>\nPoids : 120 g<br \/>\nCertifi\u00e9 CE, norme EN 20471<br \/>\n2 grandes poches sur la poitrine<br \/>\n2 grandes poches \u00e0 velcro avec un espace de rangement suffisant<br \/>\nFermeture \u00e9clair avant noire<br \/>\nLavable : 40 degr\u00e9s<br \/>\nBoucles radio pour l&rsquo;accrochage du micro des deux c\u00f4t\u00e9s.<br \/>\nTailles : S, M, L, XL, 2XL<br \/>\nPour un suppl\u00e9ment, ces gilets fonctionnels sont \u00e9galement disponibles avec les inscriptions \/ l&rsquo;\u00e9tiquette velcro de votre choix \u00e0 partir de 50 pi\u00e8ces. Contactez-nous !<\/p>\n","protected":false},"excerpt":{"rendered":"<p>Ce gilet fonctionnel est tr\u00e8s l\u00e9ger avec un poids de 120 g seulement et \u00e9quip\u00e9 de quatre poches pratiques.<\/p>\n","protected":false},"featured_media":97501,"comment_status":"closed","ping_status":"closed","template":"","meta":{"inline_featured_image":false},"product_brand":[],"product_cat":[1606,2215,1493,1103],"product_tag":[2119,2048],"class_list":{"0":"post-97528","1":"product","2":"type-product","3":"status-publish","4":"has-post-thumbnail","6":"product_cat-vetements-haute-visibilite-et-lumineux","7":"product_cat-vestes_tactiques","8":"product_cat-security-factory-fr","9":"product_cat-vetements","10":"product_tag-gilet-fonctionnel","11":"product_tag-jaune","13":"first","14":"instock","15":"taxable","16":"shipping-taxable","17":"purchasable","18":"product-type-simple"},"_links":{"self":[{"href":"https:\/\/metal-badge.ch\/fr\/wp-json\/wp\/v2\/product\/97528","targetHints":{"allow":["GET"]}}],"collection":[{"href":"https:\/\/metal-badge.ch\/fr\/wp-json\/wp\/v2\/product"}],"about":[{"href":"https:\/\/metal-badge.ch\/fr\/wp-json\/wp\/v2\/types\/product"}],"replies":[{"embeddable":true,"href":"https:\/\/metal-badge.ch\/fr\/wp-json\/wp\/v2\/comments?post=97528"}],"wp:featuredmedia":[{"embeddable":true,"href":"https:\/\/metal-badge.ch\/fr\/wp-json\/wp\/v2\/media\/97501"}],"wp:attachment":[{"href":"https:\/\/metal-badge.ch\/fr\/wp-json\/wp\/v2\/media?parent=97528"}],"wp:term":[{"taxonomy":"product_brand","embeddable":true,"href":"https:\/\/metal-badge.ch\/fr\/wp-json\/wp\/v2\/product_brand?post=97528"},{"taxonomy":"product_cat","embeddable":true,"href":"https:\/\/metal-badge.ch\/fr\/wp-json\/wp\/v2\/product_cat?post=97528"},{"taxonomy":"product_tag","embeddable":true,"href":"https:\/\/metal-badge.ch\/fr\/wp-json\/wp\/v2\/product_tag?post=97528"}],"curies":[{"name":"wp","href":"https:\/\/api.w.org\/{rel}","templated":true}]}}