{"id":97496,"date":"2021-02-26T09:20:41","date_gmt":"2021-04-25T00:45:11","guid":{"rendered":"https:\/\/shop.metal-badge.ch\/?post_type=product&#038;p=97496"},"modified":"2023-04-01T13:29:33","modified_gmt":"2023-04-01T11:29:33","slug":"gilet-davertissement-en-tissu-maille-noir-avec-bandes-reflechissantes-jaunes","status":"publish","type":"product","link":"https:\/\/metal-badge.ch\/fr\/product\/97496\/gilet-davertissement-en-tissu-maille-noir-avec-bandes-reflechissantes-jaunes\/","title":{"rendered":"Gilet d&rsquo;avertissement en tissu maill\u00e9 noir avec bandes r\u00e9fl\u00e9chissantes jaunes"},"content":{"rendered":"<p>Pour une visibilit\u00e9 maximale, ce gilet noir en tissu maill\u00e9 est \u00e9quip\u00e9 de bandes r\u00e9fl\u00e9chissantes de ruban PVC sur tout le pourtour. Les bandes r\u00e9fl\u00e9chissantes de 5 cm de large et cousues sont visibles m\u00eame en cas de mauvaise visibilit\u00e9 et la nuit jusqu&rsquo;\u00e0 300 m. Le gilet peut facilement \u00eatre port\u00e9 par-dessus une veste et est particuli\u00e8rement adapt\u00e9 en \u00e9t\u00e9, lorsqu&rsquo;il fait tr\u00e8s chaud, gr\u00e2ce au tissu \u00e0 mailles l\u00e9g\u00e8res. Le gilet d&rsquo;avertissement se glisse dans presque toutes les poches de pantalon et peut \u00e9galement \u00eatre lav\u00e9 gr\u00e2ce au mat\u00e9riau en polyester. Le gilet est \u00e9quip\u00e9 de velcro des deux c\u00f4t\u00e9s et peut donc \u00eatre adapt\u00e9 \u00e0 la personne qui le porte. Ce gilet de s\u00e9curit\u00e9 est ferm\u00e9 \u00e0 l&rsquo;avant par une fermeture velcro.<\/p>\n<p><strong>Informations du produit :<\/strong><br \/>\nWX-V1006<br \/>\nCouleur : maille de polyester noire avec bandes r\u00e9fl\u00e9chissantes jaunes<br \/>\nTest\u00e9 selon la norme EN 471<br \/>\nPoids : 110 g.<br \/>\nMati\u00e8re : Tissu maill\u00e9 noir 100 % polyester<br \/>\nBandes lumineuses : Bandes de PVC cousues sur tout le pourtour d&rsquo;une largeur de 5 cm<br \/>\nFermeture avant : Fermeture par velcro<br \/>\nLe gilet peut \u00eatre adapt\u00e9 au porteur gr\u00e2ce \u00e0 des fermetures velcro lat\u00e9rales<br \/>\nTailles : S \/ M \/ L \/ XL \/ 2XL<\/p>\n","protected":false},"excerpt":{"rendered":"<p>Pour une visibilit\u00e9 maximale, ce gilet noir en tissu maill\u00e9 est \u00e9quip\u00e9 de bandes r\u00e9fl\u00e9chissantes de ruban PVC sur tout le pourtour.<\/p>\n","protected":false},"featured_media":97481,"comment_status":"closed","ping_status":"closed","template":"","meta":{"inline_featured_image":false},"product_brand":[],"product_cat":[1493,2215,1103,1606],"product_tag":[2115,2114,2048],"class_list":{"0":"post-97496","1":"product","2":"type-product","3":"status-publish","4":"has-post-thumbnail","6":"product_cat-security-factory-fr","7":"product_cat-vestes_tactiques","8":"product_cat-vetements","9":"product_cat-vetements-haute-visibilite-et-lumineux","10":"product_tag-gilet-davertissement","11":"product_tag-gilet-reflechissant","12":"product_tag-jaune","14":"first","15":"instock","16":"taxable","17":"shipping-taxable","18":"purchasable","19":"product-type-simple"},"_links":{"self":[{"href":"https:\/\/metal-badge.ch\/fr\/wp-json\/wp\/v2\/product\/97496","targetHints":{"allow":["GET"]}}],"collection":[{"href":"https:\/\/metal-badge.ch\/fr\/wp-json\/wp\/v2\/product"}],"about":[{"href":"https:\/\/metal-badge.ch\/fr\/wp-json\/wp\/v2\/types\/product"}],"replies":[{"embeddable":true,"href":"https:\/\/metal-badge.ch\/fr\/wp-json\/wp\/v2\/comments?post=97496"}],"wp:featuredmedia":[{"embeddable":true,"href":"https:\/\/metal-badge.ch\/fr\/wp-json\/wp\/v2\/media\/97481"}],"wp:attachment":[{"href":"https:\/\/metal-badge.ch\/fr\/wp-json\/wp\/v2\/media?parent=97496"}],"wp:term":[{"taxonomy":"product_brand","embeddable":true,"href":"https:\/\/metal-badge.ch\/fr\/wp-json\/wp\/v2\/product_brand?post=97496"},{"taxonomy":"product_cat","embeddable":true,"href":"https:\/\/metal-badge.ch\/fr\/wp-json\/wp\/v2\/product_cat?post=97496"},{"taxonomy":"product_tag","embeddable":true,"href":"https:\/\/metal-badge.ch\/fr\/wp-json\/wp\/v2\/product_tag?post=97496"}],"curies":[{"name":"wp","href":"https:\/\/api.w.org\/{rel}","templated":true}]}}